{"id":8168,"date":"2024-11-13T15:58:28","date_gmt":"2024-11-13T14:58:28","guid":{"rendered":"https:\/\/vadrouilles.xyz\/?page_id=8168"},"modified":"2025-10-14T18:52:47","modified_gmt":"2025-10-14T17:52:47","slug":"lituanie","status":"publish","type":"page","link":"https:\/\/vadrouilles.xyz\/?page_id=8168","title":{"rendered":"Lituanie"},"content":{"rendered":"\n<p><strong>Ao\u00fbt 2023<\/strong><\/p>\n\n\n\n<p>Travers\u00e9e du nord au sud : <a href=\"https:\/\/vadrouilles.xyz\/?p=1976\" data-type=\"post\" data-id=\"1976\">Trilogie balte, \u00e9pisode 3<\/a> \/ <a href=\"https:\/\/vadrouilles.xyz\/?p=2056\" data-type=\"post\" data-id=\"2056\">Le\u00e7on du jour III<\/a> \/ <a href=\"https:\/\/vadrouilles.xyz\/?p=2068\" data-type=\"post\" data-id=\"2068\">La reine des serpents<\/a> \/ <a href=\"https:\/\/vadrouilles.xyz\/?p=2078\" data-type=\"post\" data-id=\"2078\">Une utopie dans la ville, bis<\/a> \/ <a href=\"https:\/\/vadrouilles.xyz\/?p=2092\" data-type=\"post\" data-id=\"2092\">D\u00e9ambulations baroques<\/a> \/ <a href=\"https:\/\/vadrouilles.xyz\/?p=2118\" data-type=\"post\" data-id=\"2118\">Fervents supporters<\/a> \/ <a href=\"https:\/\/vadrouilles.xyz\/?p=2128\" data-type=\"post\" data-id=\"2128\">Trois pour le prix d\u2019un<\/a><\/p>\n\n\n\n<figure class=\"wp-block-gallery has-nested-images columns-2 wp-block-gallery-1 is-layout-flex wp-block-gallery-is-layout-flex\">\n<figure class=\"wp-block-image size-large\"><a href=\"https:\/\/vadrouilles.xyz\/wp-content\/uploads\/2024\/11\/PXL_20230823_085559289-scaled.jpg\"><img loading=\"lazy\" decoding=\"async\" width=\"1024\" height=\"771\" data-id=\"8227\" src=\"https:\/\/vadrouilles.xyz\/wp-content\/uploads\/2024\/11\/PXL_20230823_085559289-1024x771.jpg\" alt=\"\" class=\"wp-image-8227\" srcset=\"https:\/\/vadrouilles.xyz\/wp-content\/uploads\/2024\/11\/PXL_20230823_085559289-1024x771.jpg 1024w, https:\/\/vadrouilles.xyz\/wp-content\/uploads\/2024\/11\/PXL_20230823_085559289-300x226.jpg 300w, https:\/\/vadrouilles.xyz\/wp-content\/uploads\/2024\/11\/PXL_20230823_085559289-768x578.jpg 768w, https:\/\/vadrouilles.xyz\/wp-content\/uploads\/2024\/11\/PXL_20230823_085559289-1536x1157.jpg 1536w, https:\/\/vadrouilles.xyz\/wp-content\/uploads\/2024\/11\/PXL_20230823_085559289-2048x1542.jpg 2048w\" sizes=\"auto, (max-width: 1024px) 100vw, 1024px\" \/><\/a><figcaption class=\"wp-element-caption\">Sur la route &#8211; 23\/08\/23<\/figcaption><\/figure>\n\n\n\n<figure class=\"wp-block-image size-large\"><a href=\"https:\/\/vadrouilles.xyz\/wp-content\/uploads\/2023\/08\/PXL_20230823_142737394-scaled.jpg\"><img loading=\"lazy\" decoding=\"async\" width=\"1024\" height=\"771\" data-id=\"2063\" src=\"https:\/\/vadrouilles.xyz\/wp-content\/uploads\/2023\/08\/PXL_20230823_142737394-1024x771.jpg\" alt=\"\" class=\"wp-image-2063\" srcset=\"https:\/\/vadrouilles.xyz\/wp-content\/uploads\/2023\/08\/PXL_20230823_142737394-1024x771.jpg 1024w, https:\/\/vadrouilles.xyz\/wp-content\/uploads\/2023\/08\/PXL_20230823_142737394-300x226.jpg 300w, https:\/\/vadrouilles.xyz\/wp-content\/uploads\/2023\/08\/PXL_20230823_142737394-768x578.jpg 768w, https:\/\/vadrouilles.xyz\/wp-content\/uploads\/2023\/08\/PXL_20230823_142737394-1536x1157.jpg 1536w, https:\/\/vadrouilles.xyz\/wp-content\/uploads\/2023\/08\/PXL_20230823_142737394-2048x1542.jpg 2048w\" sizes=\"auto, (max-width: 1024px) 100vw, 1024px\" \/><\/a><figcaption class=\"wp-element-caption\">Anyk\u0161\u010diai &#8211; 23\/08\/23<\/figcaption><\/figure>\n\n\n\n<figure class=\"wp-block-image size-large\"><a href=\"https:\/\/vadrouilles.xyz\/wp-content\/uploads\/2023\/08\/PXL_20230824_140124528-scaled.jpg\"><img loading=\"lazy\" decoding=\"async\" width=\"1024\" height=\"771\" data-id=\"2075\" src=\"https:\/\/vadrouilles.xyz\/wp-content\/uploads\/2023\/08\/PXL_20230824_140124528-1024x771.jpg\" alt=\"\" class=\"wp-image-2075\" srcset=\"https:\/\/vadrouilles.xyz\/wp-content\/uploads\/2023\/08\/PXL_20230824_140124528-1024x771.jpg 1024w, https:\/\/vadrouilles.xyz\/wp-content\/uploads\/2023\/08\/PXL_20230824_140124528-300x226.jpg 300w, https:\/\/vadrouilles.xyz\/wp-content\/uploads\/2023\/08\/PXL_20230824_140124528-768x578.jpg 768w, https:\/\/vadrouilles.xyz\/wp-content\/uploads\/2023\/08\/PXL_20230824_140124528-1536x1157.jpg 1536w, https:\/\/vadrouilles.xyz\/wp-content\/uploads\/2023\/08\/PXL_20230824_140124528-2048x1542.jpg 2048w\" sizes=\"auto, (max-width: 1024px) 100vw, 1024px\" \/><\/a><figcaption class=\"wp-element-caption\">Mol\u0117tai &#8211; 24\/08\/23<\/figcaption><\/figure>\n\n\n\n<figure class=\"wp-block-image size-large\"><a href=\"https:\/\/vadrouilles.xyz\/wp-content\/uploads\/2023\/08\/PXL_20230826_080039750-scaled.jpg\"><img loading=\"lazy\" decoding=\"async\" width=\"1024\" height=\"771\" data-id=\"2098\" src=\"https:\/\/vadrouilles.xyz\/wp-content\/uploads\/2023\/08\/PXL_20230826_080039750-1024x771.jpg\" alt=\"\" class=\"wp-image-2098\" srcset=\"https:\/\/vadrouilles.xyz\/wp-content\/uploads\/2023\/08\/PXL_20230826_080039750-1024x771.jpg 1024w, https:\/\/vadrouilles.xyz\/wp-content\/uploads\/2023\/08\/PXL_20230826_080039750-300x226.jpg 300w, https:\/\/vadrouilles.xyz\/wp-content\/uploads\/2023\/08\/PXL_20230826_080039750-768x578.jpg 768w, https:\/\/vadrouilles.xyz\/wp-content\/uploads\/2023\/08\/PXL_20230826_080039750-1536x1157.jpg 1536w, https:\/\/vadrouilles.xyz\/wp-content\/uploads\/2023\/08\/PXL_20230826_080039750-2048x1542.jpg 2048w\" sizes=\"auto, (max-width: 1024px) 100vw, 1024px\" \/><\/a><figcaption class=\"wp-element-caption\">Vilnius &#8211; 26\/08\/23<\/figcaption><\/figure>\n\n\n\n<figure class=\"wp-block-image size-large\"><a href=\"https:\/\/vadrouilles.xyz\/wp-content\/uploads\/2023\/08\/PXL_20230822_092429895-scaled.jpg\"><img loading=\"lazy\" decoding=\"async\" width=\"771\" height=\"1024\" data-id=\"1980\" src=\"https:\/\/vadrouilles.xyz\/wp-content\/uploads\/2023\/08\/PXL_20230822_092429895-771x1024.jpg\" alt=\"\" class=\"wp-image-1980\" srcset=\"https:\/\/vadrouilles.xyz\/wp-content\/uploads\/2023\/08\/PXL_20230822_092429895-771x1024.jpg 771w, https:\/\/vadrouilles.xyz\/wp-content\/uploads\/2023\/08\/PXL_20230822_092429895-226x300.jpg 226w, https:\/\/vadrouilles.xyz\/wp-content\/uploads\/2023\/08\/PXL_20230822_092429895-768x1020.jpg 768w, https:\/\/vadrouilles.xyz\/wp-content\/uploads\/2023\/08\/PXL_20230822_092429895-1157x1536.jpg 1157w, https:\/\/vadrouilles.xyz\/wp-content\/uploads\/2023\/08\/PXL_20230822_092429895-1542x2048.jpg 1542w, https:\/\/vadrouilles.xyz\/wp-content\/uploads\/2023\/08\/PXL_20230822_092429895-scaled.jpg 1928w\" sizes=\"auto, (max-width: 771px) 100vw, 771px\" \/><\/a><figcaption class=\"wp-element-caption\">Perchoir &#8211; 22\/08\/23<\/figcaption><\/figure>\n\n\n\n<figure class=\"wp-block-image size-large\"><a href=\"https:\/\/vadrouilles.xyz\/wp-content\/uploads\/2023\/08\/PXL_20230825_143749310-scaled.jpg\"><img loading=\"lazy\" decoding=\"async\" width=\"771\" height=\"1024\" data-id=\"2083\" src=\"https:\/\/vadrouilles.xyz\/wp-content\/uploads\/2023\/08\/PXL_20230825_143749310-771x1024.jpg\" alt=\"\" class=\"wp-image-2083\" srcset=\"https:\/\/vadrouilles.xyz\/wp-content\/uploads\/2023\/08\/PXL_20230825_143749310-771x1024.jpg 771w, https:\/\/vadrouilles.xyz\/wp-content\/uploads\/2023\/08\/PXL_20230825_143749310-226x300.jpg 226w, https:\/\/vadrouilles.xyz\/wp-content\/uploads\/2023\/08\/PXL_20230825_143749310-768x1020.jpg 768w, https:\/\/vadrouilles.xyz\/wp-content\/uploads\/2023\/08\/PXL_20230825_143749310-1157x1536.jpg 1157w, https:\/\/vadrouilles.xyz\/wp-content\/uploads\/2023\/08\/PXL_20230825_143749310-1542x2048.jpg 1542w, https:\/\/vadrouilles.xyz\/wp-content\/uploads\/2023\/08\/PXL_20230825_143749310-scaled.jpg 1928w\" sizes=\"auto, (max-width: 771px) 100vw, 771px\" \/><\/a><figcaption class=\"wp-element-caption\">R\u00e9publique d&rsquo;Uzupis (Vilnius) &#8211; 25\/08\/23<\/figcaption><\/figure>\n\n\n\n<figure class=\"wp-block-image size-large\"><a href=\"https:\/\/vadrouilles.xyz\/wp-content\/uploads\/2023\/08\/PXL_20230826_094639253-scaled.jpg\"><img loading=\"lazy\" decoding=\"async\" width=\"771\" height=\"1024\" data-id=\"2104\" src=\"https:\/\/vadrouilles.xyz\/wp-content\/uploads\/2023\/08\/PXL_20230826_094639253-771x1024.jpg\" alt=\"\" class=\"wp-image-2104\" srcset=\"https:\/\/vadrouilles.xyz\/wp-content\/uploads\/2023\/08\/PXL_20230826_094639253-771x1024.jpg 771w, https:\/\/vadrouilles.xyz\/wp-content\/uploads\/2023\/08\/PXL_20230826_094639253-226x300.jpg 226w, https:\/\/vadrouilles.xyz\/wp-content\/uploads\/2023\/08\/PXL_20230826_094639253-768x1020.jpg 768w, https:\/\/vadrouilles.xyz\/wp-content\/uploads\/2023\/08\/PXL_20230826_094639253-1157x1536.jpg 1157w, https:\/\/vadrouilles.xyz\/wp-content\/uploads\/2023\/08\/PXL_20230826_094639253-1542x2048.jpg 1542w, https:\/\/vadrouilles.xyz\/wp-content\/uploads\/2023\/08\/PXL_20230826_094639253-scaled.jpg 1928w\" sizes=\"auto, (max-width: 771px) 100vw, 771px\" \/><\/a><figcaption class=\"wp-element-caption\">Vilnius &#8211; 26\/08\/23<\/figcaption><\/figure>\n\n\n\n<figure class=\"wp-block-image size-large\"><a href=\"https:\/\/vadrouilles.xyz\/wp-content\/uploads\/2023\/08\/PXL_20230828_132609173-scaled.jpg\"><img loading=\"lazy\" decoding=\"async\" width=\"771\" height=\"1024\" data-id=\"2135\" src=\"https:\/\/vadrouilles.xyz\/wp-content\/uploads\/2023\/08\/PXL_20230828_132609173-771x1024.jpg\" alt=\"\" class=\"wp-image-2135\" srcset=\"https:\/\/vadrouilles.xyz\/wp-content\/uploads\/2023\/08\/PXL_20230828_132609173-771x1024.jpg 771w, https:\/\/vadrouilles.xyz\/wp-content\/uploads\/2023\/08\/PXL_20230828_132609173-226x300.jpg 226w, https:\/\/vadrouilles.xyz\/wp-content\/uploads\/2023\/08\/PXL_20230828_132609173-768x1020.jpg 768w, https:\/\/vadrouilles.xyz\/wp-content\/uploads\/2023\/08\/PXL_20230828_132609173-1157x1536.jpg 1157w, https:\/\/vadrouilles.xyz\/wp-content\/uploads\/2023\/08\/PXL_20230828_132609173-1542x2048.jpg 1542w, https:\/\/vadrouilles.xyz\/wp-content\/uploads\/2023\/08\/PXL_20230828_132609173-scaled.jpg 1928w\" sizes=\"auto, (max-width: 771px) 100vw, 771px\" \/><\/a><figcaption class=\"wp-element-caption\">Druskininkai &#8211; 28\/08\/23<\/figcaption><\/figure>\n\n\n\n<figure class=\"wp-block-image size-large\"><a href=\"https:\/\/vadrouilles.xyz\/wp-content\/uploads\/2023\/08\/PXL_20230828_141035261-scaled.jpg\"><img loading=\"lazy\" decoding=\"async\" width=\"1024\" height=\"771\" data-id=\"2139\" src=\"https:\/\/vadrouilles.xyz\/wp-content\/uploads\/2023\/08\/PXL_20230828_141035261-1024x771.jpg\" alt=\"\" class=\"wp-image-2139\" srcset=\"https:\/\/vadrouilles.xyz\/wp-content\/uploads\/2023\/08\/PXL_20230828_141035261-1024x771.jpg 1024w, https:\/\/vadrouilles.xyz\/wp-content\/uploads\/2023\/08\/PXL_20230828_141035261-300x226.jpg 300w, https:\/\/vadrouilles.xyz\/wp-content\/uploads\/2023\/08\/PXL_20230828_141035261-768x578.jpg 768w, https:\/\/vadrouilles.xyz\/wp-content\/uploads\/2023\/08\/PXL_20230828_141035261-1536x1157.jpg 1536w, https:\/\/vadrouilles.xyz\/wp-content\/uploads\/2023\/08\/PXL_20230828_141035261-2048x1542.jpg 2048w\" sizes=\"auto, (max-width: 1024px) 100vw, 1024px\" \/><\/a><figcaption class=\"wp-element-caption\">Druskininkai &#8211; 28\/08\/23<\/figcaption><\/figure>\n<\/figure>\n","protected":false},"excerpt":{"rendered":"<p>Ao\u00fbt 2023 Travers\u00e9e du nord au sud : Trilogie balte, \u00e9pisode 3 \/ Le\u00e7on du jour III \/ La reine des serpents \/ Une utopie&hellip;<\/p>\n","protected":false},"author":1,"featured_media":0,"parent":0,"menu_order":0,"comment_status":"closed","ping_status":"closed","template":"","meta":{"footnotes":""},"class_list":["post-8168","page","type-page","status-publish","hentry"],"_links":{"self":[{"href":"https:\/\/vadrouilles.xyz\/index.php?rest_route=\/wp\/v2\/pages\/8168","targetHints":{"allow":["GET"]}}],"collection":[{"href":"https:\/\/vadrouilles.xyz\/index.php?rest_route=\/wp\/v2\/pages"}],"about":[{"href":"https:\/\/vadrouilles.xyz\/index.php?rest_route=\/wp\/v2\/types\/page"}],"author":[{"embeddable":true,"href":"https:\/\/vadrouilles.xyz\/index.php?rest_route=\/wp\/v2\/users\/1"}],"replies":[{"embeddable":true,"href":"https:\/\/vadrouilles.xyz\/index.php?rest_route=%2Fwp%2Fv2%2Fcomments&post=8168"}],"version-history":[{"count":4,"href":"https:\/\/vadrouilles.xyz\/index.php?rest_route=\/wp\/v2\/pages\/8168\/revisions"}],"predecessor-version":[{"id":13597,"href":"https:\/\/vadrouilles.xyz\/index.php?rest_route=\/wp\/v2\/pages\/8168\/revisions\/13597"}],"wp:attachment":[{"href":"https:\/\/vadrouilles.xyz\/index.php?rest_route=%2Fwp%2Fv2%2Fmedia&parent=8168"}],"curies":[{"name":"wp","href":"https:\/\/api.w.org\/{rel}","templated":true}]}}