{"id":8166,"date":"2024-11-13T15:58:04","date_gmt":"2024-11-13T14:58:04","guid":{"rendered":"https:\/\/vadrouilles.xyz\/?page_id=8166"},"modified":"2025-10-14T18:50:27","modified_gmt":"2025-10-14T17:50:27","slug":"lettonie","status":"publish","type":"page","link":"https:\/\/vadrouilles.xyz\/?page_id=8166","title":{"rendered":"Lettonie"},"content":{"rendered":"\n<p><strong>Ao\u00fbt 2023<\/strong><\/p>\n\n\n\n<p>Travers\u00e9e du nord au sud : <a href=\"https:\/\/vadrouilles.xyz\/?p=1925\" data-type=\"post\" data-id=\"1925\">Trilogie balte, \u00e9pisode 2<\/a> \/ <a href=\"https:\/\/vadrouilles.xyz\/?p=1955\" data-type=\"post\" data-id=\"1955\">Pause amoureuse<\/a> \/ <a href=\"https:\/\/vadrouilles.xyz\/?p=1968\" data-type=\"post\" data-id=\"1968\">Balades lettones<\/a><\/p>\n\n\n\n<figure class=\"wp-block-gallery has-nested-images columns-2 wp-block-gallery-1 is-layout-flex wp-block-gallery-is-layout-flex\">\n<figure class=\"wp-block-image size-large\"><a href=\"https:\/\/vadrouilles.xyz\/wp-content\/uploads\/2023\/08\/PXL_20230813_102852159-scaled.jpg\"><img loading=\"lazy\" decoding=\"async\" width=\"1024\" height=\"771\" data-id=\"1938\" src=\"https:\/\/vadrouilles.xyz\/wp-content\/uploads\/2023\/08\/PXL_20230813_102852159-1024x771.jpg\" alt=\"\" class=\"wp-image-1938\" srcset=\"https:\/\/vadrouilles.xyz\/wp-content\/uploads\/2023\/08\/PXL_20230813_102852159-1024x771.jpg 1024w, https:\/\/vadrouilles.xyz\/wp-content\/uploads\/2023\/08\/PXL_20230813_102852159-300x226.jpg 300w, https:\/\/vadrouilles.xyz\/wp-content\/uploads\/2023\/08\/PXL_20230813_102852159-768x578.jpg 768w, https:\/\/vadrouilles.xyz\/wp-content\/uploads\/2023\/08\/PXL_20230813_102852159-1536x1157.jpg 1536w, https:\/\/vadrouilles.xyz\/wp-content\/uploads\/2023\/08\/PXL_20230813_102852159-2048x1542.jpg 2048w\" sizes=\"auto, (max-width: 1024px) 100vw, 1024px\" \/><\/a><figcaption class=\"wp-element-caption\">Sur la route &#8211; 13\/08\/23<\/figcaption><\/figure>\n\n\n\n<figure class=\"wp-block-image size-large\"><a href=\"https:\/\/vadrouilles.xyz\/wp-content\/uploads\/2023\/08\/PXL_20230814_072138209-scaled.jpg\"><img loading=\"lazy\" decoding=\"async\" width=\"1024\" height=\"771\" data-id=\"1958\" src=\"https:\/\/vadrouilles.xyz\/wp-content\/uploads\/2023\/08\/PXL_20230814_072138209-1024x771.jpg\" alt=\"\" class=\"wp-image-1958\" srcset=\"https:\/\/vadrouilles.xyz\/wp-content\/uploads\/2023\/08\/PXL_20230814_072138209-1024x771.jpg 1024w, https:\/\/vadrouilles.xyz\/wp-content\/uploads\/2023\/08\/PXL_20230814_072138209-300x226.jpg 300w, https:\/\/vadrouilles.xyz\/wp-content\/uploads\/2023\/08\/PXL_20230814_072138209-768x578.jpg 768w, https:\/\/vadrouilles.xyz\/wp-content\/uploads\/2023\/08\/PXL_20230814_072138209-1536x1157.jpg 1536w, https:\/\/vadrouilles.xyz\/wp-content\/uploads\/2023\/08\/PXL_20230814_072138209-2048x1542.jpg 2048w\" sizes=\"auto, (max-width: 1024px) 100vw, 1024px\" \/><\/a><figcaption class=\"wp-element-caption\">O\u00f9 sont les horaires ? &#8211; 14\/08\/23<\/figcaption><\/figure>\n\n\n\n<figure class=\"wp-block-image size-large\"><a href=\"https:\/\/vadrouilles.xyz\/wp-content\/uploads\/2023\/08\/PXL_20230815_092023269-scaled.jpg\"><img loading=\"lazy\" decoding=\"async\" width=\"1024\" height=\"771\" data-id=\"1992\" src=\"https:\/\/vadrouilles.xyz\/wp-content\/uploads\/2023\/08\/PXL_20230815_092023269-1024x771.jpg\" alt=\"\" class=\"wp-image-1992\" srcset=\"https:\/\/vadrouilles.xyz\/wp-content\/uploads\/2023\/08\/PXL_20230815_092023269-1024x771.jpg 1024w, https:\/\/vadrouilles.xyz\/wp-content\/uploads\/2023\/08\/PXL_20230815_092023269-300x226.jpg 300w, https:\/\/vadrouilles.xyz\/wp-content\/uploads\/2023\/08\/PXL_20230815_092023269-768x578.jpg 768w, https:\/\/vadrouilles.xyz\/wp-content\/uploads\/2023\/08\/PXL_20230815_092023269-1536x1157.jpg 1536w, https:\/\/vadrouilles.xyz\/wp-content\/uploads\/2023\/08\/PXL_20230815_092023269-2048x1542.jpg 2048w\" sizes=\"auto, (max-width: 1024px) 100vw, 1024px\" \/><\/a><figcaption class=\"wp-element-caption\">Riga &#8211; 15\/08\/23<\/figcaption><\/figure>\n\n\n\n<figure class=\"wp-block-image size-large\"><a href=\"https:\/\/vadrouilles.xyz\/wp-content\/uploads\/2023\/08\/PXL_20230816_130347377-scaled.jpg\"><img loading=\"lazy\" decoding=\"async\" width=\"1024\" height=\"771\" data-id=\"2010\" src=\"https:\/\/vadrouilles.xyz\/wp-content\/uploads\/2023\/08\/PXL_20230816_130347377-1024x771.jpg\" alt=\"\" class=\"wp-image-2010\" srcset=\"https:\/\/vadrouilles.xyz\/wp-content\/uploads\/2023\/08\/PXL_20230816_130347377-1024x771.jpg 1024w, https:\/\/vadrouilles.xyz\/wp-content\/uploads\/2023\/08\/PXL_20230816_130347377-300x226.jpg 300w, https:\/\/vadrouilles.xyz\/wp-content\/uploads\/2023\/08\/PXL_20230816_130347377-768x578.jpg 768w, https:\/\/vadrouilles.xyz\/wp-content\/uploads\/2023\/08\/PXL_20230816_130347377-1536x1157.jpg 1536w, https:\/\/vadrouilles.xyz\/wp-content\/uploads\/2023\/08\/PXL_20230816_130347377-2048x1542.jpg 2048w\" sizes=\"auto, (max-width: 1024px) 100vw, 1024px\" \/><\/a><figcaption class=\"wp-element-caption\">Riga &#8211; 16\/08\/23<\/figcaption><\/figure>\n\n\n\n<figure class=\"wp-block-image size-large\"><a href=\"https:\/\/vadrouilles.xyz\/wp-content\/uploads\/2023\/08\/PXL_20230815_105240106-scaled.jpg\"><img loading=\"lazy\" decoding=\"async\" width=\"771\" height=\"1024\" data-id=\"1996\" src=\"https:\/\/vadrouilles.xyz\/wp-content\/uploads\/2023\/08\/PXL_20230815_105240106-771x1024.jpg\" alt=\"\" class=\"wp-image-1996\" srcset=\"https:\/\/vadrouilles.xyz\/wp-content\/uploads\/2023\/08\/PXL_20230815_105240106-771x1024.jpg 771w, https:\/\/vadrouilles.xyz\/wp-content\/uploads\/2023\/08\/PXL_20230815_105240106-226x300.jpg 226w, https:\/\/vadrouilles.xyz\/wp-content\/uploads\/2023\/08\/PXL_20230815_105240106-768x1020.jpg 768w, https:\/\/vadrouilles.xyz\/wp-content\/uploads\/2023\/08\/PXL_20230815_105240106-1157x1536.jpg 1157w, https:\/\/vadrouilles.xyz\/wp-content\/uploads\/2023\/08\/PXL_20230815_105240106-1542x2048.jpg 1542w, https:\/\/vadrouilles.xyz\/wp-content\/uploads\/2023\/08\/PXL_20230815_105240106-scaled.jpg 1928w\" sizes=\"auto, (max-width: 771px) 100vw, 771px\" \/><\/a><figcaption class=\"wp-element-caption\">Riga &#8211; 15\/08\/23<\/figcaption><\/figure>\n\n\n\n<figure class=\"wp-block-image size-large\"><a href=\"https:\/\/vadrouilles.xyz\/wp-content\/uploads\/2023\/08\/PXL_20230815_123027443-scaled.jpg\"><img loading=\"lazy\" decoding=\"async\" width=\"771\" height=\"1024\" data-id=\"2001\" src=\"https:\/\/vadrouilles.xyz\/wp-content\/uploads\/2023\/08\/PXL_20230815_123027443-771x1024.jpg\" alt=\"\" class=\"wp-image-2001\" srcset=\"https:\/\/vadrouilles.xyz\/wp-content\/uploads\/2023\/08\/PXL_20230815_123027443-771x1024.jpg 771w, https:\/\/vadrouilles.xyz\/wp-content\/uploads\/2023\/08\/PXL_20230815_123027443-226x300.jpg 226w, https:\/\/vadrouilles.xyz\/wp-content\/uploads\/2023\/08\/PXL_20230815_123027443-768x1020.jpg 768w, https:\/\/vadrouilles.xyz\/wp-content\/uploads\/2023\/08\/PXL_20230815_123027443-1157x1536.jpg 1157w, https:\/\/vadrouilles.xyz\/wp-content\/uploads\/2023\/08\/PXL_20230815_123027443-1542x2048.jpg 1542w, https:\/\/vadrouilles.xyz\/wp-content\/uploads\/2023\/08\/PXL_20230815_123027443-scaled.jpg 1928w\" sizes=\"auto, (max-width: 771px) 100vw, 771px\" \/><\/a><figcaption class=\"wp-element-caption\">Riga &#8211; 15\/08\/23<\/figcaption><\/figure>\n\n\n\n<figure class=\"wp-block-image size-large\"><a href=\"https:\/\/vadrouilles.xyz\/wp-content\/uploads\/2023\/08\/PXL_20230817_132710393-scaled.jpg\"><img loading=\"lazy\" decoding=\"async\" width=\"771\" height=\"1024\" data-id=\"2021\" src=\"https:\/\/vadrouilles.xyz\/wp-content\/uploads\/2023\/08\/PXL_20230817_132710393-771x1024.jpg\" alt=\"\" class=\"wp-image-2021\" srcset=\"https:\/\/vadrouilles.xyz\/wp-content\/uploads\/2023\/08\/PXL_20230817_132710393-771x1024.jpg 771w, https:\/\/vadrouilles.xyz\/wp-content\/uploads\/2023\/08\/PXL_20230817_132710393-226x300.jpg 226w, https:\/\/vadrouilles.xyz\/wp-content\/uploads\/2023\/08\/PXL_20230817_132710393-768x1020.jpg 768w, https:\/\/vadrouilles.xyz\/wp-content\/uploads\/2023\/08\/PXL_20230817_132710393-1157x1536.jpg 1157w, https:\/\/vadrouilles.xyz\/wp-content\/uploads\/2023\/08\/PXL_20230817_132710393-1542x2048.jpg 1542w, https:\/\/vadrouilles.xyz\/wp-content\/uploads\/2023\/08\/PXL_20230817_132710393-scaled.jpg 1928w\" sizes=\"auto, (max-width: 771px) 100vw, 771px\" \/><\/a><figcaption class=\"wp-element-caption\">Jurmala &#8211; 17\/08\/23<\/figcaption><\/figure>\n\n\n\n<figure class=\"wp-block-image size-large\"><a href=\"https:\/\/vadrouilles.xyz\/wp-content\/uploads\/2023\/08\/PXL_20230817_143325884-scaled.jpg\"><img loading=\"lazy\" decoding=\"async\" width=\"771\" height=\"1024\" data-id=\"2025\" src=\"https:\/\/vadrouilles.xyz\/wp-content\/uploads\/2023\/08\/PXL_20230817_143325884-771x1024.jpg\" alt=\"\" class=\"wp-image-2025\" srcset=\"https:\/\/vadrouilles.xyz\/wp-content\/uploads\/2023\/08\/PXL_20230817_143325884-771x1024.jpg 771w, https:\/\/vadrouilles.xyz\/wp-content\/uploads\/2023\/08\/PXL_20230817_143325884-226x300.jpg 226w, https:\/\/vadrouilles.xyz\/wp-content\/uploads\/2023\/08\/PXL_20230817_143325884-768x1020.jpg 768w, https:\/\/vadrouilles.xyz\/wp-content\/uploads\/2023\/08\/PXL_20230817_143325884-1157x1536.jpg 1157w, https:\/\/vadrouilles.xyz\/wp-content\/uploads\/2023\/08\/PXL_20230817_143325884-1542x2048.jpg 1542w, https:\/\/vadrouilles.xyz\/wp-content\/uploads\/2023\/08\/PXL_20230817_143325884-scaled.jpg 1928w\" sizes=\"auto, (max-width: 771px) 100vw, 771px\" \/><\/a><figcaption class=\"wp-element-caption\">Jurmala &#8211; 17\/08\/23<\/figcaption><\/figure>\n\n\n\n<figure class=\"wp-block-image size-large\"><a href=\"https:\/\/vadrouilles.xyz\/wp-content\/uploads\/2023\/08\/PXL_20230818_100757685-scaled.jpg\"><img loading=\"lazy\" decoding=\"async\" width=\"771\" height=\"1024\" data-id=\"2030\" src=\"https:\/\/vadrouilles.xyz\/wp-content\/uploads\/2023\/08\/PXL_20230818_100757685-771x1024.jpg\" alt=\"\" class=\"wp-image-2030\" srcset=\"https:\/\/vadrouilles.xyz\/wp-content\/uploads\/2023\/08\/PXL_20230818_100757685-771x1024.jpg 771w, https:\/\/vadrouilles.xyz\/wp-content\/uploads\/2023\/08\/PXL_20230818_100757685-226x300.jpg 226w, https:\/\/vadrouilles.xyz\/wp-content\/uploads\/2023\/08\/PXL_20230818_100757685-768x1020.jpg 768w, https:\/\/vadrouilles.xyz\/wp-content\/uploads\/2023\/08\/PXL_20230818_100757685-1157x1536.jpg 1157w, https:\/\/vadrouilles.xyz\/wp-content\/uploads\/2023\/08\/PXL_20230818_100757685-1542x2048.jpg 1542w, https:\/\/vadrouilles.xyz\/wp-content\/uploads\/2023\/08\/PXL_20230818_100757685-scaled.jpg 1928w\" sizes=\"auto, (max-width: 771px) 100vw, 771px\" \/><\/a><figcaption class=\"wp-element-caption\">Sigulda &#8211; 18\/08\/23<\/figcaption><\/figure>\n\n\n\n<figure class=\"wp-block-image size-large\"><a href=\"https:\/\/vadrouilles.xyz\/wp-content\/uploads\/2023\/08\/PXL_20230818_112213333-scaled.jpg\"><img loading=\"lazy\" decoding=\"async\" width=\"771\" height=\"1024\" data-id=\"2033\" src=\"https:\/\/vadrouilles.xyz\/wp-content\/uploads\/2023\/08\/PXL_20230818_112213333-771x1024.jpg\" alt=\"\" class=\"wp-image-2033\" srcset=\"https:\/\/vadrouilles.xyz\/wp-content\/uploads\/2023\/08\/PXL_20230818_112213333-771x1024.jpg 771w, https:\/\/vadrouilles.xyz\/wp-content\/uploads\/2023\/08\/PXL_20230818_112213333-226x300.jpg 226w, https:\/\/vadrouilles.xyz\/wp-content\/uploads\/2023\/08\/PXL_20230818_112213333-768x1020.jpg 768w, https:\/\/vadrouilles.xyz\/wp-content\/uploads\/2023\/08\/PXL_20230818_112213333-1157x1536.jpg 1157w, https:\/\/vadrouilles.xyz\/wp-content\/uploads\/2023\/08\/PXL_20230818_112213333-1542x2048.jpg 1542w, https:\/\/vadrouilles.xyz\/wp-content\/uploads\/2023\/08\/PXL_20230818_112213333-scaled.jpg 1928w\" sizes=\"auto, (max-width: 771px) 100vw, 771px\" \/><\/a><figcaption class=\"wp-element-caption\">Sigulda &#8211; 18\/08\/23<\/figcaption><\/figure>\n\n\n\n<figure class=\"wp-block-image size-large\"><a href=\"https:\/\/vadrouilles.xyz\/wp-content\/uploads\/2023\/08\/PXL_20230819_104413906-scaled.jpg\"><img loading=\"lazy\" decoding=\"async\" width=\"771\" height=\"1024\" data-id=\"2045\" src=\"https:\/\/vadrouilles.xyz\/wp-content\/uploads\/2023\/08\/PXL_20230819_104413906-771x1024.jpg\" alt=\"\" class=\"wp-image-2045\" srcset=\"https:\/\/vadrouilles.xyz\/wp-content\/uploads\/2023\/08\/PXL_20230819_104413906-771x1024.jpg 771w, https:\/\/vadrouilles.xyz\/wp-content\/uploads\/2023\/08\/PXL_20230819_104413906-226x300.jpg 226w, https:\/\/vadrouilles.xyz\/wp-content\/uploads\/2023\/08\/PXL_20230819_104413906-768x1020.jpg 768w, https:\/\/vadrouilles.xyz\/wp-content\/uploads\/2023\/08\/PXL_20230819_104413906-1157x1536.jpg 1157w, https:\/\/vadrouilles.xyz\/wp-content\/uploads\/2023\/08\/PXL_20230819_104413906-1542x2048.jpg 1542w, https:\/\/vadrouilles.xyz\/wp-content\/uploads\/2023\/08\/PXL_20230819_104413906-scaled.jpg 1928w\" sizes=\"auto, (max-width: 771px) 100vw, 771px\" \/><\/a><figcaption class=\"wp-element-caption\">C\u0113sis &#8211; 19\/08\/23<\/figcaption><\/figure>\n\n\n\n<figure class=\"wp-block-image size-large\"><a href=\"https:\/\/vadrouilles.xyz\/wp-content\/uploads\/2023\/08\/PXL_20230819_132856150-scaled.jpg\"><img loading=\"lazy\" decoding=\"async\" width=\"771\" height=\"1024\" data-id=\"2053\" src=\"https:\/\/vadrouilles.xyz\/wp-content\/uploads\/2023\/08\/PXL_20230819_132856150-771x1024.jpg\" alt=\"\" class=\"wp-image-2053\" srcset=\"https:\/\/vadrouilles.xyz\/wp-content\/uploads\/2023\/08\/PXL_20230819_132856150-771x1024.jpg 771w, https:\/\/vadrouilles.xyz\/wp-content\/uploads\/2023\/08\/PXL_20230819_132856150-226x300.jpg 226w, https:\/\/vadrouilles.xyz\/wp-content\/uploads\/2023\/08\/PXL_20230819_132856150-768x1020.jpg 768w, https:\/\/vadrouilles.xyz\/wp-content\/uploads\/2023\/08\/PXL_20230819_132856150-1157x1536.jpg 1157w, https:\/\/vadrouilles.xyz\/wp-content\/uploads\/2023\/08\/PXL_20230819_132856150-1542x2048.jpg 1542w, https:\/\/vadrouilles.xyz\/wp-content\/uploads\/2023\/08\/PXL_20230819_132856150-scaled.jpg 1928w\" sizes=\"auto, (max-width: 771px) 100vw, 771px\" \/><\/a><figcaption class=\"wp-element-caption\">C\u0113sis &#8211; 19\/08\/23<\/figcaption><\/figure>\n\n\n\n<figure class=\"wp-block-image size-large\"><a href=\"https:\/\/vadrouilles.xyz\/wp-content\/uploads\/2023\/08\/PXL_20230819_173844769-scaled.jpg\"><img loading=\"lazy\" decoding=\"async\" width=\"771\" height=\"1024\" data-id=\"2044\" src=\"https:\/\/vadrouilles.xyz\/wp-content\/uploads\/2023\/08\/PXL_20230819_173844769-771x1024.jpg\" alt=\"\" class=\"wp-image-2044\" srcset=\"https:\/\/vadrouilles.xyz\/wp-content\/uploads\/2023\/08\/PXL_20230819_173844769-771x1024.jpg 771w, https:\/\/vadrouilles.xyz\/wp-content\/uploads\/2023\/08\/PXL_20230819_173844769-226x300.jpg 226w, https:\/\/vadrouilles.xyz\/wp-content\/uploads\/2023\/08\/PXL_20230819_173844769-768x1020.jpg 768w, https:\/\/vadrouilles.xyz\/wp-content\/uploads\/2023\/08\/PXL_20230819_173844769-1157x1536.jpg 1157w, https:\/\/vadrouilles.xyz\/wp-content\/uploads\/2023\/08\/PXL_20230819_173844769-1542x2048.jpg 1542w, https:\/\/vadrouilles.xyz\/wp-content\/uploads\/2023\/08\/PXL_20230819_173844769-scaled.jpg 1928w\" sizes=\"auto, (max-width: 771px) 100vw, 771px\" \/><\/a><figcaption class=\"wp-element-caption\">Sigulda &#8211; 19\/08\/23<\/figcaption><\/figure>\n\n\n\n<figure class=\"wp-block-image size-large\"><a href=\"https:\/\/vadrouilles.xyz\/wp-content\/uploads\/2023\/08\/PXL_20230822_082345296-scaled.jpg\"><img loading=\"lazy\" decoding=\"async\" width=\"771\" height=\"1024\" data-id=\"1977\" src=\"https:\/\/vadrouilles.xyz\/wp-content\/uploads\/2023\/08\/PXL_20230822_082345296-771x1024.jpg\" alt=\"\" class=\"wp-image-1977\" srcset=\"https:\/\/vadrouilles.xyz\/wp-content\/uploads\/2023\/08\/PXL_20230822_082345296-771x1024.jpg 771w, https:\/\/vadrouilles.xyz\/wp-content\/uploads\/2023\/08\/PXL_20230822_082345296-226x300.jpg 226w, https:\/\/vadrouilles.xyz\/wp-content\/uploads\/2023\/08\/PXL_20230822_082345296-768x1020.jpg 768w, https:\/\/vadrouilles.xyz\/wp-content\/uploads\/2023\/08\/PXL_20230822_082345296-1157x1536.jpg 1157w, https:\/\/vadrouilles.xyz\/wp-content\/uploads\/2023\/08\/PXL_20230822_082345296-1542x2048.jpg 1542w, https:\/\/vadrouilles.xyz\/wp-content\/uploads\/2023\/08\/PXL_20230822_082345296-scaled.jpg 1928w\" sizes=\"auto, (max-width: 771px) 100vw, 771px\" \/><\/a><figcaption class=\"wp-element-caption\">Sur la route &#8211; 22\/08\/23<\/figcaption><\/figure>\n\n\n\n<figure class=\"wp-block-image size-large\"><a href=\"https:\/\/vadrouilles.xyz\/wp-content\/uploads\/2023\/08\/PXL_20230821_115717277-scaled.jpg\"><img loading=\"lazy\" decoding=\"async\" width=\"1024\" height=\"771\" data-id=\"1970\" src=\"https:\/\/vadrouilles.xyz\/wp-content\/uploads\/2023\/08\/PXL_20230821_115717277-1024x771.jpg\" alt=\"\" class=\"wp-image-1970\" srcset=\"https:\/\/vadrouilles.xyz\/wp-content\/uploads\/2023\/08\/PXL_20230821_115717277-1024x771.jpg 1024w, https:\/\/vadrouilles.xyz\/wp-content\/uploads\/2023\/08\/PXL_20230821_115717277-300x226.jpg 300w, https:\/\/vadrouilles.xyz\/wp-content\/uploads\/2023\/08\/PXL_20230821_115717277-768x578.jpg 768w, https:\/\/vadrouilles.xyz\/wp-content\/uploads\/2023\/08\/PXL_20230821_115717277-1536x1157.jpg 1536w, https:\/\/vadrouilles.xyz\/wp-content\/uploads\/2023\/08\/PXL_20230821_115717277-2048x1542.jpg 2048w\" sizes=\"auto, (max-width: 1024px) 100vw, 1024px\" \/><\/a><figcaption class=\"wp-element-caption\">Vecumnieki &#8211; 21\/08\/23<\/figcaption><\/figure>\n<\/figure>\n","protected":false},"excerpt":{"rendered":"<p>Ao\u00fbt 2023 Travers\u00e9e du nord au sud : Trilogie balte, \u00e9pisode 2 \/ Pause amoureuse \/ Balades lettones<\/p>\n","protected":false},"author":1,"featured_media":0,"parent":0,"menu_order":0,"comment_status":"closed","ping_status":"closed","template":"","meta":{"footnotes":""},"class_list":["post-8166","page","type-page","status-publish","hentry"],"_links":{"self":[{"href":"https:\/\/vadrouilles.xyz\/index.php?rest_route=\/wp\/v2\/pages\/8166","targetHints":{"allow":["GET"]}}],"collection":[{"href":"https:\/\/vadrouilles.xyz\/index.php?rest_route=\/wp\/v2\/pages"}],"about":[{"href":"https:\/\/vadrouilles.xyz\/index.php?rest_route=\/wp\/v2\/types\/page"}],"author":[{"embeddable":true,"href":"https:\/\/vadrouilles.xyz\/index.php?rest_route=\/wp\/v2\/users\/1"}],"replies":[{"embeddable":true,"href":"https:\/\/vadrouilles.xyz\/index.php?rest_route=%2Fwp%2Fv2%2Fcomments&post=8166"}],"version-history":[{"count":4,"href":"https:\/\/vadrouilles.xyz\/index.php?rest_route=\/wp\/v2\/pages\/8166\/revisions"}],"predecessor-version":[{"id":13595,"href":"https:\/\/vadrouilles.xyz\/index.php?rest_route=\/wp\/v2\/pages\/8166\/revisions\/13595"}],"wp:attachment":[{"href":"https:\/\/vadrouilles.xyz\/index.php?rest_route=%2Fwp%2Fv2%2Fmedia&parent=8166"}],"curies":[{"name":"wp","href":"https:\/\/api.w.org\/{rel}","templated":true}]}}