{"id":8154,"date":"2024-11-13T15:54:49","date_gmt":"2024-11-13T14:54:49","guid":{"rendered":"https:\/\/vadrouilles.xyz\/?page_id=8154"},"modified":"2025-10-14T18:48:56","modified_gmt":"2025-10-14T17:48:56","slug":"estonie","status":"publish","type":"page","link":"https:\/\/vadrouilles.xyz\/?page_id=8154","title":{"rendered":"Estonie"},"content":{"rendered":"\n<p><strong>Ao\u00fbt 2023<\/strong><\/p>\n\n\n\n<p>Travers\u00e9e du nord au sud : <a href=\"https:\/\/vadrouilles.xyz\/?p=1851\" data-type=\"post\" data-id=\"1851\">Trilogie balte, \u00e9pisode 1<\/a> \/ <a href=\"https:\/\/vadrouilles.xyz\/?p=1865\" data-type=\"post\" data-id=\"1865\">Multiples facettes<\/a> \/ <a href=\"https:\/\/vadrouilles.xyz\/?p=1899\" data-type=\"post\" data-id=\"1899\">Une \u00e9tape quelque peu originale<\/a> \/ <a href=\"https:\/\/vadrouilles.xyz\/?p=1907\" data-type=\"post\" data-id=\"1907\">Let\u2019s go to the beach\u00a0!<\/a><\/p>\n\n\n\n<figure class=\"wp-block-gallery has-nested-images columns-2 wp-block-gallery-1 is-layout-flex wp-block-gallery-is-layout-flex\">\n<figure class=\"wp-block-image size-large\"><a href=\"https:\/\/vadrouilles.xyz\/wp-content\/uploads\/2023\/08\/PXL_20230809_135206190-scaled.jpg\"><img loading=\"lazy\" decoding=\"async\" width=\"771\" height=\"1024\" data-id=\"1860\" src=\"https:\/\/vadrouilles.xyz\/wp-content\/uploads\/2023\/08\/PXL_20230809_135206190-771x1024.jpg\" alt=\"\" class=\"wp-image-1860\" srcset=\"https:\/\/vadrouilles.xyz\/wp-content\/uploads\/2023\/08\/PXL_20230809_135206190-771x1024.jpg 771w, https:\/\/vadrouilles.xyz\/wp-content\/uploads\/2023\/08\/PXL_20230809_135206190-226x300.jpg 226w, https:\/\/vadrouilles.xyz\/wp-content\/uploads\/2023\/08\/PXL_20230809_135206190-768x1020.jpg 768w, https:\/\/vadrouilles.xyz\/wp-content\/uploads\/2023\/08\/PXL_20230809_135206190-1157x1536.jpg 1157w, https:\/\/vadrouilles.xyz\/wp-content\/uploads\/2023\/08\/PXL_20230809_135206190-1542x2048.jpg 1542w, https:\/\/vadrouilles.xyz\/wp-content\/uploads\/2023\/08\/PXL_20230809_135206190-scaled.jpg 1928w\" sizes=\"auto, (max-width: 771px) 100vw, 771px\" \/><\/a><figcaption class=\"wp-element-caption\">Tallinn &#8211; 09\/08\/23<\/figcaption><\/figure>\n\n\n\n<figure class=\"wp-block-image size-large\"><a href=\"https:\/\/vadrouilles.xyz\/wp-content\/uploads\/2023\/08\/PXL_20230809_165931724-scaled.jpg\"><img loading=\"lazy\" decoding=\"async\" width=\"771\" height=\"1024\" data-id=\"1881\" src=\"https:\/\/vadrouilles.xyz\/wp-content\/uploads\/2023\/08\/PXL_20230809_165931724-771x1024.jpg\" alt=\"\" class=\"wp-image-1881\" srcset=\"https:\/\/vadrouilles.xyz\/wp-content\/uploads\/2023\/08\/PXL_20230809_165931724-771x1024.jpg 771w, https:\/\/vadrouilles.xyz\/wp-content\/uploads\/2023\/08\/PXL_20230809_165931724-226x300.jpg 226w, https:\/\/vadrouilles.xyz\/wp-content\/uploads\/2023\/08\/PXL_20230809_165931724-768x1020.jpg 768w, https:\/\/vadrouilles.xyz\/wp-content\/uploads\/2023\/08\/PXL_20230809_165931724-1157x1536.jpg 1157w, https:\/\/vadrouilles.xyz\/wp-content\/uploads\/2023\/08\/PXL_20230809_165931724-1542x2048.jpg 1542w, https:\/\/vadrouilles.xyz\/wp-content\/uploads\/2023\/08\/PXL_20230809_165931724-scaled.jpg 1928w\" sizes=\"auto, (max-width: 771px) 100vw, 771px\" \/><\/a><figcaption class=\"wp-element-caption\">Tallinn &#8211; 09\/08\/23<\/figcaption><\/figure>\n\n\n\n<figure class=\"wp-block-image size-large\"><a href=\"https:\/\/vadrouilles.xyz\/wp-content\/uploads\/2023\/08\/PXL_20230810_123933039-scaled.jpg\"><img loading=\"lazy\" decoding=\"async\" width=\"1024\" height=\"771\" data-id=\"1891\" src=\"https:\/\/vadrouilles.xyz\/wp-content\/uploads\/2023\/08\/PXL_20230810_123933039-1024x771.jpg\" alt=\"\" class=\"wp-image-1891\" srcset=\"https:\/\/vadrouilles.xyz\/wp-content\/uploads\/2023\/08\/PXL_20230810_123933039-1024x771.jpg 1024w, https:\/\/vadrouilles.xyz\/wp-content\/uploads\/2023\/08\/PXL_20230810_123933039-300x226.jpg 300w, https:\/\/vadrouilles.xyz\/wp-content\/uploads\/2023\/08\/PXL_20230810_123933039-768x578.jpg 768w, https:\/\/vadrouilles.xyz\/wp-content\/uploads\/2023\/08\/PXL_20230810_123933039-1536x1157.jpg 1536w, https:\/\/vadrouilles.xyz\/wp-content\/uploads\/2023\/08\/PXL_20230810_123933039-2048x1542.jpg 2048w\" sizes=\"auto, (max-width: 1024px) 100vw, 1024px\" \/><\/a><figcaption class=\"wp-element-caption\">Tallinn &#8211; 09\/08\/23<\/figcaption><\/figure>\n\n\n\n<figure class=\"wp-block-image size-large\"><a href=\"https:\/\/vadrouilles.xyz\/wp-content\/uploads\/2023\/08\/PXL_20230812_080652661-scaled.jpg\"><img loading=\"lazy\" decoding=\"async\" width=\"1024\" height=\"771\" data-id=\"1909\" src=\"https:\/\/vadrouilles.xyz\/wp-content\/uploads\/2023\/08\/PXL_20230812_080652661-1024x771.jpg\" alt=\"\" class=\"wp-image-1909\" srcset=\"https:\/\/vadrouilles.xyz\/wp-content\/uploads\/2023\/08\/PXL_20230812_080652661-1024x771.jpg 1024w, https:\/\/vadrouilles.xyz\/wp-content\/uploads\/2023\/08\/PXL_20230812_080652661-300x226.jpg 300w, https:\/\/vadrouilles.xyz\/wp-content\/uploads\/2023\/08\/PXL_20230812_080652661-768x578.jpg 768w, https:\/\/vadrouilles.xyz\/wp-content\/uploads\/2023\/08\/PXL_20230812_080652661-1536x1157.jpg 1536w, https:\/\/vadrouilles.xyz\/wp-content\/uploads\/2023\/08\/PXL_20230812_080652661-2048x1542.jpg 2048w\" sizes=\"auto, (max-width: 1024px) 100vw, 1024px\" \/><\/a><figcaption class=\"wp-element-caption\">P\u00e4rnu &#8211; 12\/08\/23<\/figcaption><\/figure>\n\n\n\n<figure class=\"wp-block-image size-large\"><a href=\"https:\/\/vadrouilles.xyz\/wp-content\/uploads\/2023\/08\/PXL_20230811_175033794-scaled.jpg\"><img loading=\"lazy\" decoding=\"async\" width=\"771\" height=\"1024\" data-id=\"1905\" src=\"https:\/\/vadrouilles.xyz\/wp-content\/uploads\/2023\/08\/PXL_20230811_175033794-771x1024.jpg\" alt=\"\" class=\"wp-image-1905\" srcset=\"https:\/\/vadrouilles.xyz\/wp-content\/uploads\/2023\/08\/PXL_20230811_175033794-771x1024.jpg 771w, https:\/\/vadrouilles.xyz\/wp-content\/uploads\/2023\/08\/PXL_20230811_175033794-226x300.jpg 226w, https:\/\/vadrouilles.xyz\/wp-content\/uploads\/2023\/08\/PXL_20230811_175033794-768x1020.jpg 768w, https:\/\/vadrouilles.xyz\/wp-content\/uploads\/2023\/08\/PXL_20230811_175033794-1157x1536.jpg 1157w, https:\/\/vadrouilles.xyz\/wp-content\/uploads\/2023\/08\/PXL_20230811_175033794-1542x2048.jpg 1542w, https:\/\/vadrouilles.xyz\/wp-content\/uploads\/2023\/08\/PXL_20230811_175033794-scaled.jpg 1928w\" sizes=\"auto, (max-width: 771px) 100vw, 771px\" \/><\/a><figcaption class=\"wp-element-caption\">J\u00e4rvakandi &#8211; 11\/08\/23<\/figcaption><\/figure>\n\n\n\n<figure class=\"wp-block-image size-large\"><a href=\"https:\/\/vadrouilles.xyz\/wp-content\/uploads\/2023\/08\/PXL_20230813_072855699-scaled.jpg\"><img loading=\"lazy\" decoding=\"async\" width=\"771\" height=\"1024\" data-id=\"1939\" src=\"https:\/\/vadrouilles.xyz\/wp-content\/uploads\/2023\/08\/PXL_20230813_072855699-771x1024.jpg\" alt=\"\" class=\"wp-image-1939\" srcset=\"https:\/\/vadrouilles.xyz\/wp-content\/uploads\/2023\/08\/PXL_20230813_072855699-771x1024.jpg 771w, https:\/\/vadrouilles.xyz\/wp-content\/uploads\/2023\/08\/PXL_20230813_072855699-226x300.jpg 226w, https:\/\/vadrouilles.xyz\/wp-content\/uploads\/2023\/08\/PXL_20230813_072855699-768x1020.jpg 768w, https:\/\/vadrouilles.xyz\/wp-content\/uploads\/2023\/08\/PXL_20230813_072855699-1157x1536.jpg 1157w, https:\/\/vadrouilles.xyz\/wp-content\/uploads\/2023\/08\/PXL_20230813_072855699-1542x2048.jpg 1542w, https:\/\/vadrouilles.xyz\/wp-content\/uploads\/2023\/08\/PXL_20230813_072855699-scaled.jpg 1928w\" sizes=\"auto, (max-width: 771px) 100vw, 771px\" \/><\/a><figcaption class=\"wp-element-caption\">Sur la route &#8211; 13\/08\/23<\/figcaption><\/figure>\n\n\n\n<figure class=\"wp-block-image size-large\"><a href=\"https:\/\/vadrouilles.xyz\/wp-content\/uploads\/2023\/08\/PXL_20230811_071734458-scaled.jpg\"><img loading=\"lazy\" decoding=\"async\" width=\"771\" height=\"1024\" data-id=\"1900\" src=\"https:\/\/vadrouilles.xyz\/wp-content\/uploads\/2023\/08\/PXL_20230811_071734458-771x1024.jpg\" alt=\"\" class=\"wp-image-1900\" srcset=\"https:\/\/vadrouilles.xyz\/wp-content\/uploads\/2023\/08\/PXL_20230811_071734458-771x1024.jpg 771w, https:\/\/vadrouilles.xyz\/wp-content\/uploads\/2023\/08\/PXL_20230811_071734458-226x300.jpg 226w, https:\/\/vadrouilles.xyz\/wp-content\/uploads\/2023\/08\/PXL_20230811_071734458-768x1020.jpg 768w, https:\/\/vadrouilles.xyz\/wp-content\/uploads\/2023\/08\/PXL_20230811_071734458-1157x1536.jpg 1157w, https:\/\/vadrouilles.xyz\/wp-content\/uploads\/2023\/08\/PXL_20230811_071734458-1542x2048.jpg 1542w, https:\/\/vadrouilles.xyz\/wp-content\/uploads\/2023\/08\/PXL_20230811_071734458-scaled.jpg 1928w\" sizes=\"auto, (max-width: 771px) 100vw, 771px\" \/><\/a><figcaption class=\"wp-element-caption\">Sur la route 2 &#8211; 11\/08\/23<\/figcaption><\/figure>\n<\/figure>\n","protected":false},"excerpt":{"rendered":"<p>Ao\u00fbt 2023 Travers\u00e9e du nord au sud : Trilogie balte, \u00e9pisode 1 \/ Multiples facettes \/ Une \u00e9tape quelque peu originale \/ Let\u2019s go to&hellip;<\/p>\n","protected":false},"author":1,"featured_media":0,"parent":0,"menu_order":0,"comment_status":"closed","ping_status":"closed","template":"","meta":{"footnotes":""},"class_list":["post-8154","page","type-page","status-publish","hentry"],"_links":{"self":[{"href":"https:\/\/vadrouilles.xyz\/index.php?rest_route=\/wp\/v2\/pages\/8154","targetHints":{"allow":["GET"]}}],"collection":[{"href":"https:\/\/vadrouilles.xyz\/index.php?rest_route=\/wp\/v2\/pages"}],"about":[{"href":"https:\/\/vadrouilles.xyz\/index.php?rest_route=\/wp\/v2\/types\/page"}],"author":[{"embeddable":true,"href":"https:\/\/vadrouilles.xyz\/index.php?rest_route=\/wp\/v2\/users\/1"}],"replies":[{"embeddable":true,"href":"https:\/\/vadrouilles.xyz\/index.php?rest_route=%2Fwp%2Fv2%2Fcomments&post=8154"}],"version-history":[{"count":3,"href":"https:\/\/vadrouilles.xyz\/index.php?rest_route=\/wp\/v2\/pages\/8154\/revisions"}],"predecessor-version":[{"id":13593,"href":"https:\/\/vadrouilles.xyz\/index.php?rest_route=\/wp\/v2\/pages\/8154\/revisions\/13593"}],"wp:attachment":[{"href":"https:\/\/vadrouilles.xyz\/index.php?rest_route=%2Fwp%2Fv2%2Fmedia&parent=8154"}],"curies":[{"name":"wp","href":"https:\/\/api.w.org\/{rel}","templated":true}]}}