{"id":8150,"date":"2024-11-13T15:53:22","date_gmt":"2024-11-13T14:53:22","guid":{"rendered":"https:\/\/vadrouilles.xyz\/?page_id=8150"},"modified":"2025-10-14T18:30:59","modified_gmt":"2025-10-14T17:30:59","slug":"danemark","status":"publish","type":"page","link":"https:\/\/vadrouilles.xyz\/?page_id=8150","title":{"rendered":"Danemark"},"content":{"rendered":"\n<p><strong>Juin 2023<\/strong><\/p>\n\n\n\n<p>Jutland : <a href=\"https:\/\/vadrouilles.xyz\/?p=1160\" data-type=\"post\" data-id=\"1160\">Velkommen til Danmark\u00a0?<\/a> \/ <a href=\"https:\/\/vadrouilles.xyz\/?p=1175\" data-type=\"post\" data-id=\"1175\">Le\u00e7on du jour<\/a> \/ <a href=\"https:\/\/vadrouilles.xyz\/?p=1185\" data-type=\"post\" data-id=\"1185\">R\u00eave de gosse<\/a> \/ <a href=\"https:\/\/vadrouilles.xyz\/?p=1205\" data-type=\"post\" data-id=\"1205\">Sortez les mouchoirs<\/a><\/p>\n\n\n\n<p>R\u00e9gion-Capitale : <a href=\"https:\/\/vadrouilles.xyz\/?p=1220\" data-type=\"post\" data-id=\"1220\">Ab\u00e9c\u00e9daire danois<\/a> \/ <a href=\"https:\/\/vadrouilles.xyz\/?p=1232\" data-type=\"post\" data-id=\"1232\">Une utopie dans la ville<\/a> \/ <a href=\"https:\/\/vadrouilles.xyz\/?p=1246\" data-type=\"post\" data-id=\"1246\">Copenhague quantique<\/a> \/ <a href=\"https:\/\/vadrouilles.xyz\/?p=1262\" data-type=\"post\" data-id=\"1262\">Plus grand-chose de pourri au royaume du Danemark<\/a><\/p>\n\n\n\n<figure class=\"wp-block-gallery has-nested-images columns-2 wp-block-gallery-1 is-layout-flex wp-block-gallery-is-layout-flex\">\n<figure class=\"wp-block-image size-large\"><a href=\"https:\/\/vadrouilles.xyz\/wp-content\/uploads\/2023\/06\/PXL_20230627_110133246-scaled.jpg\"><img loading=\"lazy\" decoding=\"async\" width=\"1024\" height=\"771\" data-id=\"1163\" src=\"https:\/\/vadrouilles.xyz\/wp-content\/uploads\/2023\/06\/PXL_20230627_110133246-1024x771.jpg\" alt=\"\" class=\"wp-image-1163\" srcset=\"https:\/\/vadrouilles.xyz\/wp-content\/uploads\/2023\/06\/PXL_20230627_110133246-1024x771.jpg 1024w, https:\/\/vadrouilles.xyz\/wp-content\/uploads\/2023\/06\/PXL_20230627_110133246-300x226.jpg 300w, https:\/\/vadrouilles.xyz\/wp-content\/uploads\/2023\/06\/PXL_20230627_110133246-768x578.jpg 768w, https:\/\/vadrouilles.xyz\/wp-content\/uploads\/2023\/06\/PXL_20230627_110133246-1536x1157.jpg 1536w, https:\/\/vadrouilles.xyz\/wp-content\/uploads\/2023\/06\/PXL_20230627_110133246-2048x1542.jpg 2048w\" sizes=\"auto, (max-width: 1024px) 100vw, 1024px\" \/><\/a><figcaption class=\"wp-element-caption\">Paysage du Jutland &#8211; 27\/06\/23<\/figcaption><\/figure>\n\n\n\n<figure class=\"wp-block-image size-large\"><a href=\"https:\/\/vadrouilles.xyz\/wp-content\/uploads\/2023\/06\/PXL_20230627_161327302-scaled.jpg\"><img loading=\"lazy\" decoding=\"async\" width=\"1024\" height=\"771\" data-id=\"1168\" src=\"https:\/\/vadrouilles.xyz\/wp-content\/uploads\/2023\/06\/PXL_20230627_161327302-1024x771.jpg\" alt=\"\" class=\"wp-image-1168\" srcset=\"https:\/\/vadrouilles.xyz\/wp-content\/uploads\/2023\/06\/PXL_20230627_161327302-1024x771.jpg 1024w, https:\/\/vadrouilles.xyz\/wp-content\/uploads\/2023\/06\/PXL_20230627_161327302-300x226.jpg 300w, https:\/\/vadrouilles.xyz\/wp-content\/uploads\/2023\/06\/PXL_20230627_161327302-768x578.jpg 768w, https:\/\/vadrouilles.xyz\/wp-content\/uploads\/2023\/06\/PXL_20230627_161327302-1536x1157.jpg 1536w, https:\/\/vadrouilles.xyz\/wp-content\/uploads\/2023\/06\/PXL_20230627_161327302-2048x1542.jpg 2048w\" sizes=\"auto, (max-width: 1024px) 100vw, 1024px\" \/><\/a><figcaption class=\"wp-element-caption\">Ribe &#8211; 27\/06\/23<\/figcaption><\/figure>\n\n\n\n<figure class=\"wp-block-image size-large\"><a href=\"https:\/\/vadrouilles.xyz\/wp-content\/uploads\/2023\/06\/PXL_20230628_081327161-scaled.jpg\"><img loading=\"lazy\" decoding=\"async\" width=\"1024\" height=\"771\" data-id=\"1177\" src=\"https:\/\/vadrouilles.xyz\/wp-content\/uploads\/2023\/06\/PXL_20230628_081327161-1024x771.jpg\" alt=\"\" class=\"wp-image-1177\" srcset=\"https:\/\/vadrouilles.xyz\/wp-content\/uploads\/2023\/06\/PXL_20230628_081327161-1024x771.jpg 1024w, https:\/\/vadrouilles.xyz\/wp-content\/uploads\/2023\/06\/PXL_20230628_081327161-300x226.jpg 300w, https:\/\/vadrouilles.xyz\/wp-content\/uploads\/2023\/06\/PXL_20230628_081327161-768x578.jpg 768w, https:\/\/vadrouilles.xyz\/wp-content\/uploads\/2023\/06\/PXL_20230628_081327161-1536x1157.jpg 1536w, https:\/\/vadrouilles.xyz\/wp-content\/uploads\/2023\/06\/PXL_20230628_081327161-2048x1542.jpg 2048w\" sizes=\"auto, (max-width: 1024px) 100vw, 1024px\" \/><\/a><figcaption class=\"wp-element-caption\">Mer du Nord &#8211; 28\/06\/23<\/figcaption><\/figure>\n\n\n\n<figure class=\"wp-block-image size-large\"><a href=\"https:\/\/vadrouilles.xyz\/wp-content\/uploads\/2023\/06\/PXL_20230629_080839641-scaled.jpg\"><img loading=\"lazy\" decoding=\"async\" width=\"1024\" height=\"771\" data-id=\"1187\" src=\"https:\/\/vadrouilles.xyz\/wp-content\/uploads\/2023\/06\/PXL_20230629_080839641-1024x771.jpg\" alt=\"\" class=\"wp-image-1187\" srcset=\"https:\/\/vadrouilles.xyz\/wp-content\/uploads\/2023\/06\/PXL_20230629_080839641-1024x771.jpg 1024w, https:\/\/vadrouilles.xyz\/wp-content\/uploads\/2023\/06\/PXL_20230629_080839641-300x226.jpg 300w, https:\/\/vadrouilles.xyz\/wp-content\/uploads\/2023\/06\/PXL_20230629_080839641-768x578.jpg 768w, https:\/\/vadrouilles.xyz\/wp-content\/uploads\/2023\/06\/PXL_20230629_080839641-1536x1157.jpg 1536w, https:\/\/vadrouilles.xyz\/wp-content\/uploads\/2023\/06\/PXL_20230629_080839641-2048x1542.jpg 2048w\" sizes=\"auto, (max-width: 1024px) 100vw, 1024px\" \/><\/a><figcaption class=\"wp-element-caption\">Legoland (Billund) &#8211; 29\/06\/23<\/figcaption><\/figure>\n\n\n\n<figure class=\"wp-block-image size-large\"><a href=\"https:\/\/vadrouilles.xyz\/wp-content\/uploads\/2023\/06\/PXL_20230630_083554817-scaled.jpg\"><img loading=\"lazy\" decoding=\"async\" width=\"1024\" height=\"771\" data-id=\"1207\" src=\"https:\/\/vadrouilles.xyz\/wp-content\/uploads\/2023\/06\/PXL_20230630_083554817-1024x771.jpg\" alt=\"\" class=\"wp-image-1207\" srcset=\"https:\/\/vadrouilles.xyz\/wp-content\/uploads\/2023\/06\/PXL_20230630_083554817-1024x771.jpg 1024w, https:\/\/vadrouilles.xyz\/wp-content\/uploads\/2023\/06\/PXL_20230630_083554817-300x226.jpg 300w, https:\/\/vadrouilles.xyz\/wp-content\/uploads\/2023\/06\/PXL_20230630_083554817-768x578.jpg 768w, https:\/\/vadrouilles.xyz\/wp-content\/uploads\/2023\/06\/PXL_20230630_083554817-1536x1157.jpg 1536w, https:\/\/vadrouilles.xyz\/wp-content\/uploads\/2023\/06\/PXL_20230630_083554817-2048x1542.jpg 2048w\" sizes=\"auto, (max-width: 1024px) 100vw, 1024px\" \/><\/a><figcaption class=\"wp-element-caption\">Odense &#8211; 30\/06\/23<\/figcaption><\/figure>\n\n\n\n<figure class=\"wp-block-image size-large\"><a href=\"https:\/\/vadrouilles.xyz\/wp-content\/uploads\/2023\/06\/PXL_20230630_154716393-scaled.jpg\"><img loading=\"lazy\" decoding=\"async\" width=\"1024\" height=\"771\" data-id=\"1212\" src=\"https:\/\/vadrouilles.xyz\/wp-content\/uploads\/2023\/06\/PXL_20230630_154716393-1024x771.jpg\" alt=\"\" class=\"wp-image-1212\" srcset=\"https:\/\/vadrouilles.xyz\/wp-content\/uploads\/2023\/06\/PXL_20230630_154716393-1024x771.jpg 1024w, https:\/\/vadrouilles.xyz\/wp-content\/uploads\/2023\/06\/PXL_20230630_154716393-300x226.jpg 300w, https:\/\/vadrouilles.xyz\/wp-content\/uploads\/2023\/06\/PXL_20230630_154716393-768x578.jpg 768w, https:\/\/vadrouilles.xyz\/wp-content\/uploads\/2023\/06\/PXL_20230630_154716393-1536x1157.jpg 1536w, https:\/\/vadrouilles.xyz\/wp-content\/uploads\/2023\/06\/PXL_20230630_154716393-2048x1542.jpg 2048w\" sizes=\"auto, (max-width: 1024px) 100vw, 1024px\" \/><\/a><figcaption class=\"wp-element-caption\">Andersen &#8211; 30\/06\/23<\/figcaption><\/figure>\n\n\n\n<figure class=\"wp-block-image size-large\"><a href=\"https:\/\/vadrouilles.xyz\/wp-content\/uploads\/2023\/07\/PXL_20230702_111505370-scaled.jpg\"><img loading=\"lazy\" decoding=\"async\" width=\"1024\" height=\"771\" data-id=\"1234\" src=\"https:\/\/vadrouilles.xyz\/wp-content\/uploads\/2023\/07\/PXL_20230702_111505370-1024x771.jpg\" alt=\"\" class=\"wp-image-1234\" srcset=\"https:\/\/vadrouilles.xyz\/wp-content\/uploads\/2023\/07\/PXL_20230702_111505370-1024x771.jpg 1024w, https:\/\/vadrouilles.xyz\/wp-content\/uploads\/2023\/07\/PXL_20230702_111505370-300x226.jpg 300w, https:\/\/vadrouilles.xyz\/wp-content\/uploads\/2023\/07\/PXL_20230702_111505370-768x578.jpg 768w, https:\/\/vadrouilles.xyz\/wp-content\/uploads\/2023\/07\/PXL_20230702_111505370-1536x1157.jpg 1536w, https:\/\/vadrouilles.xyz\/wp-content\/uploads\/2023\/07\/PXL_20230702_111505370-2048x1542.jpg 2048w\" sizes=\"auto, (max-width: 1024px) 100vw, 1024px\" \/><\/a><figcaption class=\"wp-element-caption\">Jaegersborg Dyrehave &#8211; 02\/07\/23<\/figcaption><\/figure>\n\n\n\n<figure class=\"wp-block-image size-large\"><a href=\"https:\/\/vadrouilles.xyz\/wp-content\/uploads\/2023\/07\/PXL_20230702_172513509-scaled.jpg\"><img loading=\"lazy\" decoding=\"async\" width=\"1024\" height=\"771\" data-id=\"1244\" src=\"https:\/\/vadrouilles.xyz\/wp-content\/uploads\/2023\/07\/PXL_20230702_172513509-1024x771.jpg\" alt=\"\" class=\"wp-image-1244\" srcset=\"https:\/\/vadrouilles.xyz\/wp-content\/uploads\/2023\/07\/PXL_20230702_172513509-1024x771.jpg 1024w, https:\/\/vadrouilles.xyz\/wp-content\/uploads\/2023\/07\/PXL_20230702_172513509-300x226.jpg 300w, https:\/\/vadrouilles.xyz\/wp-content\/uploads\/2023\/07\/PXL_20230702_172513509-768x578.jpg 768w, https:\/\/vadrouilles.xyz\/wp-content\/uploads\/2023\/07\/PXL_20230702_172513509-1536x1157.jpg 1536w, https:\/\/vadrouilles.xyz\/wp-content\/uploads\/2023\/07\/PXL_20230702_172513509-2048x1542.jpg 2048w\" sizes=\"auto, (max-width: 1024px) 100vw, 1024px\" \/><\/a><figcaption class=\"wp-element-caption\">Christiania &#8211; 02\/07\/23<\/figcaption><\/figure>\n\n\n\n<figure class=\"wp-block-image size-large\"><a href=\"https:\/\/vadrouilles.xyz\/wp-content\/uploads\/2023\/07\/PXL_20230702_151749173-scaled.jpg\"><img loading=\"lazy\" decoding=\"async\" width=\"771\" height=\"1024\" data-id=\"1238\" src=\"https:\/\/vadrouilles.xyz\/wp-content\/uploads\/2023\/07\/PXL_20230702_151749173-771x1024.jpg\" alt=\"\" class=\"wp-image-1238\" srcset=\"https:\/\/vadrouilles.xyz\/wp-content\/uploads\/2023\/07\/PXL_20230702_151749173-771x1024.jpg 771w, https:\/\/vadrouilles.xyz\/wp-content\/uploads\/2023\/07\/PXL_20230702_151749173-226x300.jpg 226w, https:\/\/vadrouilles.xyz\/wp-content\/uploads\/2023\/07\/PXL_20230702_151749173-768x1020.jpg 768w, https:\/\/vadrouilles.xyz\/wp-content\/uploads\/2023\/07\/PXL_20230702_151749173-1157x1536.jpg 1157w, https:\/\/vadrouilles.xyz\/wp-content\/uploads\/2023\/07\/PXL_20230702_151749173-1542x2048.jpg 1542w, https:\/\/vadrouilles.xyz\/wp-content\/uploads\/2023\/07\/PXL_20230702_151749173-scaled.jpg 1928w\" sizes=\"auto, (max-width: 771px) 100vw, 771px\" \/><\/a><figcaption class=\"wp-element-caption\">Christiania &#8211; 02\/07\/23<\/figcaption><\/figure>\n\n\n\n<figure class=\"wp-block-image size-large\"><a href=\"https:\/\/vadrouilles.xyz\/wp-content\/uploads\/2023\/07\/PXL_20230703_150103391-scaled.jpg\"><img loading=\"lazy\" decoding=\"async\" width=\"771\" height=\"1024\" data-id=\"1259\" src=\"https:\/\/vadrouilles.xyz\/wp-content\/uploads\/2023\/07\/PXL_20230703_150103391-771x1024.jpg\" alt=\"\" class=\"wp-image-1259\" srcset=\"https:\/\/vadrouilles.xyz\/wp-content\/uploads\/2023\/07\/PXL_20230703_150103391-771x1024.jpg 771w, https:\/\/vadrouilles.xyz\/wp-content\/uploads\/2023\/07\/PXL_20230703_150103391-226x300.jpg 226w, https:\/\/vadrouilles.xyz\/wp-content\/uploads\/2023\/07\/PXL_20230703_150103391-768x1020.jpg 768w, https:\/\/vadrouilles.xyz\/wp-content\/uploads\/2023\/07\/PXL_20230703_150103391-1157x1536.jpg 1157w, https:\/\/vadrouilles.xyz\/wp-content\/uploads\/2023\/07\/PXL_20230703_150103391-1542x2048.jpg 1542w, https:\/\/vadrouilles.xyz\/wp-content\/uploads\/2023\/07\/PXL_20230703_150103391-scaled.jpg 1928w\" sizes=\"auto, (max-width: 771px) 100vw, 771px\" \/><\/a><figcaption class=\"wp-element-caption\">Copenhague &#8211; 03\/07\/23<\/figcaption><\/figure>\n\n\n\n<figure class=\"wp-block-image size-large\"><a href=\"https:\/\/vadrouilles.xyz\/wp-content\/uploads\/2023\/07\/PXL_20230704_141432070-scaled.jpg\"><img loading=\"lazy\" decoding=\"async\" width=\"1024\" height=\"771\" data-id=\"1270\" src=\"https:\/\/vadrouilles.xyz\/wp-content\/uploads\/2023\/07\/PXL_20230704_141432070-1024x771.jpg\" alt=\"\" class=\"wp-image-1270\" srcset=\"https:\/\/vadrouilles.xyz\/wp-content\/uploads\/2023\/07\/PXL_20230704_141432070-1024x771.jpg 1024w, https:\/\/vadrouilles.xyz\/wp-content\/uploads\/2023\/07\/PXL_20230704_141432070-300x226.jpg 300w, https:\/\/vadrouilles.xyz\/wp-content\/uploads\/2023\/07\/PXL_20230704_141432070-768x578.jpg 768w, https:\/\/vadrouilles.xyz\/wp-content\/uploads\/2023\/07\/PXL_20230704_141432070-1536x1157.jpg 1536w, https:\/\/vadrouilles.xyz\/wp-content\/uploads\/2023\/07\/PXL_20230704_141432070-2048x1542.jpg 2048w\" sizes=\"auto, (max-width: 1024px) 100vw, 1024px\" \/><\/a><figcaption class=\"wp-element-caption\">Copenhague &#8211; 04\/07\/23<\/figcaption><\/figure>\n\n\n\n<figure class=\"wp-block-image size-large\"><a href=\"https:\/\/vadrouilles.xyz\/wp-content\/uploads\/2023\/07\/PXL_20230704_165027850-scaled.jpg\"><img loading=\"lazy\" decoding=\"async\" width=\"771\" height=\"1024\" data-id=\"1274\" src=\"https:\/\/vadrouilles.xyz\/wp-content\/uploads\/2023\/07\/PXL_20230704_165027850-771x1024.jpg\" alt=\"\" class=\"wp-image-1274\" srcset=\"https:\/\/vadrouilles.xyz\/wp-content\/uploads\/2023\/07\/PXL_20230704_165027850-771x1024.jpg 771w, https:\/\/vadrouilles.xyz\/wp-content\/uploads\/2023\/07\/PXL_20230704_165027850-226x300.jpg 226w, https:\/\/vadrouilles.xyz\/wp-content\/uploads\/2023\/07\/PXL_20230704_165027850-768x1020.jpg 768w, https:\/\/vadrouilles.xyz\/wp-content\/uploads\/2023\/07\/PXL_20230704_165027850-1157x1536.jpg 1157w, https:\/\/vadrouilles.xyz\/wp-content\/uploads\/2023\/07\/PXL_20230704_165027850-1542x2048.jpg 1542w, https:\/\/vadrouilles.xyz\/wp-content\/uploads\/2023\/07\/PXL_20230704_165027850-scaled.jpg 1928w\" sizes=\"auto, (max-width: 771px) 100vw, 771px\" \/><\/a><figcaption class=\"wp-element-caption\">Copenhague &#8211; 04\/07\/23<\/figcaption><\/figure>\n<\/figure>\n","protected":false},"excerpt":{"rendered":"<p>Juin 2023 Jutland : Velkommen til Danmark\u00a0? \/ Le\u00e7on du jour \/ R\u00eave de gosse \/ Sortez les mouchoirs R\u00e9gion-Capitale : Ab\u00e9c\u00e9daire danois \/ Une&hellip;<\/p>\n","protected":false},"author":1,"featured_media":0,"parent":0,"menu_order":0,"comment_status":"closed","ping_status":"closed","template":"","meta":{"footnotes":""},"class_list":["post-8150","page","type-page","status-publish","hentry"],"_links":{"self":[{"href":"https:\/\/vadrouilles.xyz\/index.php?rest_route=\/wp\/v2\/pages\/8150","targetHints":{"allow":["GET"]}}],"collection":[{"href":"https:\/\/vadrouilles.xyz\/index.php?rest_route=\/wp\/v2\/pages"}],"about":[{"href":"https:\/\/vadrouilles.xyz\/index.php?rest_route=\/wp\/v2\/types\/page"}],"author":[{"embeddable":true,"href":"https:\/\/vadrouilles.xyz\/index.php?rest_route=\/wp\/v2\/users\/1"}],"replies":[{"embeddable":true,"href":"https:\/\/vadrouilles.xyz\/index.php?rest_route=%2Fwp%2Fv2%2Fcomments&post=8150"}],"version-history":[{"count":3,"href":"https:\/\/vadrouilles.xyz\/index.php?rest_route=\/wp\/v2\/pages\/8150\/revisions"}],"predecessor-version":[{"id":13584,"href":"https:\/\/vadrouilles.xyz\/index.php?rest_route=\/wp\/v2\/pages\/8150\/revisions\/13584"}],"wp:attachment":[{"href":"https:\/\/vadrouilles.xyz\/index.php?rest_route=%2Fwp%2Fv2%2Fmedia&parent=8150"}],"curies":[{"name":"wp","href":"https:\/\/api.w.org\/{rel}","templated":true}]}}