{"id":8140,"date":"2024-11-13T15:47:13","date_gmt":"2024-11-13T14:47:13","guid":{"rendered":"https:\/\/vadrouilles.xyz\/?page_id=8140"},"modified":"2025-10-15T18:27:54","modified_gmt":"2025-10-15T17:27:54","slug":"autriche","status":"publish","type":"page","link":"https:\/\/vadrouilles.xyz\/?page_id=8140","title":{"rendered":"Autriche"},"content":{"rendered":"\n<p><strong>Ao\u00fbt 2019<\/strong><\/p>\n\n\n\n<p>Travers\u00e9e d&rsquo;est en ouest : voir <a href=\"https:\/\/vadrouilles.xyz\/?page_id=21\" data-type=\"page\" data-id=\"21\">Chroniques Europ\u00e9ennes<\/a><\/p>\n\n\n\n<figure class=\"wp-block-gallery has-nested-images columns-2 wp-block-gallery-1 is-layout-flex wp-block-gallery-is-layout-flex\">\n<figure class=\"wp-block-image size-large\"><a href=\"https:\/\/vadrouilles.xyz\/wp-content\/uploads\/2023\/01\/416-scaled.jpg\"><img loading=\"lazy\" decoding=\"async\" width=\"1024\" height=\"768\" data-id=\"305\" src=\"https:\/\/vadrouilles.xyz\/wp-content\/uploads\/2023\/01\/416-1024x768.jpg\" alt=\"\" class=\"wp-image-305\" srcset=\"https:\/\/vadrouilles.xyz\/wp-content\/uploads\/2023\/01\/416-1024x768.jpg 1024w, https:\/\/vadrouilles.xyz\/wp-content\/uploads\/2023\/01\/416-300x225.jpg 300w, https:\/\/vadrouilles.xyz\/wp-content\/uploads\/2023\/01\/416-768x576.jpg 768w, https:\/\/vadrouilles.xyz\/wp-content\/uploads\/2023\/01\/416-1536x1152.jpg 1536w, https:\/\/vadrouilles.xyz\/wp-content\/uploads\/2023\/01\/416-2048x1536.jpg 2048w\" sizes=\"auto, (max-width: 1024px) 100vw, 1024px\" \/><\/a><figcaption class=\"wp-element-caption\">Vienne &#8211; 15\/08\/19<\/figcaption><\/figure>\n\n\n\n<figure class=\"wp-block-image size-large\"><a href=\"https:\/\/vadrouilles.xyz\/wp-content\/uploads\/2023\/01\/424-scaled.jpg\"><img loading=\"lazy\" decoding=\"async\" width=\"1024\" height=\"768\" data-id=\"307\" src=\"https:\/\/vadrouilles.xyz\/wp-content\/uploads\/2023\/01\/424-1024x768.jpg\" alt=\"\" class=\"wp-image-307\" srcset=\"https:\/\/vadrouilles.xyz\/wp-content\/uploads\/2023\/01\/424-1024x768.jpg 1024w, https:\/\/vadrouilles.xyz\/wp-content\/uploads\/2023\/01\/424-300x225.jpg 300w, https:\/\/vadrouilles.xyz\/wp-content\/uploads\/2023\/01\/424-768x576.jpg 768w, https:\/\/vadrouilles.xyz\/wp-content\/uploads\/2023\/01\/424-1536x1152.jpg 1536w, https:\/\/vadrouilles.xyz\/wp-content\/uploads\/2023\/01\/424-2048x1536.jpg 2048w\" sizes=\"auto, (max-width: 1024px) 100vw, 1024px\" \/><\/a><figcaption class=\"wp-element-caption\">Vienne &#8211; 16\/08\/19<\/figcaption><\/figure>\n\n\n\n<figure class=\"wp-block-image size-large\"><a href=\"https:\/\/vadrouilles.xyz\/wp-content\/uploads\/2023\/01\/407-scaled.jpg\"><img loading=\"lazy\" decoding=\"async\" width=\"1024\" height=\"768\" data-id=\"304\" src=\"https:\/\/vadrouilles.xyz\/wp-content\/uploads\/2023\/01\/407-1024x768.jpg\" alt=\"\" class=\"wp-image-304\" srcset=\"https:\/\/vadrouilles.xyz\/wp-content\/uploads\/2023\/01\/407-1024x768.jpg 1024w, https:\/\/vadrouilles.xyz\/wp-content\/uploads\/2023\/01\/407-300x225.jpg 300w, https:\/\/vadrouilles.xyz\/wp-content\/uploads\/2023\/01\/407-768x576.jpg 768w, https:\/\/vadrouilles.xyz\/wp-content\/uploads\/2023\/01\/407-1536x1152.jpg 1536w, https:\/\/vadrouilles.xyz\/wp-content\/uploads\/2023\/01\/407-2048x1536.jpg 2048w\" sizes=\"auto, (max-width: 1024px) 100vw, 1024px\" \/><\/a><figcaption class=\"wp-element-caption\">Spitz &#8211; 18\/08\/19<\/figcaption><\/figure>\n\n\n\n<figure class=\"wp-block-image size-large\"><a href=\"https:\/\/vadrouilles.xyz\/wp-content\/uploads\/2023\/01\/418-scaled.jpg\"><img loading=\"lazy\" decoding=\"async\" width=\"768\" height=\"1024\" data-id=\"306\" src=\"https:\/\/vadrouilles.xyz\/wp-content\/uploads\/2023\/01\/418-768x1024.jpg\" alt=\"\" class=\"wp-image-306\" srcset=\"https:\/\/vadrouilles.xyz\/wp-content\/uploads\/2023\/01\/418-768x1024.jpg 768w, https:\/\/vadrouilles.xyz\/wp-content\/uploads\/2023\/01\/418-225x300.jpg 225w, https:\/\/vadrouilles.xyz\/wp-content\/uploads\/2023\/01\/418-1152x1536.jpg 1152w, https:\/\/vadrouilles.xyz\/wp-content\/uploads\/2023\/01\/418-1536x2048.jpg 1536w, https:\/\/vadrouilles.xyz\/wp-content\/uploads\/2023\/01\/418-scaled.jpg 1920w\" sizes=\"auto, (max-width: 768px) 100vw, 768px\" \/><\/a><figcaption class=\"wp-element-caption\">Vienne &#8211; 14\/08\/19<\/figcaption><\/figure>\n<\/figure>\n","protected":false},"excerpt":{"rendered":"<p>Ao\u00fbt 2019 Travers\u00e9e d&rsquo;est en ouest : voir Chroniques Europ\u00e9ennes<\/p>\n","protected":false},"author":1,"featured_media":0,"parent":0,"menu_order":0,"comment_status":"closed","ping_status":"closed","template":"","meta":{"footnotes":""},"class_list":["post-8140","page","type-page","status-publish","hentry"],"_links":{"self":[{"href":"https:\/\/vadrouilles.xyz\/index.php?rest_route=\/wp\/v2\/pages\/8140","targetHints":{"allow":["GET"]}}],"collection":[{"href":"https:\/\/vadrouilles.xyz\/index.php?rest_route=\/wp\/v2\/pages"}],"about":[{"href":"https:\/\/vadrouilles.xyz\/index.php?rest_route=\/wp\/v2\/types\/page"}],"author":[{"embeddable":true,"href":"https:\/\/vadrouilles.xyz\/index.php?rest_route=\/wp\/v2\/users\/1"}],"replies":[{"embeddable":true,"href":"https:\/\/vadrouilles.xyz\/index.php?rest_route=%2Fwp%2Fv2%2Fcomments&post=8140"}],"version-history":[{"count":3,"href":"https:\/\/vadrouilles.xyz\/index.php?rest_route=\/wp\/v2\/pages\/8140\/revisions"}],"predecessor-version":[{"id":13623,"href":"https:\/\/vadrouilles.xyz\/index.php?rest_route=\/wp\/v2\/pages\/8140\/revisions\/13623"}],"wp:attachment":[{"href":"https:\/\/vadrouilles.xyz\/index.php?rest_route=%2Fwp%2Fv2%2Fmedia&parent=8140"}],"curies":[{"name":"wp","href":"https:\/\/api.w.org\/{rel}","templated":true}]}}