{"id":8134,"date":"2024-11-13T15:44:13","date_gmt":"2024-11-13T14:44:13","guid":{"rendered":"https:\/\/vadrouilles.xyz\/?page_id=8134"},"modified":"2025-10-15T21:37:48","modified_gmt":"2025-10-15T20:37:48","slug":"serbie","status":"publish","type":"page","link":"https:\/\/vadrouilles.xyz\/?page_id=8134","title":{"rendered":"Serbie"},"content":{"rendered":"\n<p><strong>Juillet-Ao\u00fbt 2019<\/strong><\/p>\n\n\n\n<p>Travers\u00e9e du sud au nord : voir <a href=\"https:\/\/vadrouilles.xyz\/?page_id=21\" data-type=\"page\" data-id=\"21\">Chroniques Europ\u00e9ennes<\/a><\/p>\n\n\n\n<figure class=\"wp-block-gallery has-nested-images columns-2 wp-block-gallery-1 is-layout-flex wp-block-gallery-is-layout-flex\">\n<figure class=\"wp-block-image size-large\"><a href=\"https:\/\/vadrouilles.xyz\/wp-content\/uploads\/2023\/01\/322-scaled.jpg\"><img loading=\"lazy\" decoding=\"async\" width=\"1024\" height=\"768\" data-id=\"281\" src=\"https:\/\/vadrouilles.xyz\/wp-content\/uploads\/2023\/01\/322-1024x768.jpg\" alt=\"\" class=\"wp-image-281\" srcset=\"https:\/\/vadrouilles.xyz\/wp-content\/uploads\/2023\/01\/322-1024x768.jpg 1024w, https:\/\/vadrouilles.xyz\/wp-content\/uploads\/2023\/01\/322-300x225.jpg 300w, https:\/\/vadrouilles.xyz\/wp-content\/uploads\/2023\/01\/322-768x576.jpg 768w, https:\/\/vadrouilles.xyz\/wp-content\/uploads\/2023\/01\/322-1536x1152.jpg 1536w, https:\/\/vadrouilles.xyz\/wp-content\/uploads\/2023\/01\/322-2048x1536.jpg 2048w\" sizes=\"auto, (max-width: 1024px) 100vw, 1024px\" \/><\/a><figcaption class=\"wp-element-caption\">Leskovac &#8211; 18\/07\/19<\/figcaption><\/figure>\n\n\n\n<figure class=\"wp-block-image size-large\"><a href=\"https:\/\/vadrouilles.xyz\/wp-content\/uploads\/2023\/01\/369-scaled.jpg\"><img loading=\"lazy\" decoding=\"async\" width=\"1024\" height=\"768\" data-id=\"294\" src=\"https:\/\/vadrouilles.xyz\/wp-content\/uploads\/2023\/01\/369-1024x768.jpg\" alt=\"\" class=\"wp-image-294\" srcset=\"https:\/\/vadrouilles.xyz\/wp-content\/uploads\/2023\/01\/369-1024x768.jpg 1024w, https:\/\/vadrouilles.xyz\/wp-content\/uploads\/2023\/01\/369-300x225.jpg 300w, https:\/\/vadrouilles.xyz\/wp-content\/uploads\/2023\/01\/369-768x576.jpg 768w, https:\/\/vadrouilles.xyz\/wp-content\/uploads\/2023\/01\/369-1536x1152.jpg 1536w, https:\/\/vadrouilles.xyz\/wp-content\/uploads\/2023\/01\/369-2048x1536.jpg 2048w\" sizes=\"auto, (max-width: 1024px) 100vw, 1024px\" \/><\/a><figcaption class=\"wp-element-caption\">Ni\u0161 &#8211; 19\/07\/19<\/figcaption><\/figure>\n\n\n\n<figure class=\"wp-block-image size-large\"><a href=\"https:\/\/vadrouilles.xyz\/wp-content\/uploads\/2023\/01\/351-scaled.jpg\"><img loading=\"lazy\" decoding=\"async\" width=\"1024\" height=\"768\" data-id=\"289\" src=\"https:\/\/vadrouilles.xyz\/wp-content\/uploads\/2023\/01\/351-1024x768.jpg\" alt=\"\" class=\"wp-image-289\" srcset=\"https:\/\/vadrouilles.xyz\/wp-content\/uploads\/2023\/01\/351-1024x768.jpg 1024w, https:\/\/vadrouilles.xyz\/wp-content\/uploads\/2023\/01\/351-300x225.jpg 300w, https:\/\/vadrouilles.xyz\/wp-content\/uploads\/2023\/01\/351-768x576.jpg 768w, https:\/\/vadrouilles.xyz\/wp-content\/uploads\/2023\/01\/351-1536x1152.jpg 1536w, https:\/\/vadrouilles.xyz\/wp-content\/uploads\/2023\/01\/351-2048x1536.jpg 2048w\" sizes=\"auto, (max-width: 1024px) 100vw, 1024px\" \/><\/a><figcaption class=\"wp-element-caption\">Zaje\u010dar &#8211; 20\/07\/19<\/figcaption><\/figure>\n\n\n\n<figure class=\"wp-block-image size-large\"><a href=\"https:\/\/vadrouilles.xyz\/wp-content\/uploads\/2023\/01\/328-scaled.jpg\"><img loading=\"lazy\" decoding=\"async\" width=\"1024\" height=\"768\" data-id=\"282\" src=\"https:\/\/vadrouilles.xyz\/wp-content\/uploads\/2023\/01\/328-1024x768.jpg\" alt=\"\" class=\"wp-image-282\" srcset=\"https:\/\/vadrouilles.xyz\/wp-content\/uploads\/2023\/01\/328-1024x768.jpg 1024w, https:\/\/vadrouilles.xyz\/wp-content\/uploads\/2023\/01\/328-300x225.jpg 300w, https:\/\/vadrouilles.xyz\/wp-content\/uploads\/2023\/01\/328-768x576.jpg 768w, https:\/\/vadrouilles.xyz\/wp-content\/uploads\/2023\/01\/328-1536x1152.jpg 1536w, https:\/\/vadrouilles.xyz\/wp-content\/uploads\/2023\/01\/328-2048x1536.jpg 2048w\" sizes=\"auto, (max-width: 1024px) 100vw, 1024px\" \/><\/a><figcaption class=\"wp-element-caption\">Klenovac &#8211; 21\/07\/19<\/figcaption><\/figure>\n\n\n\n<figure class=\"wp-block-image size-large\"><a href=\"https:\/\/vadrouilles.xyz\/wp-content\/uploads\/2023\/01\/368-scaled.jpg\"><img loading=\"lazy\" decoding=\"async\" width=\"1024\" height=\"768\" data-id=\"293\" src=\"https:\/\/vadrouilles.xyz\/wp-content\/uploads\/2023\/01\/368-1024x768.jpg\" alt=\"\" class=\"wp-image-293\" srcset=\"https:\/\/vadrouilles.xyz\/wp-content\/uploads\/2023\/01\/368-1024x768.jpg 1024w, https:\/\/vadrouilles.xyz\/wp-content\/uploads\/2023\/01\/368-300x225.jpg 300w, https:\/\/vadrouilles.xyz\/wp-content\/uploads\/2023\/01\/368-768x576.jpg 768w, https:\/\/vadrouilles.xyz\/wp-content\/uploads\/2023\/01\/368-1536x1152.jpg 1536w, https:\/\/vadrouilles.xyz\/wp-content\/uploads\/2023\/01\/368-2048x1536.jpg 2048w\" sizes=\"auto, (max-width: 1024px) 100vw, 1024px\" \/><\/a><figcaption class=\"wp-element-caption\">Negotin &#8211; 21\/07\/19<\/figcaption><\/figure>\n\n\n\n<figure class=\"wp-block-image size-large\"><a href=\"https:\/\/vadrouilles.xyz\/wp-content\/uploads\/2023\/01\/335-scaled.jpg\"><img loading=\"lazy\" decoding=\"async\" width=\"1024\" height=\"768\" data-id=\"284\" src=\"https:\/\/vadrouilles.xyz\/wp-content\/uploads\/2023\/01\/335-1024x768.jpg\" alt=\"\" class=\"wp-image-284\" srcset=\"https:\/\/vadrouilles.xyz\/wp-content\/uploads\/2023\/01\/335-1024x768.jpg 1024w, https:\/\/vadrouilles.xyz\/wp-content\/uploads\/2023\/01\/335-300x225.jpg 300w, https:\/\/vadrouilles.xyz\/wp-content\/uploads\/2023\/01\/335-768x576.jpg 768w, https:\/\/vadrouilles.xyz\/wp-content\/uploads\/2023\/01\/335-1536x1152.jpg 1536w, https:\/\/vadrouilles.xyz\/wp-content\/uploads\/2023\/01\/335-2048x1536.jpg 2048w\" sizes=\"auto, (max-width: 1024px) 100vw, 1024px\" \/><\/a><figcaption class=\"wp-element-caption\">Negotin &#8211; 22\/07\/19<\/figcaption><\/figure>\n\n\n\n<figure class=\"wp-block-image size-large\"><a href=\"https:\/\/vadrouilles.xyz\/wp-content\/uploads\/2023\/01\/334-scaled.jpg\"><img loading=\"lazy\" decoding=\"async\" width=\"1024\" height=\"768\" data-id=\"283\" src=\"https:\/\/vadrouilles.xyz\/wp-content\/uploads\/2023\/01\/334-1024x768.jpg\" alt=\"\" class=\"wp-image-283\" srcset=\"https:\/\/vadrouilles.xyz\/wp-content\/uploads\/2023\/01\/334-1024x768.jpg 1024w, https:\/\/vadrouilles.xyz\/wp-content\/uploads\/2023\/01\/334-300x225.jpg 300w, https:\/\/vadrouilles.xyz\/wp-content\/uploads\/2023\/01\/334-768x576.jpg 768w, https:\/\/vadrouilles.xyz\/wp-content\/uploads\/2023\/01\/334-1536x1152.jpg 1536w, https:\/\/vadrouilles.xyz\/wp-content\/uploads\/2023\/01\/334-2048x1536.jpg 2048w\" sizes=\"auto, (max-width: 1024px) 100vw, 1024px\" \/><\/a><figcaption class=\"wp-element-caption\">Kladovo &#8211; 23\/07\/19<\/figcaption><\/figure>\n\n\n\n<figure class=\"wp-block-image size-large\"><a href=\"https:\/\/vadrouilles.xyz\/wp-content\/uploads\/2023\/01\/339-scaled.jpg\"><img loading=\"lazy\" decoding=\"async\" width=\"1024\" height=\"768\" data-id=\"285\" src=\"https:\/\/vadrouilles.xyz\/wp-content\/uploads\/2023\/01\/339-1024x768.jpg\" alt=\"\" class=\"wp-image-285\" srcset=\"https:\/\/vadrouilles.xyz\/wp-content\/uploads\/2023\/01\/339-1024x768.jpg 1024w, https:\/\/vadrouilles.xyz\/wp-content\/uploads\/2023\/01\/339-300x225.jpg 300w, https:\/\/vadrouilles.xyz\/wp-content\/uploads\/2023\/01\/339-768x576.jpg 768w, https:\/\/vadrouilles.xyz\/wp-content\/uploads\/2023\/01\/339-1536x1152.jpg 1536w, https:\/\/vadrouilles.xyz\/wp-content\/uploads\/2023\/01\/339-2048x1536.jpg 2048w\" sizes=\"auto, (max-width: 1024px) 100vw, 1024px\" \/><\/a><figcaption class=\"wp-element-caption\">Donji Milanovac &#8211; 24\/07\/19<\/figcaption><\/figure>\n\n\n\n<figure class=\"wp-block-image size-large\"><a href=\"https:\/\/vadrouilles.xyz\/wp-content\/uploads\/2023\/01\/343-scaled.jpg\"><img loading=\"lazy\" decoding=\"async\" width=\"1024\" height=\"768\" data-id=\"286\" src=\"https:\/\/vadrouilles.xyz\/wp-content\/uploads\/2023\/01\/343-1024x768.jpg\" alt=\"\" class=\"wp-image-286\" srcset=\"https:\/\/vadrouilles.xyz\/wp-content\/uploads\/2023\/01\/343-1024x768.jpg 1024w, https:\/\/vadrouilles.xyz\/wp-content\/uploads\/2023\/01\/343-300x225.jpg 300w, https:\/\/vadrouilles.xyz\/wp-content\/uploads\/2023\/01\/343-768x576.jpg 768w, https:\/\/vadrouilles.xyz\/wp-content\/uploads\/2023\/01\/343-1536x1152.jpg 1536w, https:\/\/vadrouilles.xyz\/wp-content\/uploads\/2023\/01\/343-2048x1536.jpg 2048w\" sizes=\"auto, (max-width: 1024px) 100vw, 1024px\" \/><\/a><figcaption class=\"wp-element-caption\">Golubac &#8211; 25\/07\/19<\/figcaption><\/figure>\n\n\n\n<figure class=\"wp-block-image size-large\"><a href=\"https:\/\/vadrouilles.xyz\/wp-content\/uploads\/2023\/01\/366-scaled.jpg\"><img loading=\"lazy\" decoding=\"async\" width=\"1024\" height=\"768\" data-id=\"292\" src=\"https:\/\/vadrouilles.xyz\/wp-content\/uploads\/2023\/01\/366-1024x768.jpg\" alt=\"\" class=\"wp-image-292\" srcset=\"https:\/\/vadrouilles.xyz\/wp-content\/uploads\/2023\/01\/366-1024x768.jpg 1024w, https:\/\/vadrouilles.xyz\/wp-content\/uploads\/2023\/01\/366-300x225.jpg 300w, https:\/\/vadrouilles.xyz\/wp-content\/uploads\/2023\/01\/366-768x576.jpg 768w, https:\/\/vadrouilles.xyz\/wp-content\/uploads\/2023\/01\/366-1536x1152.jpg 1536w, https:\/\/vadrouilles.xyz\/wp-content\/uploads\/2023\/01\/366-2048x1536.jpg 2048w\" sizes=\"auto, (max-width: 1024px) 100vw, 1024px\" \/><\/a><figcaption class=\"wp-element-caption\">Belgrade &#8211; 28\/07\/19<\/figcaption><\/figure>\n\n\n\n<figure class=\"wp-block-image size-large\"><a href=\"https:\/\/vadrouilles.xyz\/wp-content\/uploads\/2023\/01\/350-scaled.jpg\"><img loading=\"lazy\" decoding=\"async\" width=\"1024\" height=\"768\" data-id=\"288\" src=\"https:\/\/vadrouilles.xyz\/wp-content\/uploads\/2023\/01\/350-1024x768.jpg\" alt=\"\" class=\"wp-image-288\" srcset=\"https:\/\/vadrouilles.xyz\/wp-content\/uploads\/2023\/01\/350-1024x768.jpg 1024w, https:\/\/vadrouilles.xyz\/wp-content\/uploads\/2023\/01\/350-300x225.jpg 300w, https:\/\/vadrouilles.xyz\/wp-content\/uploads\/2023\/01\/350-768x576.jpg 768w, https:\/\/vadrouilles.xyz\/wp-content\/uploads\/2023\/01\/350-1536x1152.jpg 1536w, https:\/\/vadrouilles.xyz\/wp-content\/uploads\/2023\/01\/350-2048x1536.jpg 2048w\" sizes=\"auto, (max-width: 1024px) 100vw, 1024px\" \/><\/a><figcaption class=\"wp-element-caption\">Novi Sad &#8211; 31\/07\/19<\/figcaption><\/figure>\n\n\n\n<figure class=\"wp-block-image size-large\"><a href=\"https:\/\/vadrouilles.xyz\/wp-content\/uploads\/2023\/01\/361-scaled.jpg\"><img loading=\"lazy\" decoding=\"async\" width=\"1024\" height=\"768\" data-id=\"291\" src=\"https:\/\/vadrouilles.xyz\/wp-content\/uploads\/2023\/01\/361-1024x768.jpg\" alt=\"\" class=\"wp-image-291\" srcset=\"https:\/\/vadrouilles.xyz\/wp-content\/uploads\/2023\/01\/361-1024x768.jpg 1024w, https:\/\/vadrouilles.xyz\/wp-content\/uploads\/2023\/01\/361-300x225.jpg 300w, https:\/\/vadrouilles.xyz\/wp-content\/uploads\/2023\/01\/361-768x576.jpg 768w, https:\/\/vadrouilles.xyz\/wp-content\/uploads\/2023\/01\/361-1536x1152.jpg 1536w, https:\/\/vadrouilles.xyz\/wp-content\/uploads\/2023\/01\/361-2048x1536.jpg 2048w\" sizes=\"auto, (max-width: 1024px) 100vw, 1024px\" \/><\/a><figcaption class=\"wp-element-caption\">Subotica &#8211; 02\/08\/19<\/figcaption><\/figure>\n\n\n\n<figure class=\"wp-block-image size-large\"><a href=\"https:\/\/vadrouilles.xyz\/wp-content\/uploads\/2023\/01\/346-scaled.jpg\"><img loading=\"lazy\" decoding=\"async\" width=\"768\" height=\"1024\" data-id=\"287\" src=\"https:\/\/vadrouilles.xyz\/wp-content\/uploads\/2023\/01\/346-768x1024.jpg\" alt=\"\" class=\"wp-image-287\" srcset=\"https:\/\/vadrouilles.xyz\/wp-content\/uploads\/2023\/01\/346-768x1024.jpg 768w, https:\/\/vadrouilles.xyz\/wp-content\/uploads\/2023\/01\/346-225x300.jpg 225w, https:\/\/vadrouilles.xyz\/wp-content\/uploads\/2023\/01\/346-1152x1536.jpg 1152w, https:\/\/vadrouilles.xyz\/wp-content\/uploads\/2023\/01\/346-1536x2048.jpg 1536w, https:\/\/vadrouilles.xyz\/wp-content\/uploads\/2023\/01\/346-scaled.jpg 1920w\" sizes=\"auto, (max-width: 768px) 100vw, 768px\" \/><\/a><figcaption class=\"wp-element-caption\">Lepenski vir &#8211; 25\/07\/19<\/figcaption><\/figure>\n\n\n\n<figure class=\"wp-block-image size-large\"><a href=\"https:\/\/vadrouilles.xyz\/wp-content\/uploads\/2023\/01\/355-scaled.jpg\"><img loading=\"lazy\" decoding=\"async\" width=\"768\" height=\"1024\" data-id=\"290\" src=\"https:\/\/vadrouilles.xyz\/wp-content\/uploads\/2023\/01\/355-768x1024.jpg\" alt=\"\" class=\"wp-image-290\" srcset=\"https:\/\/vadrouilles.xyz\/wp-content\/uploads\/2023\/01\/355-768x1024.jpg 768w, https:\/\/vadrouilles.xyz\/wp-content\/uploads\/2023\/01\/355-225x300.jpg 225w, https:\/\/vadrouilles.xyz\/wp-content\/uploads\/2023\/01\/355-1152x1536.jpg 1152w, https:\/\/vadrouilles.xyz\/wp-content\/uploads\/2023\/01\/355-1536x2048.jpg 1536w, https:\/\/vadrouilles.xyz\/wp-content\/uploads\/2023\/01\/355-scaled.jpg 1920w\" sizes=\"auto, (max-width: 768px) 100vw, 768px\" \/><\/a><figcaption class=\"wp-element-caption\">Smederevo &#8211; 26\/07\/19<\/figcaption><\/figure>\n<\/figure>\n","protected":false},"excerpt":{"rendered":"<p>Juillet-Ao\u00fbt 2019 Travers\u00e9e du sud au nord : voir Chroniques Europ\u00e9ennes<\/p>\n","protected":false},"author":1,"featured_media":0,"parent":0,"menu_order":0,"comment_status":"closed","ping_status":"closed","template":"","meta":{"footnotes":""},"class_list":["post-8134","page","type-page","status-publish","hentry"],"_links":{"self":[{"href":"https:\/\/vadrouilles.xyz\/index.php?rest_route=\/wp\/v2\/pages\/8134","targetHints":{"allow":["GET"]}}],"collection":[{"href":"https:\/\/vadrouilles.xyz\/index.php?rest_route=\/wp\/v2\/pages"}],"about":[{"href":"https:\/\/vadrouilles.xyz\/index.php?rest_route=\/wp\/v2\/types\/page"}],"author":[{"embeddable":true,"href":"https:\/\/vadrouilles.xyz\/index.php?rest_route=\/wp\/v2\/users\/1"}],"replies":[{"embeddable":true,"href":"https:\/\/vadrouilles.xyz\/index.php?rest_route=%2Fwp%2Fv2%2Fcomments&post=8134"}],"version-history":[{"count":2,"href":"https:\/\/vadrouilles.xyz\/index.php?rest_route=\/wp\/v2\/pages\/8134\/revisions"}],"predecessor-version":[{"id":13685,"href":"https:\/\/vadrouilles.xyz\/index.php?rest_route=\/wp\/v2\/pages\/8134\/revisions\/13685"}],"wp:attachment":[{"href":"https:\/\/vadrouilles.xyz\/index.php?rest_route=%2Fwp%2Fv2%2Fmedia&parent=8134"}],"curies":[{"name":"wp","href":"https:\/\/api.w.org\/{rel}","templated":true}]}}