{"id":8130,"date":"2024-11-13T15:41:44","date_gmt":"2024-11-13T14:41:44","guid":{"rendered":"https:\/\/vadrouilles.xyz\/?page_id=8130"},"modified":"2025-10-15T19:27:22","modified_gmt":"2025-10-15T18:27:22","slug":"grece","status":"publish","type":"page","link":"https:\/\/vadrouilles.xyz\/?page_id=8130","title":{"rendered":"Gr\u00e8ce"},"content":{"rendered":"\n<p><strong>Juin-Juillet 2019<\/strong><\/p>\n\n\n\n<p>Travers\u00e9e de l&rsquo;Albanie vers Ath\u00e8nes, puis direction la Mac\u00e9doine : voir <a href=\"https:\/\/vadrouilles.xyz\/?page_id=21\" data-type=\"page\" data-id=\"21\">Chroniques Europ\u00e9ennes<\/a><\/p>\n\n\n\n<figure class=\"wp-block-gallery has-nested-images columns-2 wp-block-gallery-1 is-layout-flex wp-block-gallery-is-layout-flex\">\n<figure class=\"wp-block-image size-large\"><a href=\"https:\/\/vadrouilles.xyz\/wp-content\/uploads\/2023\/01\/281-scaled.jpg\"><img loading=\"lazy\" decoding=\"async\" width=\"1024\" height=\"768\" data-id=\"273\" src=\"https:\/\/vadrouilles.xyz\/wp-content\/uploads\/2023\/01\/281-1024x768.jpg\" alt=\"\" class=\"wp-image-273\" srcset=\"https:\/\/vadrouilles.xyz\/wp-content\/uploads\/2023\/01\/281-1024x768.jpg 1024w, https:\/\/vadrouilles.xyz\/wp-content\/uploads\/2023\/01\/281-300x225.jpg 300w, https:\/\/vadrouilles.xyz\/wp-content\/uploads\/2023\/01\/281-768x576.jpg 768w, https:\/\/vadrouilles.xyz\/wp-content\/uploads\/2023\/01\/281-1536x1152.jpg 1536w, https:\/\/vadrouilles.xyz\/wp-content\/uploads\/2023\/01\/281-2048x1536.jpg 2048w\" sizes=\"auto, (max-width: 1024px) 100vw, 1024px\" \/><\/a><figcaption class=\"wp-element-caption\">Nicopolis &#8211; 17\/06\/19<\/figcaption><\/figure>\n\n\n\n<figure class=\"wp-block-image size-large\"><a href=\"https:\/\/vadrouilles.xyz\/wp-content\/uploads\/2023\/01\/248-scaled.jpg\"><img loading=\"lazy\" decoding=\"async\" width=\"1024\" height=\"768\" data-id=\"268\" src=\"https:\/\/vadrouilles.xyz\/wp-content\/uploads\/2023\/01\/248-1024x768.jpg\" alt=\"\" class=\"wp-image-268\" srcset=\"https:\/\/vadrouilles.xyz\/wp-content\/uploads\/2023\/01\/248-1024x768.jpg 1024w, https:\/\/vadrouilles.xyz\/wp-content\/uploads\/2023\/01\/248-300x225.jpg 300w, https:\/\/vadrouilles.xyz\/wp-content\/uploads\/2023\/01\/248-768x576.jpg 768w, https:\/\/vadrouilles.xyz\/wp-content\/uploads\/2023\/01\/248-1536x1152.jpg 1536w, https:\/\/vadrouilles.xyz\/wp-content\/uploads\/2023\/01\/248-2048x1536.jpg 2048w\" sizes=\"auto, (max-width: 1024px) 100vw, 1024px\" \/><\/a><figcaption class=\"wp-element-caption\">Nafpaktos &#8211; 20\/06\/19<\/figcaption><\/figure>\n\n\n\n<figure class=\"wp-block-image size-large\"><a href=\"https:\/\/vadrouilles.xyz\/wp-content\/uploads\/2023\/01\/292-scaled.jpg\"><img loading=\"lazy\" decoding=\"async\" width=\"1024\" height=\"768\" data-id=\"274\" src=\"https:\/\/vadrouilles.xyz\/wp-content\/uploads\/2023\/01\/292-1024x768.jpg\" alt=\"\" class=\"wp-image-274\" srcset=\"https:\/\/vadrouilles.xyz\/wp-content\/uploads\/2023\/01\/292-1024x768.jpg 1024w, https:\/\/vadrouilles.xyz\/wp-content\/uploads\/2023\/01\/292-300x225.jpg 300w, https:\/\/vadrouilles.xyz\/wp-content\/uploads\/2023\/01\/292-768x576.jpg 768w, https:\/\/vadrouilles.xyz\/wp-content\/uploads\/2023\/01\/292-1536x1152.jpg 1536w, https:\/\/vadrouilles.xyz\/wp-content\/uploads\/2023\/01\/292-2048x1536.jpg 2048w\" sizes=\"auto, (max-width: 1024px) 100vw, 1024px\" \/><\/a><figcaption class=\"wp-element-caption\">Pont Rion-Antirion &#8211; 21\/06\/19<\/figcaption><\/figure>\n\n\n\n<figure class=\"wp-block-image size-large\"><a href=\"https:\/\/vadrouilles.xyz\/wp-content\/uploads\/2023\/01\/258-scaled.jpg\"><img loading=\"lazy\" decoding=\"async\" width=\"1024\" height=\"768\" data-id=\"269\" src=\"https:\/\/vadrouilles.xyz\/wp-content\/uploads\/2023\/01\/258-1024x768.jpg\" alt=\"\" class=\"wp-image-269\" srcset=\"https:\/\/vadrouilles.xyz\/wp-content\/uploads\/2023\/01\/258-1024x768.jpg 1024w, https:\/\/vadrouilles.xyz\/wp-content\/uploads\/2023\/01\/258-300x225.jpg 300w, https:\/\/vadrouilles.xyz\/wp-content\/uploads\/2023\/01\/258-768x576.jpg 768w, https:\/\/vadrouilles.xyz\/wp-content\/uploads\/2023\/01\/258-1536x1152.jpg 1536w, https:\/\/vadrouilles.xyz\/wp-content\/uploads\/2023\/01\/258-2048x1536.jpg 2048w\" sizes=\"auto, (max-width: 1024px) 100vw, 1024px\" \/><\/a><figcaption class=\"wp-element-caption\">Nafplio &#8211; 22\/06\/19<\/figcaption><\/figure>\n\n\n\n<figure class=\"wp-block-image size-large\"><a href=\"https:\/\/vadrouilles.xyz\/wp-content\/uploads\/2023\/01\/305-scaled.jpg\"><img loading=\"lazy\" decoding=\"async\" width=\"1024\" height=\"768\" data-id=\"275\" src=\"https:\/\/vadrouilles.xyz\/wp-content\/uploads\/2023\/01\/305-1024x768.jpg\" alt=\"\" class=\"wp-image-275\" srcset=\"https:\/\/vadrouilles.xyz\/wp-content\/uploads\/2023\/01\/305-1024x768.jpg 1024w, https:\/\/vadrouilles.xyz\/wp-content\/uploads\/2023\/01\/305-300x225.jpg 300w, https:\/\/vadrouilles.xyz\/wp-content\/uploads\/2023\/01\/305-768x576.jpg 768w, https:\/\/vadrouilles.xyz\/wp-content\/uploads\/2023\/01\/305-1536x1152.jpg 1536w, https:\/\/vadrouilles.xyz\/wp-content\/uploads\/2023\/01\/305-2048x1536.jpg 2048w\" sizes=\"auto, (max-width: 1024px) 100vw, 1024px\" \/><\/a><figcaption class=\"wp-element-caption\">Nafplio &#8211; 23\/06\/19<\/figcaption><\/figure>\n\n\n\n<figure class=\"wp-block-image size-large\"><a href=\"https:\/\/vadrouilles.xyz\/wp-content\/uploads\/2023\/01\/266-scaled.jpg\"><img loading=\"lazy\" decoding=\"async\" width=\"1024\" height=\"768\" data-id=\"271\" src=\"https:\/\/vadrouilles.xyz\/wp-content\/uploads\/2023\/01\/266-1024x768.jpg\" alt=\"\" class=\"wp-image-271\" srcset=\"https:\/\/vadrouilles.xyz\/wp-content\/uploads\/2023\/01\/266-1024x768.jpg 1024w, https:\/\/vadrouilles.xyz\/wp-content\/uploads\/2023\/01\/266-300x225.jpg 300w, https:\/\/vadrouilles.xyz\/wp-content\/uploads\/2023\/01\/266-768x576.jpg 768w, https:\/\/vadrouilles.xyz\/wp-content\/uploads\/2023\/01\/266-1536x1152.jpg 1536w, https:\/\/vadrouilles.xyz\/wp-content\/uploads\/2023\/01\/266-2048x1536.jpg 2048w\" sizes=\"auto, (max-width: 1024px) 100vw, 1024px\" \/><\/a><figcaption class=\"wp-element-caption\">Nafplio &#8211; 24\/06\/19<\/figcaption><\/figure>\n\n\n\n<figure class=\"wp-block-image size-large\"><a href=\"https:\/\/vadrouilles.xyz\/wp-content\/uploads\/2023\/01\/269-scaled.jpg\"><img loading=\"lazy\" decoding=\"async\" width=\"1024\" height=\"768\" data-id=\"272\" src=\"https:\/\/vadrouilles.xyz\/wp-content\/uploads\/2023\/01\/269-1024x768.jpg\" alt=\"\" class=\"wp-image-272\" srcset=\"https:\/\/vadrouilles.xyz\/wp-content\/uploads\/2023\/01\/269-1024x768.jpg 1024w, https:\/\/vadrouilles.xyz\/wp-content\/uploads\/2023\/01\/269-300x225.jpg 300w, https:\/\/vadrouilles.xyz\/wp-content\/uploads\/2023\/01\/269-768x576.jpg 768w, https:\/\/vadrouilles.xyz\/wp-content\/uploads\/2023\/01\/269-1536x1152.jpg 1536w, https:\/\/vadrouilles.xyz\/wp-content\/uploads\/2023\/01\/269-2048x1536.jpg 2048w\" sizes=\"auto, (max-width: 1024px) 100vw, 1024px\" \/><\/a><figcaption class=\"wp-element-caption\">Archaia Korinthos &#8211; 26\/06\/19<\/figcaption><\/figure>\n\n\n\n<figure class=\"wp-block-image size-large\"><a href=\"https:\/\/vadrouilles.xyz\/wp-content\/uploads\/2023\/01\/246-scaled.jpg\"><img loading=\"lazy\" decoding=\"async\" width=\"1024\" height=\"768\" data-id=\"267\" src=\"https:\/\/vadrouilles.xyz\/wp-content\/uploads\/2023\/01\/246-1024x768.jpg\" alt=\"\" class=\"wp-image-267\" srcset=\"https:\/\/vadrouilles.xyz\/wp-content\/uploads\/2023\/01\/246-1024x768.jpg 1024w, https:\/\/vadrouilles.xyz\/wp-content\/uploads\/2023\/01\/246-300x225.jpg 300w, https:\/\/vadrouilles.xyz\/wp-content\/uploads\/2023\/01\/246-768x576.jpg 768w, https:\/\/vadrouilles.xyz\/wp-content\/uploads\/2023\/01\/246-1536x1152.jpg 1536w, https:\/\/vadrouilles.xyz\/wp-content\/uploads\/2023\/01\/246-2048x1536.jpg 2048w\" sizes=\"auto, (max-width: 1024px) 100vw, 1024px\" \/><\/a><figcaption class=\"wp-element-caption\">Canal de Corinthe &#8211; 27\/06\/19<\/figcaption><\/figure>\n\n\n\n<figure class=\"wp-block-image size-large\"><a href=\"https:\/\/vadrouilles.xyz\/wp-content\/uploads\/2023\/01\/308-scaled.jpg\"><img loading=\"lazy\" decoding=\"async\" width=\"1024\" height=\"768\" data-id=\"276\" src=\"https:\/\/vadrouilles.xyz\/wp-content\/uploads\/2023\/01\/308-1024x768.jpg\" alt=\"\" class=\"wp-image-276\" srcset=\"https:\/\/vadrouilles.xyz\/wp-content\/uploads\/2023\/01\/308-1024x768.jpg 1024w, https:\/\/vadrouilles.xyz\/wp-content\/uploads\/2023\/01\/308-300x225.jpg 300w, https:\/\/vadrouilles.xyz\/wp-content\/uploads\/2023\/01\/308-768x576.jpg 768w, https:\/\/vadrouilles.xyz\/wp-content\/uploads\/2023\/01\/308-1536x1152.jpg 1536w, https:\/\/vadrouilles.xyz\/wp-content\/uploads\/2023\/01\/308-2048x1536.jpg 2048w\" sizes=\"auto, (max-width: 1024px) 100vw, 1024px\" \/><\/a><figcaption class=\"wp-element-caption\">Ath\u00e8nes &#8211; 29\/06\/19<\/figcaption><\/figure>\n\n\n\n<figure class=\"wp-block-image size-large\"><a href=\"https:\/\/vadrouilles.xyz\/wp-content\/uploads\/2023\/01\/233-scaled.jpg\"><img loading=\"lazy\" decoding=\"async\" width=\"1024\" height=\"768\" data-id=\"266\" src=\"https:\/\/vadrouilles.xyz\/wp-content\/uploads\/2023\/01\/233-1024x768.jpg\" alt=\"\" class=\"wp-image-266\" srcset=\"https:\/\/vadrouilles.xyz\/wp-content\/uploads\/2023\/01\/233-1024x768.jpg 1024w, https:\/\/vadrouilles.xyz\/wp-content\/uploads\/2023\/01\/233-300x225.jpg 300w, https:\/\/vadrouilles.xyz\/wp-content\/uploads\/2023\/01\/233-768x576.jpg 768w, https:\/\/vadrouilles.xyz\/wp-content\/uploads\/2023\/01\/233-1536x1152.jpg 1536w, https:\/\/vadrouilles.xyz\/wp-content\/uploads\/2023\/01\/233-2048x1536.jpg 2048w\" sizes=\"auto, (max-width: 1024px) 100vw, 1024px\" \/><\/a><figcaption class=\"wp-element-caption\">Aegina &#8211; 02\/07\/19<\/figcaption><\/figure>\n\n\n\n<figure class=\"wp-block-image size-large\"><a href=\"https:\/\/vadrouilles.xyz\/wp-content\/uploads\/2023\/01\/225-scaled.jpg\"><img loading=\"lazy\" decoding=\"async\" width=\"1024\" height=\"768\" data-id=\"264\" src=\"https:\/\/vadrouilles.xyz\/wp-content\/uploads\/2023\/01\/225-1024x768.jpg\" alt=\"\" class=\"wp-image-264\" srcset=\"https:\/\/vadrouilles.xyz\/wp-content\/uploads\/2023\/01\/225-1024x768.jpg 1024w, https:\/\/vadrouilles.xyz\/wp-content\/uploads\/2023\/01\/225-300x225.jpg 300w, https:\/\/vadrouilles.xyz\/wp-content\/uploads\/2023\/01\/225-768x576.jpg 768w, https:\/\/vadrouilles.xyz\/wp-content\/uploads\/2023\/01\/225-1536x1152.jpg 1536w, https:\/\/vadrouilles.xyz\/wp-content\/uploads\/2023\/01\/225-2048x1536.jpg 2048w\" sizes=\"auto, (max-width: 1024px) 100vw, 1024px\" \/><\/a><figcaption class=\"wp-element-caption\">Les M\u00e9t\u00e9ores &#8211; 06\/07\/19<\/figcaption><\/figure>\n\n\n\n<figure class=\"wp-block-image size-large\"><a href=\"https:\/\/vadrouilles.xyz\/wp-content\/uploads\/2023\/01\/229-scaled.jpg\"><img loading=\"lazy\" decoding=\"async\" width=\"1024\" height=\"768\" data-id=\"265\" src=\"https:\/\/vadrouilles.xyz\/wp-content\/uploads\/2023\/01\/229-1024x768.jpg\" alt=\"\" class=\"wp-image-265\" srcset=\"https:\/\/vadrouilles.xyz\/wp-content\/uploads\/2023\/01\/229-1024x768.jpg 1024w, https:\/\/vadrouilles.xyz\/wp-content\/uploads\/2023\/01\/229-300x225.jpg 300w, https:\/\/vadrouilles.xyz\/wp-content\/uploads\/2023\/01\/229-768x576.jpg 768w, https:\/\/vadrouilles.xyz\/wp-content\/uploads\/2023\/01\/229-1536x1152.jpg 1536w, https:\/\/vadrouilles.xyz\/wp-content\/uploads\/2023\/01\/229-2048x1536.jpg 2048w\" sizes=\"auto, (max-width: 1024px) 100vw, 1024px\" \/><\/a><figcaption class=\"wp-element-caption\">Kalambaka &#8211; 07\/07\/19<\/figcaption><\/figure>\n\n\n\n<figure class=\"wp-block-image size-large\"><a href=\"https:\/\/vadrouilles.xyz\/wp-content\/uploads\/2023\/01\/262-scaled.jpg\"><img loading=\"lazy\" decoding=\"async\" width=\"768\" height=\"1024\" data-id=\"270\" src=\"https:\/\/vadrouilles.xyz\/wp-content\/uploads\/2023\/01\/262-768x1024.jpg\" alt=\"\" class=\"wp-image-270\" srcset=\"https:\/\/vadrouilles.xyz\/wp-content\/uploads\/2023\/01\/262-768x1024.jpg 768w, https:\/\/vadrouilles.xyz\/wp-content\/uploads\/2023\/01\/262-225x300.jpg 225w, https:\/\/vadrouilles.xyz\/wp-content\/uploads\/2023\/01\/262-1152x1536.jpg 1152w, https:\/\/vadrouilles.xyz\/wp-content\/uploads\/2023\/01\/262-1536x2048.jpg 1536w, https:\/\/vadrouilles.xyz\/wp-content\/uploads\/2023\/01\/262-scaled.jpg 1920w\" sizes=\"auto, (max-width: 768px) 100vw, 768px\" \/><\/a><figcaption class=\"wp-element-caption\">Ath\u00e8nes &#8211; 28\/06\/19<\/figcaption><\/figure>\n<\/figure>\n","protected":false},"excerpt":{"rendered":"<p>Juin-Juillet 2019 Travers\u00e9e de l&rsquo;Albanie vers Ath\u00e8nes, puis direction la Mac\u00e9doine : voir Chroniques Europ\u00e9ennes<\/p>\n","protected":false},"author":1,"featured_media":0,"parent":0,"menu_order":0,"comment_status":"closed","ping_status":"closed","template":"","meta":{"footnotes":""},"class_list":["post-8130","page","type-page","status-publish","hentry"],"_links":{"self":[{"href":"https:\/\/vadrouilles.xyz\/index.php?rest_route=\/wp\/v2\/pages\/8130","targetHints":{"allow":["GET"]}}],"collection":[{"href":"https:\/\/vadrouilles.xyz\/index.php?rest_route=\/wp\/v2\/pages"}],"about":[{"href":"https:\/\/vadrouilles.xyz\/index.php?rest_route=\/wp\/v2\/types\/page"}],"author":[{"embeddable":true,"href":"https:\/\/vadrouilles.xyz\/index.php?rest_route=\/wp\/v2\/users\/1"}],"replies":[{"embeddable":true,"href":"https:\/\/vadrouilles.xyz\/index.php?rest_route=%2Fwp%2Fv2%2Fcomments&post=8130"}],"version-history":[{"count":2,"href":"https:\/\/vadrouilles.xyz\/index.php?rest_route=\/wp\/v2\/pages\/8130\/revisions"}],"predecessor-version":[{"id":13644,"href":"https:\/\/vadrouilles.xyz\/index.php?rest_route=\/wp\/v2\/pages\/8130\/revisions\/13644"}],"wp:attachment":[{"href":"https:\/\/vadrouilles.xyz\/index.php?rest_route=%2Fwp%2Fv2%2Fmedia&parent=8130"}],"curies":[{"name":"wp","href":"https:\/\/api.w.org\/{rel}","templated":true}]}}