{"id":8122,"date":"2024-11-13T15:35:40","date_gmt":"2024-11-13T14:35:40","guid":{"rendered":"https:\/\/vadrouilles.xyz\/?page_id=8122"},"modified":"2025-10-15T19:34:08","modified_gmt":"2025-10-15T18:34:08","slug":"italie","status":"publish","type":"page","link":"https:\/\/vadrouilles.xyz\/?page_id=8122","title":{"rendered":"Italie"},"content":{"rendered":"\n<p><strong>Avril-Mai 2019<\/strong><\/p>\n\n\n\n<p>Travers\u00e9e de la plaine du P\u00f4 d&rsquo;ouest en est : voir <a href=\"https:\/\/vadrouilles.xyz\/?page_id=21\" data-type=\"page\" data-id=\"21\">Chroniques Europ\u00e9ennes<\/a><\/p>\n\n\n\n<figure class=\"wp-block-gallery has-nested-images columns-2 wp-block-gallery-1 is-layout-flex wp-block-gallery-is-layout-flex\">\n<figure class=\"wp-block-image size-large\"><a href=\"https:\/\/vadrouilles.xyz\/wp-content\/uploads\/2023\/01\/56-1-scaled.jpg\"><img loading=\"lazy\" decoding=\"async\" width=\"1024\" height=\"768\" data-id=\"234\" src=\"https:\/\/vadrouilles.xyz\/wp-content\/uploads\/2023\/01\/56-1-1024x768.jpg\" alt=\"\" class=\"wp-image-234\" srcset=\"https:\/\/vadrouilles.xyz\/wp-content\/uploads\/2023\/01\/56-1-1024x768.jpg 1024w, https:\/\/vadrouilles.xyz\/wp-content\/uploads\/2023\/01\/56-1-300x225.jpg 300w, https:\/\/vadrouilles.xyz\/wp-content\/uploads\/2023\/01\/56-1-768x576.jpg 768w, https:\/\/vadrouilles.xyz\/wp-content\/uploads\/2023\/01\/56-1-1536x1152.jpg 1536w, https:\/\/vadrouilles.xyz\/wp-content\/uploads\/2023\/01\/56-1-2048x1536.jpg 2048w\" sizes=\"auto, (max-width: 1024px) 100vw, 1024px\" \/><\/a><figcaption class=\"wp-element-caption\">Garlasco &#8211; 26\/04\/19<\/figcaption><\/figure>\n\n\n\n<figure class=\"wp-block-image size-large\"><a href=\"https:\/\/vadrouilles.xyz\/wp-content\/uploads\/2023\/01\/81-scaled.jpg\"><img loading=\"lazy\" decoding=\"async\" width=\"1024\" height=\"768\" data-id=\"235\" src=\"https:\/\/vadrouilles.xyz\/wp-content\/uploads\/2023\/01\/81-1024x768.jpg\" alt=\"\" class=\"wp-image-235\" srcset=\"https:\/\/vadrouilles.xyz\/wp-content\/uploads\/2023\/01\/81-1024x768.jpg 1024w, https:\/\/vadrouilles.xyz\/wp-content\/uploads\/2023\/01\/81-300x225.jpg 300w, https:\/\/vadrouilles.xyz\/wp-content\/uploads\/2023\/01\/81-768x576.jpg 768w, https:\/\/vadrouilles.xyz\/wp-content\/uploads\/2023\/01\/81-1536x1152.jpg 1536w, https:\/\/vadrouilles.xyz\/wp-content\/uploads\/2023\/01\/81-2048x1536.jpg 2048w\" sizes=\"auto, (max-width: 1024px) 100vw, 1024px\" \/><\/a><figcaption class=\"wp-element-caption\">Torino &#8211; 22\/04\/19<\/figcaption><\/figure>\n\n\n\n<figure class=\"wp-block-image size-large\"><a href=\"https:\/\/vadrouilles.xyz\/wp-content\/uploads\/2023\/01\/88-scaled.jpg\"><img loading=\"lazy\" decoding=\"async\" width=\"1024\" height=\"768\" data-id=\"236\" src=\"https:\/\/vadrouilles.xyz\/wp-content\/uploads\/2023\/01\/88-1024x768.jpg\" alt=\"\" class=\"wp-image-236\" srcset=\"https:\/\/vadrouilles.xyz\/wp-content\/uploads\/2023\/01\/88-1024x768.jpg 1024w, https:\/\/vadrouilles.xyz\/wp-content\/uploads\/2023\/01\/88-300x225.jpg 300w, https:\/\/vadrouilles.xyz\/wp-content\/uploads\/2023\/01\/88-768x576.jpg 768w, https:\/\/vadrouilles.xyz\/wp-content\/uploads\/2023\/01\/88-1536x1152.jpg 1536w, https:\/\/vadrouilles.xyz\/wp-content\/uploads\/2023\/01\/88-2048x1536.jpg 2048w\" sizes=\"auto, (max-width: 1024px) 100vw, 1024px\" \/><\/a><figcaption class=\"wp-element-caption\">Cremona &#8211; 28\/04\/19<\/figcaption><\/figure>\n\n\n\n<figure class=\"wp-block-image size-large\"><a href=\"https:\/\/vadrouilles.xyz\/wp-content\/uploads\/2023\/01\/100-scaled.jpg\"><img loading=\"lazy\" decoding=\"async\" width=\"1024\" height=\"768\" data-id=\"237\" src=\"https:\/\/vadrouilles.xyz\/wp-content\/uploads\/2023\/01\/100-1024x768.jpg\" alt=\"\" class=\"wp-image-237\" srcset=\"https:\/\/vadrouilles.xyz\/wp-content\/uploads\/2023\/01\/100-1024x768.jpg 1024w, https:\/\/vadrouilles.xyz\/wp-content\/uploads\/2023\/01\/100-300x225.jpg 300w, https:\/\/vadrouilles.xyz\/wp-content\/uploads\/2023\/01\/100-768x576.jpg 768w, https:\/\/vadrouilles.xyz\/wp-content\/uploads\/2023\/01\/100-1536x1152.jpg 1536w, https:\/\/vadrouilles.xyz\/wp-content\/uploads\/2023\/01\/100-2048x1536.jpg 2048w\" sizes=\"auto, (max-width: 1024px) 100vw, 1024px\" \/><\/a><figcaption class=\"wp-element-caption\">Venezia &#8211; 06\/05\/19<\/figcaption><\/figure>\n\n\n\n<figure class=\"wp-block-image size-large\"><a href=\"https:\/\/vadrouilles.xyz\/wp-content\/uploads\/2023\/01\/114-scaled.jpg\"><img loading=\"lazy\" decoding=\"async\" width=\"1024\" height=\"768\" data-id=\"238\" src=\"https:\/\/vadrouilles.xyz\/wp-content\/uploads\/2023\/01\/114-1024x768.jpg\" alt=\"\" class=\"wp-image-238\" srcset=\"https:\/\/vadrouilles.xyz\/wp-content\/uploads\/2023\/01\/114-1024x768.jpg 1024w, https:\/\/vadrouilles.xyz\/wp-content\/uploads\/2023\/01\/114-300x225.jpg 300w, https:\/\/vadrouilles.xyz\/wp-content\/uploads\/2023\/01\/114-768x576.jpg 768w, https:\/\/vadrouilles.xyz\/wp-content\/uploads\/2023\/01\/114-1536x1152.jpg 1536w, https:\/\/vadrouilles.xyz\/wp-content\/uploads\/2023\/01\/114-2048x1536.jpg 2048w\" sizes=\"auto, (max-width: 1024px) 100vw, 1024px\" \/><\/a><figcaption class=\"wp-element-caption\">Venezia &#8211; 07\/05\/19<\/figcaption><\/figure>\n<\/figure>\n","protected":false},"excerpt":{"rendered":"<p>Avril-Mai 2019 Travers\u00e9e de la plaine du P\u00f4 d&rsquo;ouest en est : voir Chroniques Europ\u00e9ennes<\/p>\n","protected":false},"author":1,"featured_media":0,"parent":0,"menu_order":0,"comment_status":"closed","ping_status":"closed","template":"","meta":{"footnotes":""},"class_list":["post-8122","page","type-page","status-publish","hentry"],"_links":{"self":[{"href":"https:\/\/vadrouilles.xyz\/index.php?rest_route=\/wp\/v2\/pages\/8122","targetHints":{"allow":["GET"]}}],"collection":[{"href":"https:\/\/vadrouilles.xyz\/index.php?rest_route=\/wp\/v2\/pages"}],"about":[{"href":"https:\/\/vadrouilles.xyz\/index.php?rest_route=\/wp\/v2\/types\/page"}],"author":[{"embeddable":true,"href":"https:\/\/vadrouilles.xyz\/index.php?rest_route=\/wp\/v2\/users\/1"}],"replies":[{"embeddable":true,"href":"https:\/\/vadrouilles.xyz\/index.php?rest_route=%2Fwp%2Fv2%2Fcomments&post=8122"}],"version-history":[{"count":2,"href":"https:\/\/vadrouilles.xyz\/index.php?rest_route=\/wp\/v2\/pages\/8122\/revisions"}],"predecessor-version":[{"id":13651,"href":"https:\/\/vadrouilles.xyz\/index.php?rest_route=\/wp\/v2\/pages\/8122\/revisions\/13651"}],"wp:attachment":[{"href":"https:\/\/vadrouilles.xyz\/index.php?rest_route=%2Fwp%2Fv2%2Fmedia&parent=8122"}],"curies":[{"name":"wp","href":"https:\/\/api.w.org\/{rel}","templated":true}]}}