{"id":8108,"date":"2024-11-13T15:27:34","date_gmt":"2024-11-13T14:27:34","guid":{"rendered":"https:\/\/vadrouilles.xyz\/?page_id=8108"},"modified":"2025-10-15T21:33:21","modified_gmt":"2025-10-15T20:33:21","slug":"rapa-nui-chili","status":"publish","type":"page","link":"https:\/\/vadrouilles.xyz\/?page_id=8108","title":{"rendered":"Rapa Nui (Chili)"},"content":{"rendered":"\n<p><strong>Novembre 2014<\/strong><\/p>\n\n\n\n<p>D\u00e9couverte de l&rsquo;\u00eele depuis Hanga Roa : voir <a href=\"https:\/\/vadrouilles.xyz\/?page_id=21\" data-type=\"page\" data-id=\"21\">De l&rsquo;Autre C\u00f4t\u00e9 du Monde<\/a> <\/p>\n\n\n\n<figure class=\"wp-block-gallery has-nested-images columns-2 wp-block-gallery-1 is-layout-flex wp-block-gallery-is-layout-flex\">\n<figure class=\"wp-block-image size-large\"><a href=\"https:\/\/vadrouilles.xyz\/wp-content\/uploads\/2023\/01\/252_Rano-Raraku-scaled.jpg\"><img loading=\"lazy\" decoding=\"async\" width=\"1024\" height=\"768\" data-id=\"157\" src=\"https:\/\/vadrouilles.xyz\/wp-content\/uploads\/2023\/01\/252_Rano-Raraku-1024x768.jpg\" alt=\"\" class=\"wp-image-157\" srcset=\"https:\/\/vadrouilles.xyz\/wp-content\/uploads\/2023\/01\/252_Rano-Raraku-1024x768.jpg 1024w, https:\/\/vadrouilles.xyz\/wp-content\/uploads\/2023\/01\/252_Rano-Raraku-300x225.jpg 300w, https:\/\/vadrouilles.xyz\/wp-content\/uploads\/2023\/01\/252_Rano-Raraku-768x576.jpg 768w, https:\/\/vadrouilles.xyz\/wp-content\/uploads\/2023\/01\/252_Rano-Raraku-1536x1152.jpg 1536w, https:\/\/vadrouilles.xyz\/wp-content\/uploads\/2023\/01\/252_Rano-Raraku-2048x1536.jpg 2048w\" sizes=\"auto, (max-width: 1024px) 100vw, 1024px\" \/><\/a><figcaption class=\"wp-element-caption\">Rano Raraku &#8211; 13\/11\/14<\/figcaption><\/figure>\n\n\n\n<figure class=\"wp-block-image size-large\"><a href=\"https:\/\/vadrouilles.xyz\/wp-content\/uploads\/2023\/01\/253_Anakena-Beach-scaled.jpg\"><img loading=\"lazy\" decoding=\"async\" width=\"1024\" height=\"768\" data-id=\"158\" src=\"https:\/\/vadrouilles.xyz\/wp-content\/uploads\/2023\/01\/253_Anakena-Beach-1024x768.jpg\" alt=\"\" class=\"wp-image-158\" srcset=\"https:\/\/vadrouilles.xyz\/wp-content\/uploads\/2023\/01\/253_Anakena-Beach-1024x768.jpg 1024w, https:\/\/vadrouilles.xyz\/wp-content\/uploads\/2023\/01\/253_Anakena-Beach-300x225.jpg 300w, https:\/\/vadrouilles.xyz\/wp-content\/uploads\/2023\/01\/253_Anakena-Beach-768x576.jpg 768w, https:\/\/vadrouilles.xyz\/wp-content\/uploads\/2023\/01\/253_Anakena-Beach-1536x1152.jpg 1536w, https:\/\/vadrouilles.xyz\/wp-content\/uploads\/2023\/01\/253_Anakena-Beach-2048x1536.jpg 2048w\" sizes=\"auto, (max-width: 1024px) 100vw, 1024px\" \/><\/a><figcaption class=\"wp-element-caption\">Anakena &#8211; 21\/11\/14<\/figcaption><\/figure>\n\n\n\n<figure class=\"wp-block-image size-large\"><a href=\"https:\/\/vadrouilles.xyz\/wp-content\/uploads\/2023\/01\/249_Ahu-Tongariki-scaled.jpg\"><img loading=\"lazy\" decoding=\"async\" width=\"1024\" height=\"768\" data-id=\"156\" src=\"https:\/\/vadrouilles.xyz\/wp-content\/uploads\/2023\/01\/249_Ahu-Tongariki-1024x768.jpg\" alt=\"\" class=\"wp-image-156\" srcset=\"https:\/\/vadrouilles.xyz\/wp-content\/uploads\/2023\/01\/249_Ahu-Tongariki-1024x768.jpg 1024w, https:\/\/vadrouilles.xyz\/wp-content\/uploads\/2023\/01\/249_Ahu-Tongariki-300x225.jpg 300w, https:\/\/vadrouilles.xyz\/wp-content\/uploads\/2023\/01\/249_Ahu-Tongariki-768x576.jpg 768w, https:\/\/vadrouilles.xyz\/wp-content\/uploads\/2023\/01\/249_Ahu-Tongariki-1536x1152.jpg 1536w, https:\/\/vadrouilles.xyz\/wp-content\/uploads\/2023\/01\/249_Ahu-Tongariki-2048x1536.jpg 2048w\" sizes=\"auto, (max-width: 1024px) 100vw, 1024px\" \/><\/a><figcaption class=\"wp-element-caption\">Ahu Tongariki &#8211; 21\/11\/14<\/figcaption><\/figure>\n<\/figure>\n","protected":false},"excerpt":{"rendered":"<p>Novembre 2014 D\u00e9couverte de l&rsquo;\u00eele depuis Hanga Roa : voir De l&rsquo;Autre C\u00f4t\u00e9 du Monde<\/p>\n","protected":false},"author":1,"featured_media":0,"parent":0,"menu_order":0,"comment_status":"closed","ping_status":"closed","template":"","meta":{"footnotes":""},"class_list":["post-8108","page","type-page","status-publish","hentry"],"_links":{"self":[{"href":"https:\/\/vadrouilles.xyz\/index.php?rest_route=\/wp\/v2\/pages\/8108","targetHints":{"allow":["GET"]}}],"collection":[{"href":"https:\/\/vadrouilles.xyz\/index.php?rest_route=\/wp\/v2\/pages"}],"about":[{"href":"https:\/\/vadrouilles.xyz\/index.php?rest_route=\/wp\/v2\/types\/page"}],"author":[{"embeddable":true,"href":"https:\/\/vadrouilles.xyz\/index.php?rest_route=\/wp\/v2\/users\/1"}],"replies":[{"embeddable":true,"href":"https:\/\/vadrouilles.xyz\/index.php?rest_route=%2Fwp%2Fv2%2Fcomments&post=8108"}],"version-history":[{"count":3,"href":"https:\/\/vadrouilles.xyz\/index.php?rest_route=\/wp\/v2\/pages\/8108\/revisions"}],"predecessor-version":[{"id":13681,"href":"https:\/\/vadrouilles.xyz\/index.php?rest_route=\/wp\/v2\/pages\/8108\/revisions\/13681"}],"wp:attachment":[{"href":"https:\/\/vadrouilles.xyz\/index.php?rest_route=%2Fwp%2Fv2%2Fmedia&parent=8108"}],"curies":[{"name":"wp","href":"https:\/\/api.w.org\/{rel}","templated":true}]}}