{"id":8106,"date":"2024-11-13T15:26:38","date_gmt":"2024-11-13T14:26:38","guid":{"rendered":"https:\/\/vadrouilles.xyz\/?page_id=8106"},"modified":"2025-10-15T21:16:17","modified_gmt":"2025-10-15T20:16:17","slug":"nouvelle-zelande","status":"publish","type":"page","link":"https:\/\/vadrouilles.xyz\/?page_id=8106","title":{"rendered":"Nouvelle-Z\u00e9lande"},"content":{"rendered":"\n<p><strong>Octobre-Novembre 2014<\/strong><\/p>\n\n\n\n<p>Parcours en van sur l&rsquo;\u00eele sud puis nord : voir <a href=\"https:\/\/vadrouilles.xyz\/?page_id=21\" data-type=\"page\" data-id=\"21\">De l&rsquo;Autre C\u00f4t\u00e9 du Monde<\/a><\/p>\n\n\n\n<figure class=\"wp-block-gallery has-nested-images columns-2 wp-block-gallery-1 is-layout-flex wp-block-gallery-is-layout-flex\">\n<figure class=\"wp-block-image size-large\"><a href=\"https:\/\/vadrouilles.xyz\/wp-content\/uploads\/2023\/01\/208_Milford-Sound_Scale-scaled.jpg\"><img loading=\"lazy\" decoding=\"async\" width=\"1024\" height=\"768\" data-id=\"150\" src=\"https:\/\/vadrouilles.xyz\/wp-content\/uploads\/2023\/01\/208_Milford-Sound_Scale-1024x768.jpg\" alt=\"\" class=\"wp-image-150\" srcset=\"https:\/\/vadrouilles.xyz\/wp-content\/uploads\/2023\/01\/208_Milford-Sound_Scale-1024x768.jpg 1024w, https:\/\/vadrouilles.xyz\/wp-content\/uploads\/2023\/01\/208_Milford-Sound_Scale-300x225.jpg 300w, https:\/\/vadrouilles.xyz\/wp-content\/uploads\/2023\/01\/208_Milford-Sound_Scale-768x576.jpg 768w, https:\/\/vadrouilles.xyz\/wp-content\/uploads\/2023\/01\/208_Milford-Sound_Scale-1536x1152.jpg 1536w, https:\/\/vadrouilles.xyz\/wp-content\/uploads\/2023\/01\/208_Milford-Sound_Scale-2048x1536.jpg 2048w\" sizes=\"auto, (max-width: 1024px) 100vw, 1024px\" \/><\/a><figcaption class=\"wp-element-caption\">Milford Sound &#8211; 08\/10\/14<\/figcaption><\/figure>\n\n\n\n<figure class=\"wp-block-image size-large\"><a href=\"https:\/\/vadrouilles.xyz\/wp-content\/uploads\/2023\/01\/221_Rotoiti-Lake-scaled.jpg\"><img loading=\"lazy\" decoding=\"async\" width=\"1024\" height=\"768\" data-id=\"151\" src=\"https:\/\/vadrouilles.xyz\/wp-content\/uploads\/2023\/01\/221_Rotoiti-Lake-1024x768.jpg\" alt=\"\" class=\"wp-image-151\" srcset=\"https:\/\/vadrouilles.xyz\/wp-content\/uploads\/2023\/01\/221_Rotoiti-Lake-1024x768.jpg 1024w, https:\/\/vadrouilles.xyz\/wp-content\/uploads\/2023\/01\/221_Rotoiti-Lake-300x225.jpg 300w, https:\/\/vadrouilles.xyz\/wp-content\/uploads\/2023\/01\/221_Rotoiti-Lake-768x576.jpg 768w, https:\/\/vadrouilles.xyz\/wp-content\/uploads\/2023\/01\/221_Rotoiti-Lake-1536x1152.jpg 1536w, https:\/\/vadrouilles.xyz\/wp-content\/uploads\/2023\/01\/221_Rotoiti-Lake-2048x1536.jpg 2048w\" sizes=\"auto, (max-width: 1024px) 100vw, 1024px\" \/><\/a><figcaption class=\"wp-element-caption\">Rotoiti Lake &#8211; 18\/10\/14<\/figcaption><\/figure>\n\n\n\n<figure class=\"wp-block-image size-large\"><a href=\"https:\/\/vadrouilles.xyz\/wp-content\/uploads\/2023\/01\/228_Mount-Taranaki-scaled.jpg\"><img loading=\"lazy\" decoding=\"async\" width=\"1024\" height=\"768\" data-id=\"152\" src=\"https:\/\/vadrouilles.xyz\/wp-content\/uploads\/2023\/01\/228_Mount-Taranaki-1024x768.jpg\" alt=\"\" class=\"wp-image-152\" srcset=\"https:\/\/vadrouilles.xyz\/wp-content\/uploads\/2023\/01\/228_Mount-Taranaki-1024x768.jpg 1024w, https:\/\/vadrouilles.xyz\/wp-content\/uploads\/2023\/01\/228_Mount-Taranaki-300x225.jpg 300w, https:\/\/vadrouilles.xyz\/wp-content\/uploads\/2023\/01\/228_Mount-Taranaki-768x576.jpg 768w, https:\/\/vadrouilles.xyz\/wp-content\/uploads\/2023\/01\/228_Mount-Taranaki-1536x1152.jpg 1536w, https:\/\/vadrouilles.xyz\/wp-content\/uploads\/2023\/01\/228_Mount-Taranaki-2048x1536.jpg 2048w\" sizes=\"auto, (max-width: 1024px) 100vw, 1024px\" \/><\/a><figcaption class=\"wp-element-caption\">Mount Taranaki &#8211; 28\/10\/14<\/figcaption><\/figure>\n\n\n\n<figure class=\"wp-block-image size-large\"><a href=\"https:\/\/vadrouilles.xyz\/wp-content\/uploads\/2023\/01\/231_Forgotten-World-Highway_Somewhere-else-scaled.jpg\"><img loading=\"lazy\" decoding=\"async\" width=\"1024\" height=\"768\" data-id=\"153\" src=\"https:\/\/vadrouilles.xyz\/wp-content\/uploads\/2023\/01\/231_Forgotten-World-Highway_Somewhere-else-1024x768.jpg\" alt=\"\" class=\"wp-image-153\" srcset=\"https:\/\/vadrouilles.xyz\/wp-content\/uploads\/2023\/01\/231_Forgotten-World-Highway_Somewhere-else-1024x768.jpg 1024w, https:\/\/vadrouilles.xyz\/wp-content\/uploads\/2023\/01\/231_Forgotten-World-Highway_Somewhere-else-300x225.jpg 300w, https:\/\/vadrouilles.xyz\/wp-content\/uploads\/2023\/01\/231_Forgotten-World-Highway_Somewhere-else-768x576.jpg 768w, https:\/\/vadrouilles.xyz\/wp-content\/uploads\/2023\/01\/231_Forgotten-World-Highway_Somewhere-else-1536x1152.jpg 1536w, https:\/\/vadrouilles.xyz\/wp-content\/uploads\/2023\/01\/231_Forgotten-World-Highway_Somewhere-else-2048x1536.jpg 2048w\" sizes=\"auto, (max-width: 1024px) 100vw, 1024px\" \/><\/a><figcaption class=\"wp-element-caption\">Forgotten World Highway (Km52) &#8211; 30\/10\/14<\/figcaption><\/figure>\n\n\n\n<figure class=\"wp-block-image size-large\"><a href=\"https:\/\/vadrouilles.xyz\/wp-content\/uploads\/2023\/01\/233_Mount-Ngauruhoe-AK-Mount-Doom-scaled.jpg\"><img loading=\"lazy\" decoding=\"async\" width=\"1024\" height=\"768\" data-id=\"154\" src=\"https:\/\/vadrouilles.xyz\/wp-content\/uploads\/2023\/01\/233_Mount-Ngauruhoe-AK-Mount-Doom-1024x768.jpg\" alt=\"\" class=\"wp-image-154\" srcset=\"https:\/\/vadrouilles.xyz\/wp-content\/uploads\/2023\/01\/233_Mount-Ngauruhoe-AK-Mount-Doom-1024x768.jpg 1024w, https:\/\/vadrouilles.xyz\/wp-content\/uploads\/2023\/01\/233_Mount-Ngauruhoe-AK-Mount-Doom-300x225.jpg 300w, https:\/\/vadrouilles.xyz\/wp-content\/uploads\/2023\/01\/233_Mount-Ngauruhoe-AK-Mount-Doom-768x576.jpg 768w, https:\/\/vadrouilles.xyz\/wp-content\/uploads\/2023\/01\/233_Mount-Ngauruhoe-AK-Mount-Doom-1536x1152.jpg 1536w, https:\/\/vadrouilles.xyz\/wp-content\/uploads\/2023\/01\/233_Mount-Ngauruhoe-AK-Mount-Doom-2048x1536.jpg 2048w\" sizes=\"auto, (max-width: 1024px) 100vw, 1024px\" \/><\/a><figcaption class=\"wp-element-caption\">Mount Ngauruhoe &#8211; 01\/11\/14<\/figcaption><\/figure>\n\n\n\n<figure class=\"wp-block-image size-large\"><a href=\"https:\/\/vadrouilles.xyz\/wp-content\/uploads\/2023\/01\/241_Mount-Eden-domine-Auckland-scaled.jpg\"><img loading=\"lazy\" decoding=\"async\" width=\"1024\" height=\"768\" data-id=\"155\" src=\"https:\/\/vadrouilles.xyz\/wp-content\/uploads\/2023\/01\/241_Mount-Eden-domine-Auckland-1024x768.jpg\" alt=\"\" class=\"wp-image-155\" srcset=\"https:\/\/vadrouilles.xyz\/wp-content\/uploads\/2023\/01\/241_Mount-Eden-domine-Auckland-1024x768.jpg 1024w, https:\/\/vadrouilles.xyz\/wp-content\/uploads\/2023\/01\/241_Mount-Eden-domine-Auckland-300x225.jpg 300w, https:\/\/vadrouilles.xyz\/wp-content\/uploads\/2023\/01\/241_Mount-Eden-domine-Auckland-768x576.jpg 768w, https:\/\/vadrouilles.xyz\/wp-content\/uploads\/2023\/01\/241_Mount-Eden-domine-Auckland-1536x1152.jpg 1536w, https:\/\/vadrouilles.xyz\/wp-content\/uploads\/2023\/01\/241_Mount-Eden-domine-Auckland-2048x1536.jpg 2048w\" sizes=\"auto, (max-width: 1024px) 100vw, 1024px\" \/><\/a><figcaption class=\"wp-element-caption\">Auckland &#8211; 09\/11\/14<\/figcaption><\/figure>\n<\/figure>\n","protected":false},"excerpt":{"rendered":"<p>Octobre-Novembre 2014 Parcours en van sur l&rsquo;\u00eele sud puis nord : voir De l&rsquo;Autre C\u00f4t\u00e9 du Monde<\/p>\n","protected":false},"author":1,"featured_media":0,"parent":0,"menu_order":0,"comment_status":"closed","ping_status":"closed","template":"","meta":{"footnotes":""},"class_list":["post-8106","page","type-page","status-publish","hentry"],"_links":{"self":[{"href":"https:\/\/vadrouilles.xyz\/index.php?rest_route=\/wp\/v2\/pages\/8106","targetHints":{"allow":["GET"]}}],"collection":[{"href":"https:\/\/vadrouilles.xyz\/index.php?rest_route=\/wp\/v2\/pages"}],"about":[{"href":"https:\/\/vadrouilles.xyz\/index.php?rest_route=\/wp\/v2\/types\/page"}],"author":[{"embeddable":true,"href":"https:\/\/vadrouilles.xyz\/index.php?rest_route=\/wp\/v2\/users\/1"}],"replies":[{"embeddable":true,"href":"https:\/\/vadrouilles.xyz\/index.php?rest_route=%2Fwp%2Fv2%2Fcomments&post=8106"}],"version-history":[{"count":2,"href":"https:\/\/vadrouilles.xyz\/index.php?rest_route=\/wp\/v2\/pages\/8106\/revisions"}],"predecessor-version":[{"id":13669,"href":"https:\/\/vadrouilles.xyz\/index.php?rest_route=\/wp\/v2\/pages\/8106\/revisions\/13669"}],"wp:attachment":[{"href":"https:\/\/vadrouilles.xyz\/index.php?rest_route=%2Fwp%2Fv2%2Fmedia&parent=8106"}],"curies":[{"name":"wp","href":"https:\/\/api.w.org\/{rel}","templated":true}]}}