{"id":8103,"date":"2024-11-13T15:24:27","date_gmt":"2024-11-13T14:24:27","guid":{"rendered":"https:\/\/vadrouilles.xyz\/?page_id=8103"},"modified":"2025-10-15T18:26:35","modified_gmt":"2025-10-15T17:26:35","slug":"australie","status":"publish","type":"page","link":"https:\/\/vadrouilles.xyz\/?page_id=8103","title":{"rendered":"Australie"},"content":{"rendered":"\n<p><strong>Ao\u00fbt-Octobre 2014<\/strong><\/p>\n\n\n\n<p>Boucle en van de le c\u00f4te ouest au centre rouge : voir <a href=\"https:\/\/vadrouilles.xyz\/?page_id=21\" data-type=\"page\" data-id=\"21\">De l&rsquo;Autre C\u00f4t\u00e9 du Monde<\/a><\/p>\n\n\n\n<figure class=\"wp-block-gallery has-nested-images columns-2 wp-block-gallery-1 is-layout-flex wp-block-gallery-is-layout-flex\">\n<figure class=\"wp-block-image size-large\"><a href=\"https:\/\/vadrouilles.xyz\/wp-content\/uploads\/2023\/01\/144_Coast-before-Surfers-Paradise-scaled.jpg\"><img loading=\"lazy\" decoding=\"async\" width=\"1024\" height=\"768\" data-id=\"139\" src=\"https:\/\/vadrouilles.xyz\/wp-content\/uploads\/2023\/01\/144_Coast-before-Surfers-Paradise-1024x768.jpg\" alt=\"\" class=\"wp-image-139\" srcset=\"https:\/\/vadrouilles.xyz\/wp-content\/uploads\/2023\/01\/144_Coast-before-Surfers-Paradise-1024x768.jpg 1024w, https:\/\/vadrouilles.xyz\/wp-content\/uploads\/2023\/01\/144_Coast-before-Surfers-Paradise-300x225.jpg 300w, https:\/\/vadrouilles.xyz\/wp-content\/uploads\/2023\/01\/144_Coast-before-Surfers-Paradise-768x576.jpg 768w, https:\/\/vadrouilles.xyz\/wp-content\/uploads\/2023\/01\/144_Coast-before-Surfers-Paradise-1536x1152.jpg 1536w, https:\/\/vadrouilles.xyz\/wp-content\/uploads\/2023\/01\/144_Coast-before-Surfers-Paradise-2048x1536.jpg 2048w\" sizes=\"auto, (max-width: 1024px) 100vw, 1024px\" \/><\/a><figcaption class=\"wp-element-caption\">Burleigh Heads &#8211; 07\/08\/14<\/figcaption><\/figure>\n\n\n\n<figure class=\"wp-block-image size-large\"><a href=\"https:\/\/vadrouilles.xyz\/wp-content\/uploads\/2023\/01\/179_Hawker_Blue-Tongue-Lizzard-scaled.jpg\"><img loading=\"lazy\" decoding=\"async\" width=\"1024\" height=\"768\" data-id=\"144\" src=\"https:\/\/vadrouilles.xyz\/wp-content\/uploads\/2023\/01\/179_Hawker_Blue-Tongue-Lizzard-1024x768.jpg\" alt=\"\" class=\"wp-image-144\" srcset=\"https:\/\/vadrouilles.xyz\/wp-content\/uploads\/2023\/01\/179_Hawker_Blue-Tongue-Lizzard-1024x768.jpg 1024w, https:\/\/vadrouilles.xyz\/wp-content\/uploads\/2023\/01\/179_Hawker_Blue-Tongue-Lizzard-300x225.jpg 300w, https:\/\/vadrouilles.xyz\/wp-content\/uploads\/2023\/01\/179_Hawker_Blue-Tongue-Lizzard-768x576.jpg 768w, https:\/\/vadrouilles.xyz\/wp-content\/uploads\/2023\/01\/179_Hawker_Blue-Tongue-Lizzard-1536x1152.jpg 1536w, https:\/\/vadrouilles.xyz\/wp-content\/uploads\/2023\/01\/179_Hawker_Blue-Tongue-Lizzard-2048x1537.jpg 2048w\" sizes=\"auto, (max-width: 1024px) 100vw, 1024px\" \/><\/a><figcaption class=\"wp-element-caption\">Hawker &#8211; 08\/09\/14<\/figcaption><\/figure>\n\n\n\n<figure class=\"wp-block-image size-large\"><a href=\"https:\/\/vadrouilles.xyz\/wp-content\/uploads\/2023\/01\/186_Twelve-Apostles-scaled.jpg\"><img loading=\"lazy\" decoding=\"async\" width=\"1024\" height=\"768\" data-id=\"145\" src=\"https:\/\/vadrouilles.xyz\/wp-content\/uploads\/2023\/01\/186_Twelve-Apostles-1024x768.jpg\" alt=\"\" class=\"wp-image-145\" srcset=\"https:\/\/vadrouilles.xyz\/wp-content\/uploads\/2023\/01\/186_Twelve-Apostles-1024x768.jpg 1024w, https:\/\/vadrouilles.xyz\/wp-content\/uploads\/2023\/01\/186_Twelve-Apostles-300x225.jpg 300w, https:\/\/vadrouilles.xyz\/wp-content\/uploads\/2023\/01\/186_Twelve-Apostles-768x576.jpg 768w, https:\/\/vadrouilles.xyz\/wp-content\/uploads\/2023\/01\/186_Twelve-Apostles-1536x1152.jpg 1536w, https:\/\/vadrouilles.xyz\/wp-content\/uploads\/2023\/01\/186_Twelve-Apostles-2048x1536.jpg 2048w\" sizes=\"auto, (max-width: 1024px) 100vw, 1024px\" \/><\/a><figcaption class=\"wp-element-caption\">Great Ocean Road &#8211; 18\/09\/14<\/figcaption><\/figure>\n\n\n\n<figure class=\"wp-block-image size-large\"><a href=\"https:\/\/vadrouilles.xyz\/wp-content\/uploads\/2023\/01\/192_Downtown-Melbourne-scaled.jpg\"><img loading=\"lazy\" decoding=\"async\" width=\"1024\" height=\"768\" data-id=\"146\" src=\"https:\/\/vadrouilles.xyz\/wp-content\/uploads\/2023\/01\/192_Downtown-Melbourne-1024x768.jpg\" alt=\"\" class=\"wp-image-146\" srcset=\"https:\/\/vadrouilles.xyz\/wp-content\/uploads\/2023\/01\/192_Downtown-Melbourne-1024x768.jpg 1024w, https:\/\/vadrouilles.xyz\/wp-content\/uploads\/2023\/01\/192_Downtown-Melbourne-300x225.jpg 300w, https:\/\/vadrouilles.xyz\/wp-content\/uploads\/2023\/01\/192_Downtown-Melbourne-768x576.jpg 768w, https:\/\/vadrouilles.xyz\/wp-content\/uploads\/2023\/01\/192_Downtown-Melbourne-1536x1152.jpg 1536w, https:\/\/vadrouilles.xyz\/wp-content\/uploads\/2023\/01\/192_Downtown-Melbourne-2048x1536.jpg 2048w\" sizes=\"auto, (max-width: 1024px) 100vw, 1024px\" \/><\/a><figcaption class=\"wp-element-caption\">Melbourne &#8211; 23\/09\/14<\/figcaption><\/figure>\n\n\n\n<figure class=\"wp-block-image size-large\"><a href=\"https:\/\/vadrouilles.xyz\/wp-content\/uploads\/2023\/01\/199_Blue-Mountains_Bench-scaled.jpg\"><img loading=\"lazy\" decoding=\"async\" width=\"1024\" height=\"768\" data-id=\"147\" src=\"https:\/\/vadrouilles.xyz\/wp-content\/uploads\/2023\/01\/199_Blue-Mountains_Bench-1024x768.jpg\" alt=\"\" class=\"wp-image-147\" srcset=\"https:\/\/vadrouilles.xyz\/wp-content\/uploads\/2023\/01\/199_Blue-Mountains_Bench-1024x768.jpg 1024w, https:\/\/vadrouilles.xyz\/wp-content\/uploads\/2023\/01\/199_Blue-Mountains_Bench-300x225.jpg 300w, https:\/\/vadrouilles.xyz\/wp-content\/uploads\/2023\/01\/199_Blue-Mountains_Bench-768x576.jpg 768w, https:\/\/vadrouilles.xyz\/wp-content\/uploads\/2023\/01\/199_Blue-Mountains_Bench-1536x1152.jpg 1536w, https:\/\/vadrouilles.xyz\/wp-content\/uploads\/2023\/01\/199_Blue-Mountains_Bench-2048x1536.jpg 2048w\" sizes=\"auto, (max-width: 1024px) 100vw, 1024px\" \/><\/a><figcaption class=\"wp-element-caption\">Blue Mountains &#8211; 30\/09\/14<\/figcaption><\/figure>\n\n\n\n<figure class=\"wp-block-image size-large\"><a href=\"https:\/\/vadrouilles.xyz\/wp-content\/uploads\/2023\/01\/202_Sydney_Opera-scaled.jpg\"><img loading=\"lazy\" decoding=\"async\" width=\"1024\" height=\"768\" data-id=\"148\" src=\"https:\/\/vadrouilles.xyz\/wp-content\/uploads\/2023\/01\/202_Sydney_Opera-1024x768.jpg\" alt=\"\" class=\"wp-image-148\" srcset=\"https:\/\/vadrouilles.xyz\/wp-content\/uploads\/2023\/01\/202_Sydney_Opera-1024x768.jpg 1024w, https:\/\/vadrouilles.xyz\/wp-content\/uploads\/2023\/01\/202_Sydney_Opera-300x225.jpg 300w, https:\/\/vadrouilles.xyz\/wp-content\/uploads\/2023\/01\/202_Sydney_Opera-768x576.jpg 768w, https:\/\/vadrouilles.xyz\/wp-content\/uploads\/2023\/01\/202_Sydney_Opera-1536x1152.jpg 1536w, https:\/\/vadrouilles.xyz\/wp-content\/uploads\/2023\/01\/202_Sydney_Opera-2048x1536.jpg 2048w\" sizes=\"auto, (max-width: 1024px) 100vw, 1024px\" \/><\/a><figcaption class=\"wp-element-caption\">Sydney &#8211; 04\/10\/14<\/figcaption><\/figure>\n\n\n\n<figure class=\"wp-block-image size-large\"><a href=\"https:\/\/vadrouilles.xyz\/wp-content\/uploads\/2023\/01\/152_Sunset-near-Bowen-scaled.jpg\"><img loading=\"lazy\" decoding=\"async\" width=\"768\" height=\"1024\" data-id=\"140\" src=\"https:\/\/vadrouilles.xyz\/wp-content\/uploads\/2023\/01\/152_Sunset-near-Bowen-768x1024.jpg\" alt=\"\" class=\"wp-image-140\" srcset=\"https:\/\/vadrouilles.xyz\/wp-content\/uploads\/2023\/01\/152_Sunset-near-Bowen-768x1024.jpg 768w, https:\/\/vadrouilles.xyz\/wp-content\/uploads\/2023\/01\/152_Sunset-near-Bowen-225x300.jpg 225w, https:\/\/vadrouilles.xyz\/wp-content\/uploads\/2023\/01\/152_Sunset-near-Bowen-1152x1536.jpg 1152w, https:\/\/vadrouilles.xyz\/wp-content\/uploads\/2023\/01\/152_Sunset-near-Bowen-1536x2048.jpg 1536w, https:\/\/vadrouilles.xyz\/wp-content\/uploads\/2023\/01\/152_Sunset-near-Bowen-scaled.jpg 1920w\" sizes=\"auto, (max-width: 768px) 100vw, 768px\" \/><\/a><figcaption class=\"wp-element-caption\">Bowen &#8211; 14\/08\/14<\/figcaption><\/figure>\n\n\n\n<figure class=\"wp-block-image size-large\"><a href=\"https:\/\/vadrouilles.xyz\/wp-content\/uploads\/2023\/01\/161_Kennedy-Development-Road_Sign-scaled.jpg\"><img loading=\"lazy\" decoding=\"async\" width=\"768\" height=\"1024\" data-id=\"141\" src=\"https:\/\/vadrouilles.xyz\/wp-content\/uploads\/2023\/01\/161_Kennedy-Development-Road_Sign-768x1024.jpg\" alt=\"\" class=\"wp-image-141\" srcset=\"https:\/\/vadrouilles.xyz\/wp-content\/uploads\/2023\/01\/161_Kennedy-Development-Road_Sign-768x1024.jpg 768w, https:\/\/vadrouilles.xyz\/wp-content\/uploads\/2023\/01\/161_Kennedy-Development-Road_Sign-225x300.jpg 225w, https:\/\/vadrouilles.xyz\/wp-content\/uploads\/2023\/01\/161_Kennedy-Development-Road_Sign-1152x1536.jpg 1152w, https:\/\/vadrouilles.xyz\/wp-content\/uploads\/2023\/01\/161_Kennedy-Development-Road_Sign-1536x2048.jpg 1536w, https:\/\/vadrouilles.xyz\/wp-content\/uploads\/2023\/01\/161_Kennedy-Development-Road_Sign-scaled.jpg 1920w\" sizes=\"auto, (max-width: 768px) 100vw, 768px\" \/><\/a><figcaption class=\"wp-element-caption\">Kennedy Development Road &#8211; 22\/08\/14<\/figcaption><\/figure>\n\n\n\n<figure class=\"wp-block-image size-large\"><a href=\"https:\/\/vadrouilles.xyz\/wp-content\/uploads\/2023\/01\/165_Devils-Marbles-scaled.jpg\"><img loading=\"lazy\" decoding=\"async\" width=\"768\" height=\"1024\" data-id=\"142\" src=\"https:\/\/vadrouilles.xyz\/wp-content\/uploads\/2023\/01\/165_Devils-Marbles-768x1024.jpg\" alt=\"\" class=\"wp-image-142\" srcset=\"https:\/\/vadrouilles.xyz\/wp-content\/uploads\/2023\/01\/165_Devils-Marbles-768x1024.jpg 768w, https:\/\/vadrouilles.xyz\/wp-content\/uploads\/2023\/01\/165_Devils-Marbles-225x300.jpg 225w, https:\/\/vadrouilles.xyz\/wp-content\/uploads\/2023\/01\/165_Devils-Marbles-1152x1536.jpg 1152w, https:\/\/vadrouilles.xyz\/wp-content\/uploads\/2023\/01\/165_Devils-Marbles-1536x2048.jpg 1536w, https:\/\/vadrouilles.xyz\/wp-content\/uploads\/2023\/01\/165_Devils-Marbles-scaled.jpg 1920w\" sizes=\"auto, (max-width: 768px) 100vw, 768px\" \/><\/a><figcaption class=\"wp-element-caption\">Devil&rsquo;s Marbles &#8211; 26\/08\/14<\/figcaption><\/figure>\n\n\n\n<figure class=\"wp-block-image size-large\"><a href=\"https:\/\/vadrouilles.xyz\/wp-content\/uploads\/2023\/01\/172_Uluru_Sunrise-avec-Kata-Tjuta-scaled.jpg\"><img loading=\"lazy\" decoding=\"async\" width=\"1024\" height=\"768\" data-id=\"143\" src=\"https:\/\/vadrouilles.xyz\/wp-content\/uploads\/2023\/01\/172_Uluru_Sunrise-avec-Kata-Tjuta-1024x768.jpg\" alt=\"\" class=\"wp-image-143\" srcset=\"https:\/\/vadrouilles.xyz\/wp-content\/uploads\/2023\/01\/172_Uluru_Sunrise-avec-Kata-Tjuta-1024x768.jpg 1024w, https:\/\/vadrouilles.xyz\/wp-content\/uploads\/2023\/01\/172_Uluru_Sunrise-avec-Kata-Tjuta-300x225.jpg 300w, https:\/\/vadrouilles.xyz\/wp-content\/uploads\/2023\/01\/172_Uluru_Sunrise-avec-Kata-Tjuta-768x576.jpg 768w, https:\/\/vadrouilles.xyz\/wp-content\/uploads\/2023\/01\/172_Uluru_Sunrise-avec-Kata-Tjuta-1536x1152.jpg 1536w, https:\/\/vadrouilles.xyz\/wp-content\/uploads\/2023\/01\/172_Uluru_Sunrise-avec-Kata-Tjuta-2048x1536.jpg 2048w\" sizes=\"auto, (max-width: 1024px) 100vw, 1024px\" \/><\/a><figcaption class=\"wp-element-caption\">Uluru &#8211; 03\/09\/14<\/figcaption><\/figure>\n<\/figure>\n","protected":false},"excerpt":{"rendered":"<p>Ao\u00fbt-Octobre 2014 Boucle en van de le c\u00f4te ouest au centre rouge : voir De l&rsquo;Autre C\u00f4t\u00e9 du Monde<\/p>\n","protected":false},"author":1,"featured_media":0,"parent":0,"menu_order":0,"comment_status":"closed","ping_status":"closed","template":"","meta":{"footnotes":""},"class_list":["post-8103","page","type-page","status-publish","hentry"],"_links":{"self":[{"href":"https:\/\/vadrouilles.xyz\/index.php?rest_route=\/wp\/v2\/pages\/8103","targetHints":{"allow":["GET"]}}],"collection":[{"href":"https:\/\/vadrouilles.xyz\/index.php?rest_route=\/wp\/v2\/pages"}],"about":[{"href":"https:\/\/vadrouilles.xyz\/index.php?rest_route=\/wp\/v2\/types\/page"}],"author":[{"embeddable":true,"href":"https:\/\/vadrouilles.xyz\/index.php?rest_route=\/wp\/v2\/users\/1"}],"replies":[{"embeddable":true,"href":"https:\/\/vadrouilles.xyz\/index.php?rest_route=%2Fwp%2Fv2%2Fcomments&post=8103"}],"version-history":[{"count":3,"href":"https:\/\/vadrouilles.xyz\/index.php?rest_route=\/wp\/v2\/pages\/8103\/revisions"}],"predecessor-version":[{"id":13620,"href":"https:\/\/vadrouilles.xyz\/index.php?rest_route=\/wp\/v2\/pages\/8103\/revisions\/13620"}],"wp:attachment":[{"href":"https:\/\/vadrouilles.xyz\/index.php?rest_route=%2Fwp%2Fv2%2Fmedia&parent=8103"}],"curies":[{"name":"wp","href":"https:\/\/api.w.org\/{rel}","templated":true}]}}