{"id":50,"date":"2023-01-09T21:38:10","date_gmt":"2023-01-09T21:38:10","guid":{"rendered":"https:\/\/vadrouilles.xyz\/?page_id=50"},"modified":"2023-09-19T20:34:54","modified_gmt":"2023-09-19T19:34:54","slug":"mentions-legales","status":"publish","type":"page","link":"https:\/\/vadrouilles.xyz\/?page_id=50","title":{"rendered":"Mentions l\u00e9gales"},"content":{"rendered":"\n<p>En vigueur au 01\/03\/2023<\/p>\n\n\n\n<p>Conform\u00e9ment aux dispositions des Articles 6-III et 19 de la Loi n\u00b02004-575 du 21 juin 2004 pour la Confiance dans l\u2019Economie Num\u00e9rique, dite L.C.E.N., il est port\u00e9 \u00e0 la connaissance des utilisateurs et visiteurs, ci-apr\u00e8s l&rsquo; \u00ab\u00a0<strong>Utilisateur<\/strong>\u00ab\u00a0, du site <strong>vadrouilles.xyz<\/strong>, ci-apr\u00e8s le \u00ab\u00a0<strong>Site\u00a0\u00bb<\/strong>, les pr\u00e9sentes mentions l\u00e9gales.<\/p>\n\n\n\n<p>La connexion et la navigation sur le Site par l\u2019Utilisateur implique acceptation int\u00e9grale et sans r\u00e9serve des pr\u00e9sentes mentions l\u00e9gales.<\/p>\n\n\n\n<p>Ces derni\u00e8res sont accessibles sur le Site \u00e0 la rubrique \u00ab <strong>Mentions l\u00e9gales<\/strong> \u00bb.<\/p>\n\n\n\n<h3 class=\"wp-block-heading\">Article 1 &#8211; L&rsquo;\u00e9diteur<\/h3>\n\n\n\n<p>L&rsquo;\u00e9dition du Site est assur\u00e9e par Vadrouilles, micro-entreprise au capital de 0 euros, immatricul\u00e9e sous le num\u00e9ro 953151628, dont le si\u00e8ge social est situ\u00e9 au 59 route de Beaune &#8211; 21360 Bligny-sur-Ouche.<\/p>\n\n\n\n<p>Le Directeur de la publication est Nicolas BOUARD, ci-apr\u00e8s l&rsquo; \u00ab\u00a0<strong>Editeur<\/strong>\u00ab\u00a0.<\/p>\n\n\n\n<h3 class=\"wp-block-heading\">Article 2 &#8211; L&rsquo;h\u00e9bergeur<\/h3>\n\n\n\n<p>L&rsquo;h\u00e9bergeur du Site est la soci\u00e9t\u00e9 <strong>Hostinger International Ltd<\/strong>, soci\u00e9t\u00e9 priv\u00e9e \u00e0 responsabilit\u00e9 limit\u00e9e de Chypre, dont l&rsquo;adresse est 61 Lordou Vironos str. 6023 Larnaca, Chypre.<\/p>\n\n\n\n<h3 class=\"wp-block-heading\">Article 3 &#8211; Acc\u00e8s au site<\/h3>\n\n\n\n<p>Le Site est accessible en tout endroit, 7j\/7, 24h\/24, sauf cas de force majeure, interruption programm\u00e9e ou non et pouvant d\u00e9couler d\u2019une n\u00e9cessit\u00e9 de maintenance.<\/p>\n\n\n\n<p>En cas de modification, interruption ou suspension du Site, l&rsquo;Editeur ne saurait \u00eatre tenu responsable.<\/p>\n\n\n\n<h3 class=\"wp-block-heading\">Article 4 &#8211; Collecte des donn\u00e9es<\/h3>\n\n\n\n<p>Le Site assure \u00e0 l&rsquo;Utilisateur une collecte et un traitement d&rsquo;informations personnelles dans le respect de la vie priv\u00e9e conform\u00e9ment \u00e0 la loi n\u00b078-17 du 6 janvier 1978 relative \u00e0 l&rsquo;informatique, aux fichiers et aux libert\u00e9s.<\/p>\n\n\n\n<p>En vertu de la loi Informatique et Libert\u00e9s, en date du 6 janvier 1978, l&rsquo;Utilisateur dispose d&rsquo;un droit d&rsquo;acc\u00e8s, de rectification, de suppression et d&rsquo;opposition de ses donn\u00e9es personnelles. L&rsquo;Utilisateur exerce ce droit via un formulaire de contact.<\/p>\n\n\n\n<p>Toute utilisation, reproduction, diffusion, commercialisation, modification de toute ou partie du Site\ufeff, sans autorisation de l\u2019Editeur est prohib\u00e9e et pourra entra\u00een\u00e9e des actions et poursuites judiciaires telles que notamment pr\u00e9vues par le Code de la propri\u00e9t\u00e9 intellectuelle et le Code civil.<\/p>\n","protected":false},"excerpt":{"rendered":"<p>En vigueur au 01\/03\/2023 Conform\u00e9ment aux dispositions des Articles 6-III et 19 de la Loi n\u00b02004-575 du 21 juin 2004 pour la Confiance dans l\u2019Economie&hellip;<\/p>\n","protected":false},"author":1,"featured_media":0,"parent":0,"menu_order":0,"comment_status":"closed","ping_status":"closed","template":"","meta":{"footnotes":""},"class_list":["post-50","page","type-page","status-publish","hentry"],"_links":{"self":[{"href":"https:\/\/vadrouilles.xyz\/index.php?rest_route=\/wp\/v2\/pages\/50","targetHints":{"allow":["GET"]}}],"collection":[{"href":"https:\/\/vadrouilles.xyz\/index.php?rest_route=\/wp\/v2\/pages"}],"about":[{"href":"https:\/\/vadrouilles.xyz\/index.php?rest_route=\/wp\/v2\/types\/page"}],"author":[{"embeddable":true,"href":"https:\/\/vadrouilles.xyz\/index.php?rest_route=\/wp\/v2\/users\/1"}],"replies":[{"embeddable":true,"href":"https:\/\/vadrouilles.xyz\/index.php?rest_route=%2Fwp%2Fv2%2Fcomments&post=50"}],"version-history":[{"count":5,"href":"https:\/\/vadrouilles.xyz\/index.php?rest_route=\/wp\/v2\/pages\/50\/revisions"}],"predecessor-version":[{"id":2433,"href":"https:\/\/vadrouilles.xyz\/index.php?rest_route=\/wp\/v2\/pages\/50\/revisions\/2433"}],"wp:attachment":[{"href":"https:\/\/vadrouilles.xyz\/index.php?rest_route=%2Fwp%2Fv2%2Fmedia&parent=50"}],"curies":[{"name":"wp","href":"https:\/\/api.w.org\/{rel}","templated":true}]}}