{"id":46,"date":"2023-01-09T21:31:23","date_gmt":"2023-01-09T21:31:23","guid":{"rendered":"https:\/\/vadrouilles.xyz\/?page_id=46"},"modified":"2023-02-28T22:01:45","modified_gmt":"2023-02-28T21:01:45","slug":"a-propos","status":"publish","type":"page","link":"https:\/\/vadrouilles.xyz\/?page_id=46","title":{"rendered":"\u00c0 propos"},"content":{"rendered":"\n<p>Vadrouilles, c&rsquo;est une bouff\u00e9e d&rsquo;air frais dans un morne quotidien.<\/p>\n\n\n\n<p>Vadrouilles, ce sont chaque jour de nouvelles d\u00e9couvertes, \u00e0 travers les contr\u00e9es les plus sauvages de la plan\u00e8te.<\/p>\n\n\n\n<p>Vadrouilles, c&rsquo;est peut-\u00eatre aussi pour vous ! <\/p>\n\n\n\n<p>Contactez-nous pour plus d&rsquo;information.<\/p>\n\n\n<div class=\"wpforms-container wpforms-container-full wpforms-block\" id=\"wpforms-371\"><form id=\"wpforms-form-371\" class=\"wpforms-validate wpforms-form wpforms-ajax-form\" data-formid=\"371\" method=\"post\" enctype=\"multipart\/form-data\" action=\"\/index.php?rest_route=%2Fwp%2Fv2%2Fpages%2F46\" data-token=\"215739c3144859ab0481c22c7d11e9d5\" data-token-time=\"1778674664\"><noscript class=\"wpforms-error-noscript\">Veuillez activer JavaScript dans votre navigateur pour remplir ce formulaire.<\/noscript><div class=\"wpforms-field-container\"><div id=\"wpforms-371-field_0-container\" class=\"wpforms-field wpforms-field-name\" data-field-id=\"0\"><label class=\"wpforms-field-label\" for=\"wpforms-371-field_0\">Nom<\/label><input type=\"text\" id=\"wpforms-371-field_0\" class=\"wpforms-field-medium\" name=\"wpforms[fields][0]\" ><\/div><div id=\"wpforms-371-field_1-container\" class=\"wpforms-field wpforms-field-email\" data-field-id=\"1\"><label class=\"wpforms-field-label\" for=\"wpforms-371-field_1\">E-mail <span class=\"wpforms-required-label\">*<\/span><\/label><input type=\"email\" id=\"wpforms-371-field_1\" class=\"wpforms-field-medium wpforms-field-required\" name=\"wpforms[fields][1]\" spellcheck=\"false\" required><\/div><div id=\"wpforms-371-field_2-container\" class=\"wpforms-field wpforms-field-textarea\" data-field-id=\"2\"><label class=\"wpforms-field-label\" for=\"wpforms-371-field_2\">Commentaire ou message <span class=\"wpforms-required-label\">*<\/span><\/label><textarea id=\"wpforms-371-field_2\" class=\"wpforms-field-medium wpforms-field-required\" name=\"wpforms[fields][2]\" required><\/textarea><\/div><\/div><!-- .wpforms-field-container --><div class=\"wpforms-submit-container\" ><input type=\"hidden\" name=\"wpforms[id]\" value=\"371\"><input type=\"hidden\" name=\"page_title\" value=\"\"><input type=\"hidden\" name=\"page_url\" value=\"https:\/\/vadrouilles.xyz\/index.php?rest_route=\/wp\/v2\/pages\/46\"><input type=\"hidden\" name=\"url_referer\" value=\"\"><button type=\"submit\" name=\"wpforms[submit]\" id=\"wpforms-submit-371\" class=\"wpforms-submit\" data-alt-text=\"Envoi...\" data-submit-text=\"Envoyer\" aria-live=\"assertive\" value=\"wpforms-submit\">Envoyer<\/button><img loading=\"lazy\" decoding=\"async\" src=\"https:\/\/vadrouilles.xyz\/wp-content\/plugins\/wpforms-lite\/assets\/images\/submit-spin.svg\" class=\"wpforms-submit-spinner\" style=\"display: none;\" width=\"26\" height=\"26\" alt=\"Chargement en cours\"><\/div><\/form><\/div>  <!-- .wpforms-container -->","protected":false},"excerpt":{"rendered":"<p>Vadrouilles, c&rsquo;est une bouff\u00e9e d&rsquo;air frais dans un morne quotidien. Vadrouilles, ce sont chaque jour de nouvelles d\u00e9couvertes, \u00e0 travers les contr\u00e9es les plus sauvages&hellip;<\/p>\n","protected":false},"author":1,"featured_media":0,"parent":0,"menu_order":0,"comment_status":"closed","ping_status":"closed","template":"","meta":{"footnotes":""},"class_list":["post-46","page","type-page","status-publish","hentry"],"_links":{"self":[{"href":"https:\/\/vadrouilles.xyz\/index.php?rest_route=\/wp\/v2\/pages\/46","targetHints":{"allow":["GET"]}}],"collection":[{"href":"https:\/\/vadrouilles.xyz\/index.php?rest_route=\/wp\/v2\/pages"}],"about":[{"href":"https:\/\/vadrouilles.xyz\/index.php?rest_route=\/wp\/v2\/types\/page"}],"author":[{"embeddable":true,"href":"https:\/\/vadrouilles.xyz\/index.php?rest_route=\/wp\/v2\/users\/1"}],"replies":[{"embeddable":true,"href":"https:\/\/vadrouilles.xyz\/index.php?rest_route=%2Fwp%2Fv2%2Fcomments&post=46"}],"version-history":[{"count":3,"href":"https:\/\/vadrouilles.xyz\/index.php?rest_route=\/wp\/v2\/pages\/46\/revisions"}],"predecessor-version":[{"id":375,"href":"https:\/\/vadrouilles.xyz\/index.php?rest_route=\/wp\/v2\/pages\/46\/revisions\/375"}],"wp:attachment":[{"href":"https:\/\/vadrouilles.xyz\/index.php?rest_route=%2Fwp%2Fv2%2Fmedia&parent=46"}],"curies":[{"name":"wp","href":"https:\/\/api.w.org\/{rel}","templated":true}]}}