{"id":381,"date":"2023-03-01T21:48:56","date_gmt":"2023-03-01T20:48:56","guid":{"rendered":"https:\/\/vadrouilles.xyz\/?page_id=381"},"modified":"2023-03-01T22:42:18","modified_gmt":"2023-03-01T21:42:18","slug":"nos-services","status":"publish","type":"page","link":"https:\/\/vadrouilles.xyz\/?page_id=381","title":{"rendered":"Nos services"},"content":{"rendered":"\n<p>Vous r\u00eavez de grands espaces ? De lointaines contr\u00e9es myst\u00e9rieuses ? De ruines, de jungles, de d\u00e9serts, de m\u00e9galopoles ? <\/p>\n\n\n\n<p>Oui, mais&#8230; <\/p>\n\n\n\n<p>Mais trop loin, trop complexe, trop effrayant, trop cher&#8230; <\/p>\n\n\n\n<p>Mais pas le temps, pas la volont\u00e9, pas d&rsquo;inspiration&#8230;<\/p>\n\n\n\n<p><\/p>\n\n\n\n<p>Vadrouilles peut vous aider \u00e0 concr\u00e9tiser vos r\u00eaves ! <\/p>\n\n\n\n<p>Accompagn\u00e9s par un coach expert en voyages au long cours, entreprenez la conception du voyage de votre vie : d\u00e9finition du projet, budg\u00e9tisation, pr\u00e9paration de l&rsquo;\u00e9quipement, d\u00e9marches administratives et m\u00e9dicales, et bien s\u00fbr toutes les astuces indispensables pour voyager au quotidien l&rsquo;esprit l\u00e9ger.<\/p>\n\n\n\n<p>N&rsquo;h\u00e9sitez plus, vous \u00eates \u00e0 quelques clics de d\u00e9marrez l&rsquo;une des aventures les plus extraordinaires de votre vie !<\/p>\n\n\n<div class=\"wpforms-container wpforms-container-full wpforms-block\" id=\"wpforms-371\"><form id=\"wpforms-form-371\" class=\"wpforms-validate wpforms-form wpforms-ajax-form\" data-formid=\"371\" method=\"post\" enctype=\"multipart\/form-data\" action=\"\/index.php?rest_route=%2Fwp%2Fv2%2Fpages%2F381\" data-token=\"215739c3144859ab0481c22c7d11e9d5\" data-token-time=\"1778674822\"><noscript class=\"wpforms-error-noscript\">Veuillez activer JavaScript dans votre navigateur pour remplir ce formulaire.<\/noscript><div class=\"wpforms-field-container\"><div id=\"wpforms-371-field_0-container\" class=\"wpforms-field wpforms-field-name\" data-field-id=\"0\"><label class=\"wpforms-field-label\" for=\"wpforms-371-field_0\">Nom<\/label><input type=\"text\" id=\"wpforms-371-field_0\" class=\"wpforms-field-medium\" name=\"wpforms[fields][0]\" ><\/div><div id=\"wpforms-371-field_1-container\" class=\"wpforms-field wpforms-field-email\" data-field-id=\"1\"><label class=\"wpforms-field-label\" for=\"wpforms-371-field_1\">E-mail <span class=\"wpforms-required-label\">*<\/span><\/label><input type=\"email\" id=\"wpforms-371-field_1\" class=\"wpforms-field-medium wpforms-field-required\" name=\"wpforms[fields][1]\" spellcheck=\"false\" required><\/div><div id=\"wpforms-371-field_2-container\" class=\"wpforms-field wpforms-field-textarea\" data-field-id=\"2\"><label class=\"wpforms-field-label\" for=\"wpforms-371-field_2\">Commentaire ou message <span class=\"wpforms-required-label\">*<\/span><\/label><textarea id=\"wpforms-371-field_2\" class=\"wpforms-field-medium wpforms-field-required\" name=\"wpforms[fields][2]\" required><\/textarea><\/div><\/div><!-- .wpforms-field-container --><div class=\"wpforms-submit-container\" ><input type=\"hidden\" name=\"wpforms[id]\" value=\"371\"><input type=\"hidden\" name=\"page_title\" value=\"\"><input type=\"hidden\" name=\"page_url\" value=\"https:\/\/vadrouilles.xyz\/index.php?rest_route=\/wp\/v2\/pages\/381\"><input type=\"hidden\" name=\"url_referer\" value=\"\"><button type=\"submit\" name=\"wpforms[submit]\" id=\"wpforms-submit-371\" class=\"wpforms-submit\" data-alt-text=\"Envoi...\" data-submit-text=\"Envoyer\" aria-live=\"assertive\" value=\"wpforms-submit\">Envoyer<\/button><img loading=\"lazy\" decoding=\"async\" src=\"https:\/\/vadrouilles.xyz\/wp-content\/plugins\/wpforms-lite\/assets\/images\/submit-spin.svg\" class=\"wpforms-submit-spinner\" style=\"display: none;\" width=\"26\" height=\"26\" alt=\"Chargement en cours\"><\/div><\/form><\/div>  <!-- .wpforms-container -->","protected":false},"excerpt":{"rendered":"<p>Vous r\u00eavez de grands espaces ? De lointaines contr\u00e9es myst\u00e9rieuses ? De ruines, de jungles, de d\u00e9serts, de m\u00e9galopoles ? Oui, mais&#8230; Mais trop loin,&hellip;<\/p>\n","protected":false},"author":1,"featured_media":0,"parent":0,"menu_order":0,"comment_status":"closed","ping_status":"closed","template":"","meta":{"footnotes":""},"class_list":["post-381","page","type-page","status-publish","hentry"],"_links":{"self":[{"href":"https:\/\/vadrouilles.xyz\/index.php?rest_route=\/wp\/v2\/pages\/381","targetHints":{"allow":["GET"]}}],"collection":[{"href":"https:\/\/vadrouilles.xyz\/index.php?rest_route=\/wp\/v2\/pages"}],"about":[{"href":"https:\/\/vadrouilles.xyz\/index.php?rest_route=\/wp\/v2\/types\/page"}],"author":[{"embeddable":true,"href":"https:\/\/vadrouilles.xyz\/index.php?rest_route=\/wp\/v2\/users\/1"}],"replies":[{"embeddable":true,"href":"https:\/\/vadrouilles.xyz\/index.php?rest_route=%2Fwp%2Fv2%2Fcomments&post=381"}],"version-history":[{"count":2,"href":"https:\/\/vadrouilles.xyz\/index.php?rest_route=\/wp\/v2\/pages\/381\/revisions"}],"predecessor-version":[{"id":385,"href":"https:\/\/vadrouilles.xyz\/index.php?rest_route=\/wp\/v2\/pages\/381\/revisions\/385"}],"wp:attachment":[{"href":"https:\/\/vadrouilles.xyz\/index.php?rest_route=%2Fwp%2Fv2%2Fmedia&parent=381"}],"curies":[{"name":"wp","href":"https:\/\/api.w.org\/{rel}","templated":true}]}}