{"id":27,"date":"2023-01-09T20:37:32","date_gmt":"2023-01-09T20:37:32","guid":{"rendered":"https:\/\/vadrouilles.xyz\/?page_id=27"},"modified":"2025-10-20T15:28:13","modified_gmt":"2025-10-20T14:28:13","slug":"en-carte","status":"publish","type":"page","link":"https:\/\/vadrouilles.xyz\/?page_id=27","title":{"rendered":"En carte"},"content":{"rendered":"\n<p><strong>Saison 4 &#8211; Antipodes &#8211; 04\/11\/25 au ?<\/strong><\/p>\n\n\n<p><iframe loading=\"lazy\" width=\"100%\" height=\"500px\" frameborder=\"2\" allowfullscreen=\"\" src=\"\/\/umap.openstreetmap.fr\/fr\/map\/vadrouilles-saison-4-antipodes-061125-au_1299226?scaleControl=false&amp;miniMap=false&amp;scrollWheelZoom=false&amp;zoomControl=true&amp;allowEdit=false&amp;moreControl=true&amp;searchControl=null&amp;tilelayersControl=null&amp;embedControl=null&amp;datalayersControl=true&amp;onLoadPanel=undefined&amp;captionBar=false\"><\/iframe><\/p>\n\n\n\n<p><strong>Saison 3 &#8211; Du c\u00f4t\u00e9 de l&rsquo;Am\u00e9rique Latine &#8211; 02\/12\/24 au 18\/08\/25<\/strong><\/p>\n\n\n<p><iframe loading=\"lazy\" width=\"100%\" height=\"500px\" frameborder=\"2\" allowfullscreen=\"\" src=\"\/\/umap.openstreetmap.fr\/fr\/map\/vadrouilles-saison-3-du-cote-de-lamerique-latine-0_1155666?scaleControl=false&amp;miniMap=false&amp;scrollWheelZoom=false&amp;zoomControl=true&amp;allowEdit=false&amp;moreControl=true&amp;searchControl=null&amp;tilelayersControl=null&amp;embedControl=null&amp;datalayersControl=true&amp;onLoadPanel=undefined&amp;captionBar=false\"><\/iframe><\/p>\n\n\n\n<p><strong>Saison 2 &#8211; Cap sur l&rsquo;Asie &#8211; 22\/01\/24 au 02\/10\/24<\/strong><\/p>\n\n\n<p><iframe loading=\"lazy\" width=\"100%\" height=\"500px\" frameborder=\"2\" allowfullscreen=\"\" src=\"\/\/umap.openstreetmap.fr\/fr\/map\/vadrouilles-saison-2-cap-sur-lasie-220124-au-02102_1119669?scaleControl=false&amp;miniMap=false&amp;scrollWheelZoom=false&amp;zoomControl=true&amp;allowEdit=false&amp;moreControl=true&amp;searchControl=null&amp;tilelayersControl=null&amp;embedControl=null&amp;datalayersControl=true&amp;onLoadPanel=undefined&amp;captionBar=false\"><\/iframe><\/p>\n\n\n\n<p><strong>Saison 1 &#8211; Aux 4 coins de l&rsquo;Europe &#8211; 15\/03\/23 au 07\/12\/23<\/strong><\/p>\n\n\n<p><iframe loading=\"lazy\" width=\"100%\" height=\"500px\" frameborder=\"2\" allowfullscreen=\"\" src=\"\/\/umap.openstreetmap.fr\/fr\/map\/vadrouilles-saison-1-aux-4-coins-de-leurope-150323_1300186?scaleControl=false&amp;miniMap=false&amp;scrollWheelZoom=false&amp;zoomControl=true&amp;allowEdit=false&amp;moreControl=true&amp;searchControl=null&amp;tilelayersControl=null&amp;embedControl=null&amp;datalayersControl=true&amp;onLoadPanel=undefined&amp;captionBar=false\"><\/iframe><\/p>\n\n\n\n<p>Plus quelques vieilles cartes pour le plaisir&#8230;<\/p>\n\n\n\n<p><strong>Chroniques europ\u00e9ennes &#8211; 03\/04\/19 au 22\/09\/19<\/strong><\/p>\n\n\n<div class=\"wp-block-image\">\n<figure class=\"aligncenter size-full\"><img loading=\"lazy\" decoding=\"async\" width=\"807\" height=\"648\" src=\"https:\/\/vadrouilles.xyz\/wp-content\/uploads\/2023\/03\/20-europe.jpg\" alt=\"\" class=\"wp-image-399\" srcset=\"https:\/\/vadrouilles.xyz\/wp-content\/uploads\/2023\/03\/20-europe.jpg 807w, https:\/\/vadrouilles.xyz\/wp-content\/uploads\/2023\/03\/20-europe-300x241.jpg 300w, https:\/\/vadrouilles.xyz\/wp-content\/uploads\/2023\/03\/20-europe-768x617.jpg 768w\" sizes=\"auto, (max-width: 807px) 100vw, 807px\" \/><\/figure><\/div>\n\n\n<p>En version d\u00e9taill\u00e9e :<\/p>\n\n\n<p><iframe loading=\"lazy\" width=\"100%\" height=\"500px\" frameborder=\"2\" allowfullscreen=\"\" src=\"\/\/umap.openstreetmap.fr\/fr\/map\/chroniques-europeennes_1300178?scaleControl=false&amp;miniMap=false&amp;scrollWheelZoom=false&amp;zoomControl=true&amp;allowEdit=false&amp;moreControl=true&amp;searchControl=null&amp;tilelayersControl=null&amp;embedControl=null&amp;datalayersControl=true&amp;onLoadPanel=undefined&amp;captionBar=false\"><\/iframe><\/p>\n\n\n\n<p><strong>De l&rsquo;autre c\u00f4t\u00e9 du monde &#8211; 15\/03\/14 au 15\/03\/15<\/strong><\/p>\n\n\n\n<figure class=\"wp-block-image size-large\"><img loading=\"lazy\" decoding=\"async\" width=\"1024\" height=\"477\" src=\"https:\/\/vadrouilles.xyz\/wp-content\/uploads\/2023\/03\/carte-geographie-monde-grande_2-1024x477.jpg\" alt=\"\" class=\"wp-image-398\" srcset=\"https:\/\/vadrouilles.xyz\/wp-content\/uploads\/2023\/03\/carte-geographie-monde-grande_2-1024x477.jpg 1024w, https:\/\/vadrouilles.xyz\/wp-content\/uploads\/2023\/03\/carte-geographie-monde-grande_2-300x140.jpg 300w, https:\/\/vadrouilles.xyz\/wp-content\/uploads\/2023\/03\/carte-geographie-monde-grande_2-768x358.jpg 768w, https:\/\/vadrouilles.xyz\/wp-content\/uploads\/2023\/03\/carte-geographie-monde-grande_2-1536x716.jpg 1536w, https:\/\/vadrouilles.xyz\/wp-content\/uploads\/2023\/03\/carte-geographie-monde-grande_2-2048x955.jpg 2048w\" sizes=\"auto, (max-width: 1024px) 100vw, 1024px\" \/><\/figure>\n","protected":false},"excerpt":{"rendered":"<p>Saison 4 &#8211; Antipodes &#8211; 04\/11\/25 au ? Saison 3 &#8211; Du c\u00f4t\u00e9 de l&rsquo;Am\u00e9rique Latine &#8211; 02\/12\/24 au 18\/08\/25 Saison 2 &#8211; Cap sur&hellip;<\/p>\n","protected":false},"author":1,"featured_media":0,"parent":0,"menu_order":0,"comment_status":"closed","ping_status":"closed","template":"","meta":{"footnotes":""},"class_list":["post-27","page","type-page","status-publish","hentry"],"_links":{"self":[{"href":"https:\/\/vadrouilles.xyz\/index.php?rest_route=\/wp\/v2\/pages\/27","targetHints":{"allow":["GET"]}}],"collection":[{"href":"https:\/\/vadrouilles.xyz\/index.php?rest_route=\/wp\/v2\/pages"}],"about":[{"href":"https:\/\/vadrouilles.xyz\/index.php?rest_route=\/wp\/v2\/types\/page"}],"author":[{"embeddable":true,"href":"https:\/\/vadrouilles.xyz\/index.php?rest_route=\/wp\/v2\/users\/1"}],"replies":[{"embeddable":true,"href":"https:\/\/vadrouilles.xyz\/index.php?rest_route=%2Fwp%2Fv2%2Fcomments&post=27"}],"version-history":[{"count":62,"href":"https:\/\/vadrouilles.xyz\/index.php?rest_route=\/wp\/v2\/pages\/27\/revisions"}],"predecessor-version":[{"id":13776,"href":"https:\/\/vadrouilles.xyz\/index.php?rest_route=\/wp\/v2\/pages\/27\/revisions\/13776"}],"wp:attachment":[{"href":"https:\/\/vadrouilles.xyz\/index.php?rest_route=%2Fwp%2Fv2%2Fmedia&parent=27"}],"curies":[{"name":"wp","href":"https:\/\/api.w.org\/{rel}","templated":true}]}}