{"id":23,"date":"2023-01-09T20:31:02","date_gmt":"2023-01-09T20:31:02","guid":{"rendered":"https:\/\/vadrouilles.xyz\/?page_id=23"},"modified":"2025-10-27T11:01:30","modified_gmt":"2025-10-27T10:01:30","slug":"album","status":"publish","type":"page","link":"https:\/\/vadrouilles.xyz\/?page_id=23","title":{"rendered":"Album"},"content":{"rendered":"\n<p>Quelques belles images de vadrouilles d&rsquo;antan, \u00e0 d\u00e9couvrir sur la carte ou par ordre alphab\u00e9tique.<\/p>\n\n\n<p><iframe loading=\"lazy\" width=\"100%\" height=\"500px\" frameborder=\"2\" allowfullscreen=\"\" src=\"\/\/umap.openstreetmap.fr\/fr\/map\/album_1141452?scaleControl=false&amp;miniMap=false&amp;scrollWheelZoom=false&amp;zoomControl=true&amp;allowEdit=false&amp;moreControl=true&amp;searchControl=null&amp;tilelayersControl=null&amp;embedControl=null&amp;datalayersControl=true&amp;onLoadPanel=undefined&amp;captionBar=false\"><\/iframe><\/p>\n\n\n\n<ul class=\"wp-block-list\">\n<li><a href=\"https:\/\/vadrouilles.xyz\/?page_id=8128\" data-type=\"page\" data-id=\"8128\">Albanie &#8211; Juin 2019<\/a><\/li>\n\n\n\n<li><a href=\"https:\/\/vadrouilles.xyz\/?page_id=8144\" data-type=\"page\" data-id=\"8144\">Allemagne &#8211; Ao\u00fbt-septembre 2019 \/ Juin 2023<\/a><\/li>\n\n\n\n<li><a href=\"https:\/\/vadrouilles.xyz\/?page_id=8112\" data-type=\"page\" data-id=\"8112\">Argentine &#8211; D\u00e9cembre-janvier 2014-15 2024-25<\/a><\/li>\n\n\n\n<li><a href=\"https:\/\/vadrouilles.xyz\/?page_id=8103\" data-type=\"page\" data-id=\"8103\">Australie &#8211; Ao\u00fbt-octobre 2014<\/a><\/li>\n\n\n\n<li><a href=\"https:\/\/vadrouilles.xyz\/?page_id=8140\" data-type=\"page\" data-id=\"8140\">Autriche &#8211; Ao\u00fbt 2019<\/a><\/li>\n\n\n\n<li><a href=\"https:\/\/vadrouilles.xyz\/?page_id=13480\" data-type=\"page\" data-id=\"13480\">Belize &#8211; Juillet 2025<\/a><\/li>\n\n\n\n<li><a href=\"https:\/\/vadrouilles.xyz\/?page_id=8097\" data-type=\"page\" data-id=\"8097\">Birmanie (Myanmar) &#8211; Mars-avril 2017<\/a><\/li>\n\n\n\n<li><a href=\"https:\/\/vadrouilles.xyz\/?page_id=8114\" data-type=\"page\" data-id=\"8114\">Bolivie &#8211; Janvier-f\u00e9vrier 2015<\/a><\/li>\n\n\n\n<li><a href=\"https:\/\/vadrouilles.xyz\/?page_id=13441\" data-type=\"page\" data-id=\"13441\">Br\u00e9sil &#8211; D\u00e9cembre 2024<\/a><\/li>\n\n\n\n<li><a href=\"https:\/\/vadrouilles.xyz\/?page_id=8148\" data-type=\"page\" data-id=\"8148\">Bulgarie &#8211; Octobre 2023<\/a><\/li>\n\n\n\n<li><a href=\"https:\/\/vadrouilles.xyz\/?page_id=8086\" data-type=\"page\" data-id=\"8086\">Cambodge &#8211; Avril 2014<\/a><\/li>\n\n\n\n<li><a href=\"https:\/\/vadrouilles.xyz\/?page_id=8110\" data-type=\"page\" data-id=\"8110\">Chili &#8211; D\u00e9cembre-janvier 2014-15<\/a><\/li>\n\n\n\n<li><a href=\"https:\/\/vadrouilles.xyz\/?page_id=13457\" data-type=\"page\" data-id=\"13457\">Colombie &#8211; F\u00e9vrier-mars 2025<\/a><\/li>\n\n\n\n<li><a href=\"https:\/\/vadrouilles.xyz\/?page_id=13459\" data-type=\"page\" data-id=\"13459\">Costa Rica &#8211; Mars 2025<\/a><\/li>\n\n\n\n<li><a href=\"https:\/\/vadrouilles.xyz\/?page_id=8124\" data-type=\"page\" data-id=\"8124\">Croatie &#8211; Mai 2019<\/a><\/li>\n\n\n\n<li><a href=\"https:\/\/vadrouilles.xyz\/?page_id=13482\" data-type=\"page\" data-id=\"13482\">Cuba &#8211; Juillet-ao\u00fbt 2025<\/a><\/li>\n\n\n\n<li><a href=\"https:\/\/vadrouilles.xyz\/?page_id=8150\" data-type=\"page\" data-id=\"8150\">Danemark &#8211; Juin 2023<\/a><\/li>\n\n\n\n<li><a href=\"https:\/\/vadrouilles.xyz\/?page_id=8152\" data-type=\"page\" data-id=\"8152\">Egypte &#8211; Novembre 2023 \/ Janvier 2024<\/a><\/li>\n\n\n\n<li><a href=\"https:\/\/vadrouilles.xyz\/?page_id=13468\" data-type=\"page\" data-id=\"13468\">El Salvador &#8211; Avril 2025<\/a><\/li>\n\n\n\n<li><a href=\"https:\/\/vadrouilles.xyz\/?page_id=13455\" data-type=\"page\" data-id=\"13455\">Equateur &#8211; F\u00e9vrier 2025<\/a><\/li>\n\n\n\n<li><a href=\"https:\/\/vadrouilles.xyz\/?page_id=8120\" data-type=\"page\" data-id=\"8120\">Espagne &#8211; Juillet-ao\u00fbt 2017 \/ Mars-avril 2023<\/a><\/li>\n\n\n\n<li><a href=\"https:\/\/vadrouilles.xyz\/?page_id=8154\" data-type=\"page\" data-id=\"8154\">Estonie &#8211; Ao\u00fbt 2023<\/a><\/li>\n\n\n\n<li><a href=\"https:\/\/vadrouilles.xyz\/?page_id=8156\" data-type=\"page\" data-id=\"8156\">Finlande &#8211; Ao\u00fbt 2023<\/a><\/li>\n\n\n\n<li><a href=\"https:\/\/vadrouilles.xyz\/?page_id=8118\" data-type=\"page\" data-id=\"8118\">France &#8211; Juin-juillet 2017 \/ Avril 2019 \/ Juin 2023<\/a><\/li>\n\n\n\n<li><a href=\"https:\/\/vadrouilles.xyz\/?page_id=13453\" data-type=\"page\" data-id=\"13453\">Galapagos (Equateur) &#8211; Janvier 2025<\/a><\/li>\n\n\n\n<li><a href=\"https:\/\/vadrouilles.xyz\/?page_id=8130\" data-type=\"page\" data-id=\"8130\">Gr\u00e8ce &#8211; Juin-juillet 2019<\/a><\/li>\n\n\n\n<li><a href=\"https:\/\/vadrouilles.xyz\/?page_id=13474\" data-type=\"page\" data-id=\"13474\">Guatemala &#8211; Juin-juillet 2025<\/a><\/li>\n\n\n\n<li><a href=\"https:\/\/vadrouilles.xyz\/?page_id=13476\" data-type=\"page\" data-id=\"13476\">Honduras &#8211; Juin 2025<\/a><\/li>\n\n\n\n<li><a href=\"https:\/\/vadrouilles.xyz\/?page_id=8158\" data-type=\"page\" data-id=\"8158\">Hong-Kong &#8211; Avril 2024<\/a><\/li>\n\n\n\n<li><a href=\"https:\/\/vadrouilles.xyz\/?page_id=8136\" data-type=\"page\" data-id=\"8136\">Hongrie &#8211; Ao\u00fbt 2019 \/ Septembre 2023<\/a><\/li>\n\n\n\n<li><a href=\"https:\/\/vadrouilles.xyz\/?page_id=8160\" data-type=\"page\" data-id=\"8160\">Inde &#8211; F\u00e9vrier-mars 2024<\/a><\/li>\n\n\n\n<li><a href=\"https:\/\/vadrouilles.xyz\/?page_id=8095\" data-type=\"page\" data-id=\"8095\">Indon\u00e9sie &#8211; Juin-juillet 2014 \/ Juillet-ao\u00fbt 2024<\/a><\/li>\n\n\n\n<li><a href=\"https:\/\/vadrouilles.xyz\/?page_id=8122\" data-type=\"page\" data-id=\"8122\">Italie &#8211; Avril-mai 2019<\/a><\/li>\n\n\n\n<li><a href=\"https:\/\/vadrouilles.xyz\/?page_id=8091\" data-type=\"page\" data-id=\"8091\">Japon &#8211; Juin 2014 \/ Avril-juin 2024<\/a><\/li>\n\n\n\n<li><a href=\"https:\/\/vadrouilles.xyz\/?page_id=8162\" data-type=\"page\" data-id=\"8162\">Kazakhstan &#8211; Ao\u00fbt 2024<\/a><\/li>\n\n\n\n<li><a href=\"https:\/\/vadrouilles.xyz\/?page_id=8164\" data-type=\"page\" data-id=\"8164\">Kirghizistan &#8211; Ao\u00fbt-septembre 2024<\/a><\/li>\n\n\n\n<li><a href=\"https:\/\/vadrouilles.xyz\/?page_id=8099\" data-type=\"page\" data-id=\"8099\">Laos &#8211; Avril-mai 2017<\/a><\/li>\n\n\n\n<li><a href=\"https:\/\/vadrouilles.xyz\/?page_id=8166\" data-type=\"page\" data-id=\"8166\">Lettonie &#8211; Ao\u00fbt 2023<\/a><\/li>\n\n\n\n<li><a href=\"https:\/\/vadrouilles.xyz\/?page_id=8168\" data-type=\"page\" data-id=\"8168\">Lituanie &#8211; Ao\u00fbt 2023<\/a><\/li>\n\n\n\n<li><a href=\"https:\/\/vadrouilles.xyz\/?page_id=8132\" data-type=\"page\" data-id=\"8132\">Mac\u00e9doine du Nord &#8211; Juillet 2019<\/a><\/li>\n\n\n\n<li><a href=\"https:\/\/vadrouilles.xyz\/?page_id=8093\" data-type=\"page\" data-id=\"8093\">Malaisie &#8211; Juin 2014 \/ Juillet 2024<\/a><\/li>\n\n\n\n<li><a href=\"https:\/\/vadrouilles.xyz\/?page_id=13726\" data-type=\"page\" data-id=\"13726\">Maurice &#8211; Juillet 2009 \u00e0 juillet 2010<\/a><\/li>\n\n\n\n<li><a href=\"https:\/\/vadrouilles.xyz\/?page_id=13470\" data-type=\"page\" data-id=\"13470\">Mexique &#8211; Mai-Juin 2025<\/a><\/li>\n\n\n\n<li><a href=\"https:\/\/vadrouilles.xyz\/?page_id=8126\" data-type=\"page\" data-id=\"8126\">Mont\u00e9n\u00e9gro &#8211; Juin 2019<\/a><\/li>\n\n\n\n<li><a href=\"https:\/\/vadrouilles.xyz\/?page_id=8170\" data-type=\"page\" data-id=\"8170\">N\u00e9pal &#8211; Mars-avril 2024<\/a><\/li>\n\n\n\n<li><a href=\"https:\/\/vadrouilles.xyz\/?page_id=13466\" data-type=\"page\" data-id=\"13466\">Nicaragua &#8211; Avril 2025<\/a><\/li>\n\n\n\n<li><a href=\"https:\/\/vadrouilles.xyz\/?page_id=8174\" data-type=\"page\" data-id=\"8174\">Norv\u00e8ge &#8211; Juillet 2023<\/a><\/li>\n\n\n\n<li><a href=\"https:\/\/vadrouilles.xyz\/?page_id=8106\" data-type=\"page\" data-id=\"8106\">Nouvelle-Z\u00e9lande &#8211; Octobre-novembre 2014<\/a><\/li>\n\n\n\n<li><a href=\"https:\/\/vadrouilles.xyz\/?page_id=8176\" data-type=\"page\" data-id=\"8176\">Oman &#8211; F\u00e9vrier 2024<\/a><\/li>\n\n\n\n<li><a href=\"https:\/\/vadrouilles.xyz\/?page_id=8178\" data-type=\"page\" data-id=\"8178\">Ouzb\u00e9kistan &#8211; Septembre 2024<\/a><\/li>\n\n\n\n<li><a href=\"https:\/\/vadrouilles.xyz\/?page_id=13464\" data-type=\"page\" data-id=\"13464\">Panama &#8211; Mars 2025<\/a><\/li>\n\n\n\n<li><a href=\"https:\/\/vadrouilles.xyz\/?page_id=13451\" data-type=\"page\" data-id=\"13451\">Paraguay &#8211; Janvier 2025<\/a><\/li>\n\n\n\n<li><a href=\"https:\/\/vadrouilles.xyz\/?page_id=8146\" data-type=\"page\" data-id=\"8146\">Pays-Bas &#8211; Septembre 2019<\/a><\/li>\n\n\n\n<li><a href=\"https:\/\/vadrouilles.xyz\/?page_id=8116\" data-type=\"page\" data-id=\"8116\">P\u00e9rou &#8211; F\u00e9vrier-mars 2015<\/a><\/li>\n\n\n\n<li><a href=\"https:\/\/vadrouilles.xyz\/?page_id=8101\" data-type=\"page\" data-id=\"8101\">Philippines &#8211; Mai-juin 2017<\/a><\/li>\n\n\n\n<li><a href=\"https:\/\/vadrouilles.xyz\/?page_id=8180\" data-type=\"page\" data-id=\"8180\">Pologne &#8211; Septembre 2023<\/a><\/li>\n\n\n\n<li><a href=\"https:\/\/vadrouilles.xyz\/?page_id=8182\" data-type=\"page\" data-id=\"8182\">Portugal &#8211; Mars-avril 2023<\/a><\/li>\n\n\n\n<li><a href=\"https:\/\/vadrouilles.xyz\/?page_id=8108\" data-type=\"page\" data-id=\"8108\">Rapa Nui (Chili) &#8211; Novembre 2014<\/a><\/li>\n\n\n\n<li><a href=\"https:\/\/vadrouilles.xyz\/?page_id=8142\" data-type=\"page\" data-id=\"8142\">R\u00e9publique Tch\u00e8que &#8211; Ao\u00fbt 2019<\/a><\/li>\n\n\n\n<li><a href=\"https:\/\/vadrouilles.xyz\/?page_id=8184\" data-type=\"page\" data-id=\"8184\">Roumanie &#8211; Septembre-octobre 2023<\/a><\/li>\n\n\n\n<li><a href=\"https:\/\/vadrouilles.xyz\/?page_id=13728\" data-type=\"page\" data-id=\"13728\">S\u00e9n\u00e9gal &#8211; Juillet 2003<\/a><\/li>\n\n\n\n<li><a href=\"https:\/\/vadrouilles.xyz\/?page_id=8134\" data-type=\"page\" data-id=\"8134\">Serbie &#8211; Juillet-ao\u00fbt 2019<\/a><\/li>\n\n\n\n<li><a href=\"https:\/\/vadrouilles.xyz\/?page_id=8187\" data-type=\"page\" data-id=\"8187\">Singapour &#8211; Juillet 2024<\/a><\/li>\n\n\n\n<li><a href=\"https:\/\/vadrouilles.xyz\/?page_id=8138\" data-type=\"page\" data-id=\"8138\">Slovaquie &#8211; Ao\u00fbt 2019 \/ Septembre 2023<\/a><\/li>\n\n\n\n<li><a href=\"https:\/\/vadrouilles.xyz\/?page_id=8189\" data-type=\"page\" data-id=\"8189\">Su\u00e8de &#8211; Juillet 2023<\/a><\/li>\n\n\n\n<li><a href=\"https:\/\/vadrouilles.xyz\/?page_id=8191\" data-type=\"page\" data-id=\"8191\">Tadjikistan &#8211; Septembre 2024<\/a><\/li>\n\n\n\n<li><a href=\"https:\/\/vadrouilles.xyz\/?page_id=8193\" data-type=\"page\" data-id=\"8193\">Ta\u00efwan &#8211; Juin 2024<\/a><\/li>\n\n\n\n<li><a href=\"https:\/\/vadrouilles.xyz\/?page_id=8084\" data-type=\"page\" data-id=\"8084\">Tha\u00eflande &#8211; Mars-avril 2014 \/ Mars 2017<\/a><\/li>\n\n\n\n<li><a href=\"https:\/\/vadrouilles.xyz\/?page_id=8195\" data-type=\"page\" data-id=\"8195\">Turquie &#8211; Octobre-d\u00e9cembre 2023<\/a><\/li>\n\n\n\n<li><a href=\"https:\/\/vadrouilles.xyz\/?page_id=13446\" data-type=\"page\" data-id=\"13446\">Uruguay &#8211; D\u00e9cembre 2024<\/a><\/li>\n\n\n\n<li><a href=\"https:\/\/vadrouilles.xyz\/?page_id=8089\" data-type=\"page\" data-id=\"8089\">Vi\u00eat Nam &#8211; Avril-mai 2014<\/a><\/li>\n<\/ul>\n\n\n\n<p><\/p>\n","protected":false},"excerpt":{"rendered":"<p>Quelques belles images de vadrouilles d&rsquo;antan, \u00e0 d\u00e9couvrir sur la carte ou par ordre alphab\u00e9tique.<\/p>\n","protected":false},"author":1,"featured_media":0,"parent":0,"menu_order":0,"comment_status":"closed","ping_status":"closed","template":"","meta":{"footnotes":""},"class_list":["post-23","page","type-page","status-publish","hentry"],"_links":{"self":[{"href":"https:\/\/vadrouilles.xyz\/index.php?rest_route=\/wp\/v2\/pages\/23","targetHints":{"allow":["GET"]}}],"collection":[{"href":"https:\/\/vadrouilles.xyz\/index.php?rest_route=\/wp\/v2\/pages"}],"about":[{"href":"https:\/\/vadrouilles.xyz\/index.php?rest_route=\/wp\/v2\/types\/page"}],"author":[{"embeddable":true,"href":"https:\/\/vadrouilles.xyz\/index.php?rest_route=\/wp\/v2\/users\/1"}],"replies":[{"embeddable":true,"href":"https:\/\/vadrouilles.xyz\/index.php?rest_route=%2Fwp%2Fv2%2Fcomments&post=23"}],"version-history":[{"count":26,"href":"https:\/\/vadrouilles.xyz\/index.php?rest_route=\/wp\/v2\/pages\/23\/revisions"}],"predecessor-version":[{"id":13777,"href":"https:\/\/vadrouilles.xyz\/index.php?rest_route=\/wp\/v2\/pages\/23\/revisions\/13777"}],"wp:attachment":[{"href":"https:\/\/vadrouilles.xyz\/index.php?rest_route=%2Fwp%2Fv2%2Fmedia&parent=23"}],"curies":[{"name":"wp","href":"https:\/\/api.w.org\/{rel}","templated":true}]}}