{"id":21,"date":"2023-01-09T20:26:10","date_gmt":"2023-01-09T20:26:10","guid":{"rendered":"https:\/\/vadrouilles.xyz\/?page_id=21"},"modified":"2023-03-01T23:03:16","modified_gmt":"2023-03-01T22:03:16","slug":"vadrouilles-dantan","status":"publish","type":"page","link":"https:\/\/vadrouilles.xyz\/?page_id=21","title":{"rendered":"Vadrouilles d&rsquo;antan"},"content":{"rendered":"\n<p>Parce que Vadrouilles ne se sont pas faites en un jour, vous trouverez ici les recueils de mes balades pass\u00e9es.<\/p>\n\n\n\n<p><\/p>\n\n\n\n<p class=\"has-medium-font-size\"><strong>De l&rsquo;autre c\u00f4t\u00e9 du monde &#8211; [16\/03\/2014 &#8211; 15\/03\/2015] <\/strong><\/p>\n\n\n\n<p>12 mois \u00e0 travers 3 continents (Tha\u00eflande, Cambodge, Vi\u00eatnam, Japon, Malaisie, Indon\u00e9sie, Australie, Nouvelle-Z\u00e9lande, Rapa Nui, Chili, Argentine, Bolivie, P\u00e9rou).<\/p>\n\n\n\n<p>Backpacker style en Asie et en Am\u00e9rique du Sud,  van life en Oc\u00e9anie.<\/p>\n\n\n\n<div class=\"wp-block-buttons is-content-justification-center is-layout-flex wp-container-core-buttons-is-layout-16018d1d wp-block-buttons-is-layout-flex\">\n<div class=\"wp-block-button is-style-outline is-style-outline--1\"><a class=\"wp-block-button__link wp-element-button\" href=\"https:\/\/vadrouilles.xyz\/wp-content\/uploads\/2023\/01\/Bouquin_TDM_V2.pdf\" target=\"_blank\" rel=\"noreferrer noopener\">De l&rsquo;autre c\u00f4t\u00e9 du monde<\/a><\/div>\n<\/div>\n\n\n\n<p><\/p>\n\n\n\n<p class=\"has-medium-font-size\"><strong>Chemin faisant &#8211;  [01\/03\/2017 &#8211; 26\/08\/2017]<\/strong><\/p>\n\n\n\n<p>6 mois, 4 en Asie (Thailande, Myanmar, Laos, Philippines), 2 sur le chemin de Saint-Jacques-de-Compostelle (France, Espagne).<\/p>\n\n\n\n<p>Backpacker style en Asie, pi\u00e9ton sur St Jacques (malheureusement non d\u00e9crit ici).<\/p>\n\n\n\n<div class=\"wp-block-buttons is-content-justification-center is-layout-flex wp-container-core-buttons-is-layout-16018d1d wp-block-buttons-is-layout-flex\">\n<div class=\"wp-block-button is-style-outline is-style-outline--2\"><a class=\"wp-block-button__link wp-element-button\" href=\"https:\/\/vadrouilles.xyz\/wp-content\/uploads\/2023\/01\/Bouquin_TDM2.pdf\" target=\"_blank\" rel=\"noreferrer noopener\">Chemin faisant<\/a><\/div>\n<\/div>\n\n\n\n<p><\/p>\n\n\n\n<p class=\"has-medium-font-size\"><strong>Chroniques europ\u00e9ennes &#8211;  [03\/04\/2019 &#8211; 27\/09\/2019]<\/strong><\/p>\n\n\n\n<p>6 mois en Europe (France, Italie, Slov\u00e9nie, Croatie, Mont\u00e9n\u00e9gro, Albanie, Gr\u00e8ce, Mac\u00e9doine du Nord, Serbie, Hongrie, Slovaquie, Autriche, R\u00e9publique Tch\u00e8que, Allemagne, Pays-Bas).<\/p>\n\n\n\n<p>A bicyclette.<\/p>\n\n\n\n<div class=\"wp-block-buttons is-content-justification-center is-layout-flex wp-container-core-buttons-is-layout-16018d1d wp-block-buttons-is-layout-flex\">\n<div class=\"wp-block-button is-style-outline is-style-outline--3\"><a class=\"wp-block-button__link wp-element-button\" href=\"https:\/\/vadrouilles.xyz\/wp-content\/uploads\/2023\/01\/Bouquin_TDM3.pdf\" target=\"_blank\" rel=\"noreferrer noopener\">Chroniques europ\u00e9ennes<\/a><\/div>\n<\/div>\n","protected":false},"excerpt":{"rendered":"<p>Parce que Vadrouilles ne se sont pas faites en un jour, vous trouverez ici les recueils de mes balades pass\u00e9es. De l&rsquo;autre c\u00f4t\u00e9 du monde&hellip;<\/p>\n","protected":false},"author":1,"featured_media":0,"parent":0,"menu_order":0,"comment_status":"closed","ping_status":"closed","template":"","meta":{"footnotes":""},"class_list":["post-21","page","type-page","status-publish","hentry"],"_links":{"self":[{"href":"https:\/\/vadrouilles.xyz\/index.php?rest_route=\/wp\/v2\/pages\/21","targetHints":{"allow":["GET"]}}],"collection":[{"href":"https:\/\/vadrouilles.xyz\/index.php?rest_route=\/wp\/v2\/pages"}],"about":[{"href":"https:\/\/vadrouilles.xyz\/index.php?rest_route=\/wp\/v2\/types\/page"}],"author":[{"embeddable":true,"href":"https:\/\/vadrouilles.xyz\/index.php?rest_route=\/wp\/v2\/users\/1"}],"replies":[{"embeddable":true,"href":"https:\/\/vadrouilles.xyz\/index.php?rest_route=%2Fwp%2Fv2%2Fcomments&post=21"}],"version-history":[{"count":21,"href":"https:\/\/vadrouilles.xyz\/index.php?rest_route=\/wp\/v2\/pages\/21\/revisions"}],"predecessor-version":[{"id":396,"href":"https:\/\/vadrouilles.xyz\/index.php?rest_route=\/wp\/v2\/pages\/21\/revisions\/396"}],"wp:attachment":[{"href":"https:\/\/vadrouilles.xyz\/index.php?rest_route=%2Fwp%2Fv2%2Fmedia&parent=21"}],"curies":[{"name":"wp","href":"https:\/\/api.w.org\/{rel}","templated":true}]}}