{"id":13480,"date":"2025-10-09T19:00:22","date_gmt":"2025-10-09T18:00:22","guid":{"rendered":"https:\/\/vadrouilles.xyz\/?page_id=13480"},"modified":"2025-10-15T18:28:23","modified_gmt":"2025-10-15T17:28:23","slug":"belize","status":"publish","type":"page","link":"https:\/\/vadrouilles.xyz\/?page_id=13480","title":{"rendered":"Belize"},"content":{"rendered":"\n<p><strong>Juillet 2025<\/strong><\/p>\n\n\n\n<p>Caye Caulker : <a href=\"https:\/\/vadrouilles.xyz\/?p=13045\" data-type=\"post\" data-id=\"13045\">Cap sur un nouveau Paradis carib\u00e9en<\/a> \/ <a href=\"https:\/\/vadrouilles.xyz\/?p=13066\" data-type=\"post\" data-id=\"13066\">Combo histoire-g\u00e9o num\u00e9ro 106<\/a> \/ <a href=\"https:\/\/vadrouilles.xyz\/?p=13084\" data-type=\"post\" data-id=\"13084\">Le saviez-vous&nbsp;? (\u00c9pisode 21)<\/a> \/ <a href=\"https:\/\/vadrouilles.xyz\/?p=13091\" data-type=\"post\" data-id=\"13091\">\u00c0 bien y r\u00e9fl\u00e9chir\u2026<\/a> \/ <a href=\"https:\/\/vadrouilles.xyz\/?p=13107\" data-type=\"post\" data-id=\"13107\">Sous l\u2019eau<\/a> \/ <a href=\"https:\/\/vadrouilles.xyz\/?p=13111\" data-type=\"post\" data-id=\"13111\">Un pays, une \u00eele<\/a><\/p>\n\n\n\n<figure class=\"wp-block-gallery has-nested-images columns-2 wp-block-gallery-1 is-layout-flex wp-block-gallery-is-layout-flex\">\n<figure class=\"wp-block-image size-large\"><a href=\"https:\/\/vadrouilles.xyz\/wp-content\/uploads\/2025\/07\/PXL_20250708_190522472-scaled.jpg\"><img loading=\"lazy\" decoding=\"async\" width=\"1024\" height=\"771\" data-id=\"13048\" src=\"https:\/\/vadrouilles.xyz\/wp-content\/uploads\/2025\/07\/PXL_20250708_190522472-1024x771.jpg\" alt=\"\" class=\"wp-image-13048\" srcset=\"https:\/\/vadrouilles.xyz\/wp-content\/uploads\/2025\/07\/PXL_20250708_190522472-1024x771.jpg 1024w, https:\/\/vadrouilles.xyz\/wp-content\/uploads\/2025\/07\/PXL_20250708_190522472-300x226.jpg 300w, https:\/\/vadrouilles.xyz\/wp-content\/uploads\/2025\/07\/PXL_20250708_190522472-768x578.jpg 768w, https:\/\/vadrouilles.xyz\/wp-content\/uploads\/2025\/07\/PXL_20250708_190522472-1536x1157.jpg 1536w, https:\/\/vadrouilles.xyz\/wp-content\/uploads\/2025\/07\/PXL_20250708_190522472-2048x1542.jpg 2048w\" sizes=\"auto, (max-width: 1024px) 100vw, 1024px\" \/><\/a><figcaption class=\"wp-element-caption\">Caye Caulker<\/figcaption><\/figure>\n\n\n\n<figure class=\"wp-block-image size-large\"><a href=\"https:\/\/vadrouilles.xyz\/wp-content\/uploads\/2025\/07\/PXL_20250708_214838133-scaled.jpg\"><img loading=\"lazy\" decoding=\"async\" width=\"1024\" height=\"771\" data-id=\"13052\" src=\"https:\/\/vadrouilles.xyz\/wp-content\/uploads\/2025\/07\/PXL_20250708_214838133-1024x771.jpg\" alt=\"\" class=\"wp-image-13052\" srcset=\"https:\/\/vadrouilles.xyz\/wp-content\/uploads\/2025\/07\/PXL_20250708_214838133-1024x771.jpg 1024w, https:\/\/vadrouilles.xyz\/wp-content\/uploads\/2025\/07\/PXL_20250708_214838133-300x226.jpg 300w, https:\/\/vadrouilles.xyz\/wp-content\/uploads\/2025\/07\/PXL_20250708_214838133-768x578.jpg 768w, https:\/\/vadrouilles.xyz\/wp-content\/uploads\/2025\/07\/PXL_20250708_214838133-1536x1157.jpg 1536w, https:\/\/vadrouilles.xyz\/wp-content\/uploads\/2025\/07\/PXL_20250708_214838133-2048x1542.jpg 2048w\" sizes=\"auto, (max-width: 1024px) 100vw, 1024px\" \/><\/a><\/figure>\n\n\n\n<figure class=\"wp-block-image size-large\"><a href=\"https:\/\/vadrouilles.xyz\/wp-content\/uploads\/2025\/07\/PXL_20250708_220137202-scaled.jpg\"><img loading=\"lazy\" decoding=\"async\" width=\"1024\" height=\"771\" data-id=\"13054\" src=\"https:\/\/vadrouilles.xyz\/wp-content\/uploads\/2025\/07\/PXL_20250708_220137202-1024x771.jpg\" alt=\"\" class=\"wp-image-13054\" srcset=\"https:\/\/vadrouilles.xyz\/wp-content\/uploads\/2025\/07\/PXL_20250708_220137202-1024x771.jpg 1024w, https:\/\/vadrouilles.xyz\/wp-content\/uploads\/2025\/07\/PXL_20250708_220137202-300x226.jpg 300w, https:\/\/vadrouilles.xyz\/wp-content\/uploads\/2025\/07\/PXL_20250708_220137202-768x578.jpg 768w, https:\/\/vadrouilles.xyz\/wp-content\/uploads\/2025\/07\/PXL_20250708_220137202-1536x1157.jpg 1536w, https:\/\/vadrouilles.xyz\/wp-content\/uploads\/2025\/07\/PXL_20250708_220137202-2048x1542.jpg 2048w\" sizes=\"auto, (max-width: 1024px) 100vw, 1024px\" \/><\/a><\/figure>\n\n\n\n<figure class=\"wp-block-image size-large\"><a href=\"https:\/\/vadrouilles.xyz\/wp-content\/uploads\/2025\/07\/PXL_20250708_222045177-scaled.jpg\"><img loading=\"lazy\" decoding=\"async\" width=\"1024\" height=\"771\" data-id=\"13055\" src=\"https:\/\/vadrouilles.xyz\/wp-content\/uploads\/2025\/07\/PXL_20250708_222045177-1024x771.jpg\" alt=\"\" class=\"wp-image-13055\" srcset=\"https:\/\/vadrouilles.xyz\/wp-content\/uploads\/2025\/07\/PXL_20250708_222045177-1024x771.jpg 1024w, https:\/\/vadrouilles.xyz\/wp-content\/uploads\/2025\/07\/PXL_20250708_222045177-300x226.jpg 300w, https:\/\/vadrouilles.xyz\/wp-content\/uploads\/2025\/07\/PXL_20250708_222045177-768x578.jpg 768w, https:\/\/vadrouilles.xyz\/wp-content\/uploads\/2025\/07\/PXL_20250708_222045177-1536x1157.jpg 1536w, https:\/\/vadrouilles.xyz\/wp-content\/uploads\/2025\/07\/PXL_20250708_222045177-2048x1542.jpg 2048w\" sizes=\"auto, (max-width: 1024px) 100vw, 1024px\" \/><\/a><\/figure>\n\n\n\n<figure class=\"wp-block-image size-large\"><a href=\"https:\/\/vadrouilles.xyz\/wp-content\/uploads\/2025\/07\/PXL_20250708_235231086-scaled.jpg\"><img loading=\"lazy\" decoding=\"async\" width=\"1024\" height=\"771\" data-id=\"13062\" src=\"https:\/\/vadrouilles.xyz\/wp-content\/uploads\/2025\/07\/PXL_20250708_235231086-1024x771.jpg\" alt=\"\" class=\"wp-image-13062\" srcset=\"https:\/\/vadrouilles.xyz\/wp-content\/uploads\/2025\/07\/PXL_20250708_235231086-1024x771.jpg 1024w, https:\/\/vadrouilles.xyz\/wp-content\/uploads\/2025\/07\/PXL_20250708_235231086-300x226.jpg 300w, https:\/\/vadrouilles.xyz\/wp-content\/uploads\/2025\/07\/PXL_20250708_235231086-768x578.jpg 768w, https:\/\/vadrouilles.xyz\/wp-content\/uploads\/2025\/07\/PXL_20250708_235231086-1536x1157.jpg 1536w, https:\/\/vadrouilles.xyz\/wp-content\/uploads\/2025\/07\/PXL_20250708_235231086-2048x1542.jpg 2048w\" sizes=\"auto, (max-width: 1024px) 100vw, 1024px\" \/><\/a><\/figure>\n\n\n\n<figure class=\"wp-block-image size-large\"><a href=\"https:\/\/vadrouilles.xyz\/wp-content\/uploads\/2025\/07\/PXL_20250709_000218692-scaled.jpg\"><img loading=\"lazy\" decoding=\"async\" width=\"1024\" height=\"771\" data-id=\"13063\" src=\"https:\/\/vadrouilles.xyz\/wp-content\/uploads\/2025\/07\/PXL_20250709_000218692-1024x771.jpg\" alt=\"\" class=\"wp-image-13063\" srcset=\"https:\/\/vadrouilles.xyz\/wp-content\/uploads\/2025\/07\/PXL_20250709_000218692-1024x771.jpg 1024w, https:\/\/vadrouilles.xyz\/wp-content\/uploads\/2025\/07\/PXL_20250709_000218692-300x226.jpg 300w, https:\/\/vadrouilles.xyz\/wp-content\/uploads\/2025\/07\/PXL_20250709_000218692-768x578.jpg 768w, https:\/\/vadrouilles.xyz\/wp-content\/uploads\/2025\/07\/PXL_20250709_000218692-1536x1157.jpg 1536w, https:\/\/vadrouilles.xyz\/wp-content\/uploads\/2025\/07\/PXL_20250709_000218692-2048x1542.jpg 2048w\" sizes=\"auto, (max-width: 1024px) 100vw, 1024px\" \/><\/a><\/figure>\n\n\n\n<figure class=\"wp-block-image size-large\"><a href=\"https:\/\/vadrouilles.xyz\/wp-content\/uploads\/2025\/07\/PXL_20250709_175307572-scaled.jpg\"><img loading=\"lazy\" decoding=\"async\" width=\"1024\" height=\"771\" data-id=\"13068\" src=\"https:\/\/vadrouilles.xyz\/wp-content\/uploads\/2025\/07\/PXL_20250709_175307572-1024x771.jpg\" alt=\"\" class=\"wp-image-13068\" srcset=\"https:\/\/vadrouilles.xyz\/wp-content\/uploads\/2025\/07\/PXL_20250709_175307572-1024x771.jpg 1024w, https:\/\/vadrouilles.xyz\/wp-content\/uploads\/2025\/07\/PXL_20250709_175307572-300x226.jpg 300w, https:\/\/vadrouilles.xyz\/wp-content\/uploads\/2025\/07\/PXL_20250709_175307572-768x578.jpg 768w, https:\/\/vadrouilles.xyz\/wp-content\/uploads\/2025\/07\/PXL_20250709_175307572-1536x1157.jpg 1536w, https:\/\/vadrouilles.xyz\/wp-content\/uploads\/2025\/07\/PXL_20250709_175307572-2048x1542.jpg 2048w\" sizes=\"auto, (max-width: 1024px) 100vw, 1024px\" \/><\/a><\/figure>\n\n\n\n<figure class=\"wp-block-image size-large\"><a href=\"https:\/\/vadrouilles.xyz\/wp-content\/uploads\/2025\/07\/PXL_20250709_180022768-scaled.jpg\"><img loading=\"lazy\" decoding=\"async\" width=\"1024\" height=\"771\" data-id=\"13070\" src=\"https:\/\/vadrouilles.xyz\/wp-content\/uploads\/2025\/07\/PXL_20250709_180022768-1024x771.jpg\" alt=\"\" class=\"wp-image-13070\" srcset=\"https:\/\/vadrouilles.xyz\/wp-content\/uploads\/2025\/07\/PXL_20250709_180022768-1024x771.jpg 1024w, https:\/\/vadrouilles.xyz\/wp-content\/uploads\/2025\/07\/PXL_20250709_180022768-300x226.jpg 300w, https:\/\/vadrouilles.xyz\/wp-content\/uploads\/2025\/07\/PXL_20250709_180022768-768x578.jpg 768w, https:\/\/vadrouilles.xyz\/wp-content\/uploads\/2025\/07\/PXL_20250709_180022768-1536x1157.jpg 1536w, https:\/\/vadrouilles.xyz\/wp-content\/uploads\/2025\/07\/PXL_20250709_180022768-2048x1542.jpg 2048w\" sizes=\"auto, (max-width: 1024px) 100vw, 1024px\" \/><\/a><\/figure>\n\n\n\n<figure class=\"wp-block-image size-large\"><a href=\"https:\/\/vadrouilles.xyz\/wp-content\/uploads\/2025\/07\/PXL_20250709_183922522-scaled.jpg\"><img loading=\"lazy\" decoding=\"async\" width=\"1024\" height=\"771\" data-id=\"13078\" src=\"https:\/\/vadrouilles.xyz\/wp-content\/uploads\/2025\/07\/PXL_20250709_183922522-1024x771.jpg\" alt=\"\" class=\"wp-image-13078\" srcset=\"https:\/\/vadrouilles.xyz\/wp-content\/uploads\/2025\/07\/PXL_20250709_183922522-1024x771.jpg 1024w, https:\/\/vadrouilles.xyz\/wp-content\/uploads\/2025\/07\/PXL_20250709_183922522-300x226.jpg 300w, https:\/\/vadrouilles.xyz\/wp-content\/uploads\/2025\/07\/PXL_20250709_183922522-768x578.jpg 768w, https:\/\/vadrouilles.xyz\/wp-content\/uploads\/2025\/07\/PXL_20250709_183922522-1536x1157.jpg 1536w, https:\/\/vadrouilles.xyz\/wp-content\/uploads\/2025\/07\/PXL_20250709_183922522-2048x1542.jpg 2048w\" sizes=\"auto, (max-width: 1024px) 100vw, 1024px\" \/><\/a><\/figure>\n\n\n\n<figure class=\"wp-block-image size-large\"><a href=\"https:\/\/vadrouilles.xyz\/wp-content\/uploads\/2025\/07\/PXL_20250709_190539975-scaled.jpg\"><img loading=\"lazy\" decoding=\"async\" width=\"1024\" height=\"771\" data-id=\"13080\" src=\"https:\/\/vadrouilles.xyz\/wp-content\/uploads\/2025\/07\/PXL_20250709_190539975-1024x771.jpg\" alt=\"\" class=\"wp-image-13080\" srcset=\"https:\/\/vadrouilles.xyz\/wp-content\/uploads\/2025\/07\/PXL_20250709_190539975-1024x771.jpg 1024w, https:\/\/vadrouilles.xyz\/wp-content\/uploads\/2025\/07\/PXL_20250709_190539975-300x226.jpg 300w, https:\/\/vadrouilles.xyz\/wp-content\/uploads\/2025\/07\/PXL_20250709_190539975-768x578.jpg 768w, https:\/\/vadrouilles.xyz\/wp-content\/uploads\/2025\/07\/PXL_20250709_190539975-1536x1157.jpg 1536w, https:\/\/vadrouilles.xyz\/wp-content\/uploads\/2025\/07\/PXL_20250709_190539975-2048x1542.jpg 2048w\" sizes=\"auto, (max-width: 1024px) 100vw, 1024px\" \/><\/a><\/figure>\n\n\n\n<figure class=\"wp-block-image size-large\"><a href=\"https:\/\/vadrouilles.xyz\/wp-content\/uploads\/2025\/07\/PXL_20250709_180845644-scaled.jpg\"><img loading=\"lazy\" decoding=\"async\" width=\"771\" height=\"1024\" data-id=\"13073\" src=\"https:\/\/vadrouilles.xyz\/wp-content\/uploads\/2025\/07\/PXL_20250709_180845644-771x1024.jpg\" alt=\"\" class=\"wp-image-13073\" srcset=\"https:\/\/vadrouilles.xyz\/wp-content\/uploads\/2025\/07\/PXL_20250709_180845644-771x1024.jpg 771w, https:\/\/vadrouilles.xyz\/wp-content\/uploads\/2025\/07\/PXL_20250709_180845644-226x300.jpg 226w, https:\/\/vadrouilles.xyz\/wp-content\/uploads\/2025\/07\/PXL_20250709_180845644-768x1020.jpg 768w, https:\/\/vadrouilles.xyz\/wp-content\/uploads\/2025\/07\/PXL_20250709_180845644-1157x1536.jpg 1157w, https:\/\/vadrouilles.xyz\/wp-content\/uploads\/2025\/07\/PXL_20250709_180845644-1542x2048.jpg 1542w, https:\/\/vadrouilles.xyz\/wp-content\/uploads\/2025\/07\/PXL_20250709_180845644-scaled.jpg 1928w\" sizes=\"auto, (max-width: 771px) 100vw, 771px\" \/><\/a><\/figure>\n\n\n\n<figure class=\"wp-block-image size-large\"><a href=\"https:\/\/vadrouilles.xyz\/wp-content\/uploads\/2025\/07\/PXL_20250710_002419340-scaled.jpg\"><img loading=\"lazy\" decoding=\"async\" width=\"771\" height=\"1024\" data-id=\"13082\" src=\"https:\/\/vadrouilles.xyz\/wp-content\/uploads\/2025\/07\/PXL_20250710_002419340-771x1024.jpg\" alt=\"\" class=\"wp-image-13082\" srcset=\"https:\/\/vadrouilles.xyz\/wp-content\/uploads\/2025\/07\/PXL_20250710_002419340-771x1024.jpg 771w, https:\/\/vadrouilles.xyz\/wp-content\/uploads\/2025\/07\/PXL_20250710_002419340-226x300.jpg 226w, https:\/\/vadrouilles.xyz\/wp-content\/uploads\/2025\/07\/PXL_20250710_002419340-768x1020.jpg 768w, https:\/\/vadrouilles.xyz\/wp-content\/uploads\/2025\/07\/PXL_20250710_002419340-1157x1536.jpg 1157w, https:\/\/vadrouilles.xyz\/wp-content\/uploads\/2025\/07\/PXL_20250710_002419340-1542x2048.jpg 1542w, https:\/\/vadrouilles.xyz\/wp-content\/uploads\/2025\/07\/PXL_20250710_002419340-scaled.jpg 1928w\" sizes=\"auto, (max-width: 771px) 100vw, 771px\" \/><\/a><\/figure>\n\n\n\n<figure class=\"wp-block-image size-large\"><a href=\"https:\/\/vadrouilles.xyz\/wp-content\/uploads\/2025\/07\/PXL_20250710_171657451-scaled.jpg\"><img loading=\"lazy\" decoding=\"async\" width=\"771\" height=\"1024\" data-id=\"13086\" src=\"https:\/\/vadrouilles.xyz\/wp-content\/uploads\/2025\/07\/PXL_20250710_171657451-771x1024.jpg\" alt=\"\" class=\"wp-image-13086\" srcset=\"https:\/\/vadrouilles.xyz\/wp-content\/uploads\/2025\/07\/PXL_20250710_171657451-771x1024.jpg 771w, https:\/\/vadrouilles.xyz\/wp-content\/uploads\/2025\/07\/PXL_20250710_171657451-226x300.jpg 226w, https:\/\/vadrouilles.xyz\/wp-content\/uploads\/2025\/07\/PXL_20250710_171657451-768x1020.jpg 768w, https:\/\/vadrouilles.xyz\/wp-content\/uploads\/2025\/07\/PXL_20250710_171657451-1157x1536.jpg 1157w, https:\/\/vadrouilles.xyz\/wp-content\/uploads\/2025\/07\/PXL_20250710_171657451-1542x2048.jpg 1542w, https:\/\/vadrouilles.xyz\/wp-content\/uploads\/2025\/07\/PXL_20250710_171657451-scaled.jpg 1928w\" sizes=\"auto, (max-width: 771px) 100vw, 771px\" \/><\/a><\/figure>\n\n\n\n<figure class=\"wp-block-image size-large\"><a href=\"https:\/\/vadrouilles.xyz\/wp-content\/uploads\/2025\/07\/PXL_20250710_221129338-scaled.jpg\"><img loading=\"lazy\" decoding=\"async\" width=\"771\" height=\"1024\" data-id=\"13088\" src=\"https:\/\/vadrouilles.xyz\/wp-content\/uploads\/2025\/07\/PXL_20250710_221129338-771x1024.jpg\" alt=\"\" class=\"wp-image-13088\" srcset=\"https:\/\/vadrouilles.xyz\/wp-content\/uploads\/2025\/07\/PXL_20250710_221129338-771x1024.jpg 771w, https:\/\/vadrouilles.xyz\/wp-content\/uploads\/2025\/07\/PXL_20250710_221129338-226x300.jpg 226w, https:\/\/vadrouilles.xyz\/wp-content\/uploads\/2025\/07\/PXL_20250710_221129338-768x1020.jpg 768w, https:\/\/vadrouilles.xyz\/wp-content\/uploads\/2025\/07\/PXL_20250710_221129338-1157x1536.jpg 1157w, https:\/\/vadrouilles.xyz\/wp-content\/uploads\/2025\/07\/PXL_20250710_221129338-1542x2048.jpg 1542w, https:\/\/vadrouilles.xyz\/wp-content\/uploads\/2025\/07\/PXL_20250710_221129338-scaled.jpg 1928w\" sizes=\"auto, (max-width: 771px) 100vw, 771px\" \/><\/a><\/figure>\n\n\n\n<figure class=\"wp-block-image size-large\"><a href=\"https:\/\/vadrouilles.xyz\/wp-content\/uploads\/2025\/07\/PXL_20250711_205511484-scaled.jpg\"><img loading=\"lazy\" decoding=\"async\" width=\"1024\" height=\"771\" data-id=\"13099\" src=\"https:\/\/vadrouilles.xyz\/wp-content\/uploads\/2025\/07\/PXL_20250711_205511484-1024x771.jpg\" alt=\"\" class=\"wp-image-13099\" srcset=\"https:\/\/vadrouilles.xyz\/wp-content\/uploads\/2025\/07\/PXL_20250711_205511484-1024x771.jpg 1024w, https:\/\/vadrouilles.xyz\/wp-content\/uploads\/2025\/07\/PXL_20250711_205511484-300x226.jpg 300w, https:\/\/vadrouilles.xyz\/wp-content\/uploads\/2025\/07\/PXL_20250711_205511484-768x578.jpg 768w, https:\/\/vadrouilles.xyz\/wp-content\/uploads\/2025\/07\/PXL_20250711_205511484-1536x1157.jpg 1536w, https:\/\/vadrouilles.xyz\/wp-content\/uploads\/2025\/07\/PXL_20250711_205511484-2048x1542.jpg 2048w\" sizes=\"auto, (max-width: 1024px) 100vw, 1024px\" \/><\/a><\/figure>\n\n\n\n<figure class=\"wp-block-image size-large\"><a href=\"https:\/\/vadrouilles.xyz\/wp-content\/uploads\/2025\/07\/PXL_20250711_235328031-scaled.jpg\"><img loading=\"lazy\" decoding=\"async\" width=\"1024\" height=\"771\" data-id=\"13104\" src=\"https:\/\/vadrouilles.xyz\/wp-content\/uploads\/2025\/07\/PXL_20250711_235328031-1024x771.jpg\" alt=\"\" class=\"wp-image-13104\" srcset=\"https:\/\/vadrouilles.xyz\/wp-content\/uploads\/2025\/07\/PXL_20250711_235328031-1024x771.jpg 1024w, https:\/\/vadrouilles.xyz\/wp-content\/uploads\/2025\/07\/PXL_20250711_235328031-300x226.jpg 300w, https:\/\/vadrouilles.xyz\/wp-content\/uploads\/2025\/07\/PXL_20250711_235328031-768x578.jpg 768w, https:\/\/vadrouilles.xyz\/wp-content\/uploads\/2025\/07\/PXL_20250711_235328031-1536x1157.jpg 1536w, https:\/\/vadrouilles.xyz\/wp-content\/uploads\/2025\/07\/PXL_20250711_235328031-2048x1542.jpg 2048w\" sizes=\"auto, (max-width: 1024px) 100vw, 1024px\" \/><\/a><\/figure>\n\n\n\n<figure class=\"wp-block-image size-large\"><a href=\"https:\/\/vadrouilles.xyz\/wp-content\/uploads\/2025\/07\/PXL_20250712_150554302-scaled.jpg\"><img loading=\"lazy\" decoding=\"async\" width=\"1024\" height=\"771\" data-id=\"13109\" src=\"https:\/\/vadrouilles.xyz\/wp-content\/uploads\/2025\/07\/PXL_20250712_150554302-1024x771.jpg\" alt=\"\" class=\"wp-image-13109\" srcset=\"https:\/\/vadrouilles.xyz\/wp-content\/uploads\/2025\/07\/PXL_20250712_150554302-1024x771.jpg 1024w, https:\/\/vadrouilles.xyz\/wp-content\/uploads\/2025\/07\/PXL_20250712_150554302-300x226.jpg 300w, https:\/\/vadrouilles.xyz\/wp-content\/uploads\/2025\/07\/PXL_20250712_150554302-768x578.jpg 768w, https:\/\/vadrouilles.xyz\/wp-content\/uploads\/2025\/07\/PXL_20250712_150554302-1536x1157.jpg 1536w, https:\/\/vadrouilles.xyz\/wp-content\/uploads\/2025\/07\/PXL_20250712_150554302-2048x1542.jpg 2048w\" sizes=\"auto, (max-width: 1024px) 100vw, 1024px\" \/><\/a><\/figure>\n\n\n\n<figure class=\"wp-block-image size-large\"><a href=\"https:\/\/vadrouilles.xyz\/wp-content\/uploads\/2025\/07\/PXL_20250713_173010140-scaled.jpg\"><img loading=\"lazy\" decoding=\"async\" width=\"1024\" height=\"771\" data-id=\"13116\" src=\"https:\/\/vadrouilles.xyz\/wp-content\/uploads\/2025\/07\/PXL_20250713_173010140-1024x771.jpg\" alt=\"\" class=\"wp-image-13116\" srcset=\"https:\/\/vadrouilles.xyz\/wp-content\/uploads\/2025\/07\/PXL_20250713_173010140-1024x771.jpg 1024w, https:\/\/vadrouilles.xyz\/wp-content\/uploads\/2025\/07\/PXL_20250713_173010140-300x226.jpg 300w, https:\/\/vadrouilles.xyz\/wp-content\/uploads\/2025\/07\/PXL_20250713_173010140-768x578.jpg 768w, https:\/\/vadrouilles.xyz\/wp-content\/uploads\/2025\/07\/PXL_20250713_173010140-1536x1157.jpg 1536w, https:\/\/vadrouilles.xyz\/wp-content\/uploads\/2025\/07\/PXL_20250713_173010140-2048x1542.jpg 2048w\" sizes=\"auto, (max-width: 1024px) 100vw, 1024px\" \/><\/a><\/figure>\n\n\n\n<figure class=\"wp-block-image size-large\"><a href=\"https:\/\/vadrouilles.xyz\/wp-content\/uploads\/2025\/07\/PXL_20250711_195947460-scaled.jpg\"><img loading=\"lazy\" decoding=\"async\" width=\"1024\" height=\"771\" data-id=\"13094\" src=\"https:\/\/vadrouilles.xyz\/wp-content\/uploads\/2025\/07\/PXL_20250711_195947460-1024x771.jpg\" alt=\"\" class=\"wp-image-13094\" srcset=\"https:\/\/vadrouilles.xyz\/wp-content\/uploads\/2025\/07\/PXL_20250711_195947460-1024x771.jpg 1024w, https:\/\/vadrouilles.xyz\/wp-content\/uploads\/2025\/07\/PXL_20250711_195947460-300x226.jpg 300w, https:\/\/vadrouilles.xyz\/wp-content\/uploads\/2025\/07\/PXL_20250711_195947460-768x578.jpg 768w, https:\/\/vadrouilles.xyz\/wp-content\/uploads\/2025\/07\/PXL_20250711_195947460-1536x1157.jpg 1536w, https:\/\/vadrouilles.xyz\/wp-content\/uploads\/2025\/07\/PXL_20250711_195947460-2048x1542.jpg 2048w\" sizes=\"auto, (max-width: 1024px) 100vw, 1024px\" \/><\/a><\/figure>\n<\/figure>\n","protected":false},"excerpt":{"rendered":"<p>Juillet 2025 Caye Caulker : Cap sur un nouveau Paradis carib\u00e9en \/ Combo histoire-g\u00e9o num\u00e9ro 106 \/ Le saviez-vous&nbsp;? (\u00c9pisode 21) \/ \u00c0 bien y&hellip;<\/p>\n","protected":false},"author":1,"featured_media":0,"parent":0,"menu_order":0,"comment_status":"closed","ping_status":"closed","template":"","meta":{"footnotes":""},"class_list":["post-13480","page","type-page","status-publish","hentry"],"_links":{"self":[{"href":"https:\/\/vadrouilles.xyz\/index.php?rest_route=\/wp\/v2\/pages\/13480","targetHints":{"allow":["GET"]}}],"collection":[{"href":"https:\/\/vadrouilles.xyz\/index.php?rest_route=\/wp\/v2\/pages"}],"about":[{"href":"https:\/\/vadrouilles.xyz\/index.php?rest_route=\/wp\/v2\/types\/page"}],"author":[{"embeddable":true,"href":"https:\/\/vadrouilles.xyz\/index.php?rest_route=\/wp\/v2\/users\/1"}],"replies":[{"embeddable":true,"href":"https:\/\/vadrouilles.xyz\/index.php?rest_route=%2Fwp%2Fv2%2Fcomments&post=13480"}],"version-history":[{"count":3,"href":"https:\/\/vadrouilles.xyz\/index.php?rest_route=\/wp\/v2\/pages\/13480\/revisions"}],"predecessor-version":[{"id":13624,"href":"https:\/\/vadrouilles.xyz\/index.php?rest_route=\/wp\/v2\/pages\/13480\/revisions\/13624"}],"wp:attachment":[{"href":"https:\/\/vadrouilles.xyz\/index.php?rest_route=%2Fwp%2Fv2%2Fmedia&parent=13480"}],"curies":[{"name":"wp","href":"https:\/\/api.w.org\/{rel}","templated":true}]}}