{"id":13451,"date":"2025-10-09T15:05:21","date_gmt":"2025-10-09T14:05:21","guid":{"rendered":"https:\/\/vadrouilles.xyz\/?page_id=13451"},"modified":"2025-10-15T21:19:26","modified_gmt":"2025-10-15T20:19:26","slug":"paraguay","status":"publish","type":"page","link":"https:\/\/vadrouilles.xyz\/?page_id=13451","title":{"rendered":"Paraguay"},"content":{"rendered":"\n<p><strong>Janvier 2025<\/strong><\/p>\n\n\n\n<p>Encarnacion : <a href=\"https:\/\/vadrouilles.xyz\/?p=9248\" data-type=\"post\" data-id=\"9248\">Petit ange parti trop vite<\/a> \/ <a href=\"https:\/\/vadrouilles.xyz\/?p=9260\" data-type=\"post\" data-id=\"9260\">Missions, \u00e9pisode 2<\/a><\/p>\n\n\n\n<p>Ascension : <a href=\"https:\/\/vadrouilles.xyz\/?p=9290\" data-type=\"post\" data-id=\"9290\">Combo histoire-g\u00e9o num\u00e9ro 101<\/a> \/ <a href=\"https:\/\/vadrouilles.xyz\/?p=9297\" data-type=\"post\" data-id=\"9297\">Le saviez-vous&nbsp;? (\u00c9pisode 11)<\/a> \/ <a href=\"https:\/\/vadrouilles.xyz\/?p=9332\" data-type=\"post\" data-id=\"9332\">Une capitale en toute simplicit\u00e9<\/a> \/ <a href=\"https:\/\/vadrouilles.xyz\/?p=9334\" data-type=\"post\" data-id=\"9334\">Le Paraguay, mais pourquoi donc&nbsp;?<\/a><\/p>\n\n\n\n<figure class=\"wp-block-gallery has-nested-images columns-2 wp-block-gallery-1 is-layout-flex wp-block-gallery-is-layout-flex\">\n<figure class=\"wp-block-image size-large\"><a href=\"https:\/\/vadrouilles.xyz\/wp-content\/uploads\/2025\/01\/PXL_20250107_194056802-scaled.jpg\"><img loading=\"lazy\" decoding=\"async\" width=\"771\" height=\"1024\" data-id=\"9241\" src=\"https:\/\/vadrouilles.xyz\/wp-content\/uploads\/2025\/01\/PXL_20250107_194056802-771x1024.jpg\" alt=\"\" class=\"wp-image-9241\" srcset=\"https:\/\/vadrouilles.xyz\/wp-content\/uploads\/2025\/01\/PXL_20250107_194056802-771x1024.jpg 771w, https:\/\/vadrouilles.xyz\/wp-content\/uploads\/2025\/01\/PXL_20250107_194056802-226x300.jpg 226w, https:\/\/vadrouilles.xyz\/wp-content\/uploads\/2025\/01\/PXL_20250107_194056802-768x1020.jpg 768w, https:\/\/vadrouilles.xyz\/wp-content\/uploads\/2025\/01\/PXL_20250107_194056802-1157x1536.jpg 1157w, https:\/\/vadrouilles.xyz\/wp-content\/uploads\/2025\/01\/PXL_20250107_194056802-1542x2048.jpg 1542w, https:\/\/vadrouilles.xyz\/wp-content\/uploads\/2025\/01\/PXL_20250107_194056802-scaled.jpg 1928w\" sizes=\"auto, (max-width: 771px) 100vw, 771px\" \/><\/a><figcaption class=\"wp-element-caption\">Encarnacion<\/figcaption><\/figure>\n\n\n\n<figure class=\"wp-block-image size-large\"><a href=\"https:\/\/vadrouilles.xyz\/wp-content\/uploads\/2025\/01\/PXL_20250108_204557442-scaled.jpg\"><img loading=\"lazy\" decoding=\"async\" width=\"771\" height=\"1024\" data-id=\"9257\" src=\"https:\/\/vadrouilles.xyz\/wp-content\/uploads\/2025\/01\/PXL_20250108_204557442-771x1024.jpg\" alt=\"\" class=\"wp-image-9257\" srcset=\"https:\/\/vadrouilles.xyz\/wp-content\/uploads\/2025\/01\/PXL_20250108_204557442-771x1024.jpg 771w, https:\/\/vadrouilles.xyz\/wp-content\/uploads\/2025\/01\/PXL_20250108_204557442-226x300.jpg 226w, https:\/\/vadrouilles.xyz\/wp-content\/uploads\/2025\/01\/PXL_20250108_204557442-768x1020.jpg 768w, https:\/\/vadrouilles.xyz\/wp-content\/uploads\/2025\/01\/PXL_20250108_204557442-1157x1536.jpg 1157w, https:\/\/vadrouilles.xyz\/wp-content\/uploads\/2025\/01\/PXL_20250108_204557442-1542x2048.jpg 1542w, https:\/\/vadrouilles.xyz\/wp-content\/uploads\/2025\/01\/PXL_20250108_204557442-scaled.jpg 1928w\" sizes=\"auto, (max-width: 771px) 100vw, 771px\" \/><\/a><\/figure>\n\n\n\n<figure class=\"wp-block-image size-large\"><a href=\"https:\/\/vadrouilles.xyz\/wp-content\/uploads\/2025\/01\/PXL_20250107_215625271-scaled.jpg\"><img loading=\"lazy\" decoding=\"async\" width=\"1024\" height=\"771\" data-id=\"9245\" src=\"https:\/\/vadrouilles.xyz\/wp-content\/uploads\/2025\/01\/PXL_20250107_215625271-1024x771.jpg\" alt=\"\" class=\"wp-image-9245\" srcset=\"https:\/\/vadrouilles.xyz\/wp-content\/uploads\/2025\/01\/PXL_20250107_215625271-1024x771.jpg 1024w, https:\/\/vadrouilles.xyz\/wp-content\/uploads\/2025\/01\/PXL_20250107_215625271-300x226.jpg 300w, https:\/\/vadrouilles.xyz\/wp-content\/uploads\/2025\/01\/PXL_20250107_215625271-768x578.jpg 768w, https:\/\/vadrouilles.xyz\/wp-content\/uploads\/2025\/01\/PXL_20250107_215625271-1536x1157.jpg 1536w, https:\/\/vadrouilles.xyz\/wp-content\/uploads\/2025\/01\/PXL_20250107_215625271-2048x1542.jpg 2048w\" sizes=\"auto, (max-width: 1024px) 100vw, 1024px\" \/><\/a><\/figure>\n\n\n\n<figure class=\"wp-block-image size-large\"><a href=\"https:\/\/vadrouilles.xyz\/wp-content\/uploads\/2025\/01\/PXL_20250108_193141345-scaled.jpg\"><img loading=\"lazy\" decoding=\"async\" width=\"1024\" height=\"771\" data-id=\"9253\" src=\"https:\/\/vadrouilles.xyz\/wp-content\/uploads\/2025\/01\/PXL_20250108_193141345-1024x771.jpg\" alt=\"\" class=\"wp-image-9253\" srcset=\"https:\/\/vadrouilles.xyz\/wp-content\/uploads\/2025\/01\/PXL_20250108_193141345-1024x771.jpg 1024w, https:\/\/vadrouilles.xyz\/wp-content\/uploads\/2025\/01\/PXL_20250108_193141345-300x226.jpg 300w, https:\/\/vadrouilles.xyz\/wp-content\/uploads\/2025\/01\/PXL_20250108_193141345-768x578.jpg 768w, https:\/\/vadrouilles.xyz\/wp-content\/uploads\/2025\/01\/PXL_20250108_193141345-1536x1157.jpg 1536w, https:\/\/vadrouilles.xyz\/wp-content\/uploads\/2025\/01\/PXL_20250108_193141345-2048x1542.jpg 2048w\" sizes=\"auto, (max-width: 1024px) 100vw, 1024px\" \/><\/a><\/figure>\n\n\n\n<figure class=\"wp-block-image size-large\"><a href=\"https:\/\/vadrouilles.xyz\/wp-content\/uploads\/2025\/01\/PXL_20250108_223918278-scaled.jpg\"><img loading=\"lazy\" decoding=\"async\" width=\"1024\" height=\"771\" data-id=\"9258\" src=\"https:\/\/vadrouilles.xyz\/wp-content\/uploads\/2025\/01\/PXL_20250108_223918278-1024x771.jpg\" alt=\"\" class=\"wp-image-9258\" srcset=\"https:\/\/vadrouilles.xyz\/wp-content\/uploads\/2025\/01\/PXL_20250108_223918278-1024x771.jpg 1024w, https:\/\/vadrouilles.xyz\/wp-content\/uploads\/2025\/01\/PXL_20250108_223918278-300x226.jpg 300w, https:\/\/vadrouilles.xyz\/wp-content\/uploads\/2025\/01\/PXL_20250108_223918278-768x578.jpg 768w, https:\/\/vadrouilles.xyz\/wp-content\/uploads\/2025\/01\/PXL_20250108_223918278-1536x1157.jpg 1536w, https:\/\/vadrouilles.xyz\/wp-content\/uploads\/2025\/01\/PXL_20250108_223918278-2048x1542.jpg 2048w\" sizes=\"auto, (max-width: 1024px) 100vw, 1024px\" \/><\/a><\/figure>\n\n\n\n<figure class=\"wp-block-image size-large\"><a href=\"https:\/\/vadrouilles.xyz\/wp-content\/uploads\/2025\/01\/PXL_20250110_211241771-scaled.jpg\"><img loading=\"lazy\" decoding=\"async\" width=\"1024\" height=\"771\" data-id=\"9285\" src=\"https:\/\/vadrouilles.xyz\/wp-content\/uploads\/2025\/01\/PXL_20250110_211241771-1024x771.jpg\" alt=\"\" class=\"wp-image-9285\" srcset=\"https:\/\/vadrouilles.xyz\/wp-content\/uploads\/2025\/01\/PXL_20250110_211241771-1024x771.jpg 1024w, https:\/\/vadrouilles.xyz\/wp-content\/uploads\/2025\/01\/PXL_20250110_211241771-300x226.jpg 300w, https:\/\/vadrouilles.xyz\/wp-content\/uploads\/2025\/01\/PXL_20250110_211241771-768x578.jpg 768w, https:\/\/vadrouilles.xyz\/wp-content\/uploads\/2025\/01\/PXL_20250110_211241771-1536x1157.jpg 1536w, https:\/\/vadrouilles.xyz\/wp-content\/uploads\/2025\/01\/PXL_20250110_211241771-2048x1542.jpg 2048w\" sizes=\"auto, (max-width: 1024px) 100vw, 1024px\" \/><\/a><\/figure>\n\n\n\n<figure class=\"wp-block-image size-large\"><a href=\"https:\/\/vadrouilles.xyz\/wp-content\/uploads\/2025\/01\/PXL_20250110_223944075-scaled.jpg\"><img loading=\"lazy\" decoding=\"async\" width=\"1024\" height=\"771\" data-id=\"9287\" src=\"https:\/\/vadrouilles.xyz\/wp-content\/uploads\/2025\/01\/PXL_20250110_223944075-1024x771.jpg\" alt=\"\" class=\"wp-image-9287\" srcset=\"https:\/\/vadrouilles.xyz\/wp-content\/uploads\/2025\/01\/PXL_20250110_223944075-1024x771.jpg 1024w, https:\/\/vadrouilles.xyz\/wp-content\/uploads\/2025\/01\/PXL_20250110_223944075-300x226.jpg 300w, https:\/\/vadrouilles.xyz\/wp-content\/uploads\/2025\/01\/PXL_20250110_223944075-768x578.jpg 768w, https:\/\/vadrouilles.xyz\/wp-content\/uploads\/2025\/01\/PXL_20250110_223944075-1536x1157.jpg 1536w, https:\/\/vadrouilles.xyz\/wp-content\/uploads\/2025\/01\/PXL_20250110_223944075-2048x1542.jpg 2048w\" sizes=\"auto, (max-width: 1024px) 100vw, 1024px\" \/><\/a><\/figure>\n\n\n\n<figure class=\"wp-block-image size-large\"><a href=\"https:\/\/vadrouilles.xyz\/wp-content\/uploads\/2025\/01\/PXL_20250109_160804732-scaled.jpg\"><img loading=\"lazy\" decoding=\"async\" width=\"1024\" height=\"771\" data-id=\"9273\" src=\"https:\/\/vadrouilles.xyz\/wp-content\/uploads\/2025\/01\/PXL_20250109_160804732-1024x771.jpg\" alt=\"\" class=\"wp-image-9273\" srcset=\"https:\/\/vadrouilles.xyz\/wp-content\/uploads\/2025\/01\/PXL_20250109_160804732-1024x771.jpg 1024w, https:\/\/vadrouilles.xyz\/wp-content\/uploads\/2025\/01\/PXL_20250109_160804732-300x226.jpg 300w, https:\/\/vadrouilles.xyz\/wp-content\/uploads\/2025\/01\/PXL_20250109_160804732-768x578.jpg 768w, https:\/\/vadrouilles.xyz\/wp-content\/uploads\/2025\/01\/PXL_20250109_160804732-1536x1157.jpg 1536w, https:\/\/vadrouilles.xyz\/wp-content\/uploads\/2025\/01\/PXL_20250109_160804732-2048x1542.jpg 2048w\" sizes=\"auto, (max-width: 1024px) 100vw, 1024px\" \/><\/a><figcaption class=\"wp-element-caption\">Trinidad \/ Jesus<\/figcaption><\/figure>\n\n\n\n<figure class=\"wp-block-image size-large\"><a href=\"https:\/\/vadrouilles.xyz\/wp-content\/uploads\/2025\/01\/PXL_20250109_170026560-scaled.jpg\"><img loading=\"lazy\" decoding=\"async\" width=\"1024\" height=\"771\" data-id=\"9279\" src=\"https:\/\/vadrouilles.xyz\/wp-content\/uploads\/2025\/01\/PXL_20250109_170026560-1024x771.jpg\" alt=\"\" class=\"wp-image-9279\" srcset=\"https:\/\/vadrouilles.xyz\/wp-content\/uploads\/2025\/01\/PXL_20250109_170026560-1024x771.jpg 1024w, https:\/\/vadrouilles.xyz\/wp-content\/uploads\/2025\/01\/PXL_20250109_170026560-300x226.jpg 300w, https:\/\/vadrouilles.xyz\/wp-content\/uploads\/2025\/01\/PXL_20250109_170026560-768x578.jpg 768w, https:\/\/vadrouilles.xyz\/wp-content\/uploads\/2025\/01\/PXL_20250109_170026560-1536x1157.jpg 1536w, https:\/\/vadrouilles.xyz\/wp-content\/uploads\/2025\/01\/PXL_20250109_170026560-2048x1542.jpg 2048w\" sizes=\"auto, (max-width: 1024px) 100vw, 1024px\" \/><\/a><\/figure>\n\n\n\n<figure class=\"wp-block-image size-large\"><a href=\"https:\/\/vadrouilles.xyz\/wp-content\/uploads\/2025\/01\/PXL_20250109_153948063-scaled.jpg\"><img loading=\"lazy\" decoding=\"async\" width=\"771\" height=\"1024\" data-id=\"9266\" src=\"https:\/\/vadrouilles.xyz\/wp-content\/uploads\/2025\/01\/PXL_20250109_153948063-771x1024.jpg\" alt=\"\" class=\"wp-image-9266\" srcset=\"https:\/\/vadrouilles.xyz\/wp-content\/uploads\/2025\/01\/PXL_20250109_153948063-771x1024.jpg 771w, https:\/\/vadrouilles.xyz\/wp-content\/uploads\/2025\/01\/PXL_20250109_153948063-226x300.jpg 226w, https:\/\/vadrouilles.xyz\/wp-content\/uploads\/2025\/01\/PXL_20250109_153948063-768x1020.jpg 768w, https:\/\/vadrouilles.xyz\/wp-content\/uploads\/2025\/01\/PXL_20250109_153948063-1157x1536.jpg 1157w, https:\/\/vadrouilles.xyz\/wp-content\/uploads\/2025\/01\/PXL_20250109_153948063-1542x2048.jpg 1542w, https:\/\/vadrouilles.xyz\/wp-content\/uploads\/2025\/01\/PXL_20250109_153948063-scaled.jpg 1928w\" sizes=\"auto, (max-width: 771px) 100vw, 771px\" \/><\/a><\/figure>\n\n\n\n<figure class=\"wp-block-image size-large\"><a href=\"https:\/\/vadrouilles.xyz\/wp-content\/uploads\/2025\/01\/PXL_20250112_145131345-scaled.jpg\"><img loading=\"lazy\" decoding=\"async\" width=\"771\" height=\"1024\" data-id=\"9299\" src=\"https:\/\/vadrouilles.xyz\/wp-content\/uploads\/2025\/01\/PXL_20250112_145131345-771x1024.jpg\" alt=\"\" class=\"wp-image-9299\" srcset=\"https:\/\/vadrouilles.xyz\/wp-content\/uploads\/2025\/01\/PXL_20250112_145131345-771x1024.jpg 771w, https:\/\/vadrouilles.xyz\/wp-content\/uploads\/2025\/01\/PXL_20250112_145131345-226x300.jpg 226w, https:\/\/vadrouilles.xyz\/wp-content\/uploads\/2025\/01\/PXL_20250112_145131345-768x1020.jpg 768w, https:\/\/vadrouilles.xyz\/wp-content\/uploads\/2025\/01\/PXL_20250112_145131345-1157x1536.jpg 1157w, https:\/\/vadrouilles.xyz\/wp-content\/uploads\/2025\/01\/PXL_20250112_145131345-1542x2048.jpg 1542w, https:\/\/vadrouilles.xyz\/wp-content\/uploads\/2025\/01\/PXL_20250112_145131345-scaled.jpg 1928w\" sizes=\"auto, (max-width: 771px) 100vw, 771px\" \/><\/a><figcaption class=\"wp-element-caption\">Asuncion<\/figcaption><\/figure>\n\n\n\n<figure class=\"wp-block-image size-large\"><a href=\"https:\/\/vadrouilles.xyz\/wp-content\/uploads\/2025\/01\/PXL_20250112_191618735-scaled.jpg\"><img loading=\"lazy\" decoding=\"async\" width=\"771\" height=\"1024\" data-id=\"9313\" src=\"https:\/\/vadrouilles.xyz\/wp-content\/uploads\/2025\/01\/PXL_20250112_191618735-771x1024.jpg\" alt=\"\" class=\"wp-image-9313\" srcset=\"https:\/\/vadrouilles.xyz\/wp-content\/uploads\/2025\/01\/PXL_20250112_191618735-771x1024.jpg 771w, https:\/\/vadrouilles.xyz\/wp-content\/uploads\/2025\/01\/PXL_20250112_191618735-226x300.jpg 226w, https:\/\/vadrouilles.xyz\/wp-content\/uploads\/2025\/01\/PXL_20250112_191618735-768x1020.jpg 768w, https:\/\/vadrouilles.xyz\/wp-content\/uploads\/2025\/01\/PXL_20250112_191618735-1157x1536.jpg 1157w, https:\/\/vadrouilles.xyz\/wp-content\/uploads\/2025\/01\/PXL_20250112_191618735-1542x2048.jpg 1542w, https:\/\/vadrouilles.xyz\/wp-content\/uploads\/2025\/01\/PXL_20250112_191618735-scaled.jpg 1928w\" sizes=\"auto, (max-width: 771px) 100vw, 771px\" \/><\/a><\/figure>\n\n\n\n<figure class=\"wp-block-image size-large\"><a href=\"https:\/\/vadrouilles.xyz\/wp-content\/uploads\/2025\/01\/PXL_20250112_153754066-scaled.jpg\"><img loading=\"lazy\" decoding=\"async\" width=\"1024\" height=\"771\" data-id=\"9302\" src=\"https:\/\/vadrouilles.xyz\/wp-content\/uploads\/2025\/01\/PXL_20250112_153754066-1024x771.jpg\" alt=\"\" class=\"wp-image-9302\" srcset=\"https:\/\/vadrouilles.xyz\/wp-content\/uploads\/2025\/01\/PXL_20250112_153754066-1024x771.jpg 1024w, https:\/\/vadrouilles.xyz\/wp-content\/uploads\/2025\/01\/PXL_20250112_153754066-300x226.jpg 300w, https:\/\/vadrouilles.xyz\/wp-content\/uploads\/2025\/01\/PXL_20250112_153754066-768x578.jpg 768w, https:\/\/vadrouilles.xyz\/wp-content\/uploads\/2025\/01\/PXL_20250112_153754066-1536x1157.jpg 1536w, https:\/\/vadrouilles.xyz\/wp-content\/uploads\/2025\/01\/PXL_20250112_153754066-2048x1542.jpg 2048w\" sizes=\"auto, (max-width: 1024px) 100vw, 1024px\" \/><\/a><\/figure>\n\n\n\n<figure class=\"wp-block-image size-large\"><a href=\"https:\/\/vadrouilles.xyz\/wp-content\/uploads\/2025\/01\/PXL_20250113_150901194-scaled.jpg\"><img loading=\"lazy\" decoding=\"async\" width=\"1024\" height=\"771\" data-id=\"9323\" src=\"https:\/\/vadrouilles.xyz\/wp-content\/uploads\/2025\/01\/PXL_20250113_150901194-1024x771.jpg\" alt=\"\" class=\"wp-image-9323\" srcset=\"https:\/\/vadrouilles.xyz\/wp-content\/uploads\/2025\/01\/PXL_20250113_150901194-1024x771.jpg 1024w, https:\/\/vadrouilles.xyz\/wp-content\/uploads\/2025\/01\/PXL_20250113_150901194-300x226.jpg 300w, https:\/\/vadrouilles.xyz\/wp-content\/uploads\/2025\/01\/PXL_20250113_150901194-768x578.jpg 768w, https:\/\/vadrouilles.xyz\/wp-content\/uploads\/2025\/01\/PXL_20250113_150901194-1536x1157.jpg 1536w, https:\/\/vadrouilles.xyz\/wp-content\/uploads\/2025\/01\/PXL_20250113_150901194-2048x1542.jpg 2048w\" sizes=\"auto, (max-width: 1024px) 100vw, 1024px\" \/><\/a><\/figure>\n\n\n\n<figure class=\"wp-block-image size-large\"><a href=\"https:\/\/vadrouilles.xyz\/wp-content\/uploads\/2025\/01\/PXL_20250114_114510561-scaled.jpg\"><img loading=\"lazy\" decoding=\"async\" width=\"1024\" height=\"771\" data-id=\"9339\" src=\"https:\/\/vadrouilles.xyz\/wp-content\/uploads\/2025\/01\/PXL_20250114_114510561-1024x771.jpg\" alt=\"\" class=\"wp-image-9339\" srcset=\"https:\/\/vadrouilles.xyz\/wp-content\/uploads\/2025\/01\/PXL_20250114_114510561-1024x771.jpg 1024w, https:\/\/vadrouilles.xyz\/wp-content\/uploads\/2025\/01\/PXL_20250114_114510561-300x226.jpg 300w, https:\/\/vadrouilles.xyz\/wp-content\/uploads\/2025\/01\/PXL_20250114_114510561-768x578.jpg 768w, https:\/\/vadrouilles.xyz\/wp-content\/uploads\/2025\/01\/PXL_20250114_114510561-1536x1157.jpg 1536w, https:\/\/vadrouilles.xyz\/wp-content\/uploads\/2025\/01\/PXL_20250114_114510561-2048x1542.jpg 2048w\" sizes=\"auto, (max-width: 1024px) 100vw, 1024px\" \/><\/a><\/figure>\n\n\n\n<figure class=\"wp-block-image size-large\"><a href=\"https:\/\/vadrouilles.xyz\/wp-content\/uploads\/2025\/01\/PXL_20250114_161317300-scaled.jpg\"><img loading=\"lazy\" decoding=\"async\" width=\"1024\" height=\"771\" data-id=\"9343\" src=\"https:\/\/vadrouilles.xyz\/wp-content\/uploads\/2025\/01\/PXL_20250114_161317300-1024x771.jpg\" alt=\"\" class=\"wp-image-9343\" srcset=\"https:\/\/vadrouilles.xyz\/wp-content\/uploads\/2025\/01\/PXL_20250114_161317300-1024x771.jpg 1024w, https:\/\/vadrouilles.xyz\/wp-content\/uploads\/2025\/01\/PXL_20250114_161317300-300x226.jpg 300w, https:\/\/vadrouilles.xyz\/wp-content\/uploads\/2025\/01\/PXL_20250114_161317300-768x578.jpg 768w, https:\/\/vadrouilles.xyz\/wp-content\/uploads\/2025\/01\/PXL_20250114_161317300-1536x1157.jpg 1536w, https:\/\/vadrouilles.xyz\/wp-content\/uploads\/2025\/01\/PXL_20250114_161317300-2048x1542.jpg 2048w\" sizes=\"auto, (max-width: 1024px) 100vw, 1024px\" \/><\/a><figcaption class=\"wp-element-caption\">Cordill\u00e8re des Andes<\/figcaption><\/figure>\n<\/figure>\n","protected":false},"excerpt":{"rendered":"<p>Janvier 2025 Encarnacion : Petit ange parti trop vite \/ Missions, \u00e9pisode 2 Ascension : Combo histoire-g\u00e9o num\u00e9ro 101 \/ Le saviez-vous&nbsp;? (\u00c9pisode 11) \/&hellip;<\/p>\n","protected":false},"author":1,"featured_media":0,"parent":0,"menu_order":0,"comment_status":"closed","ping_status":"closed","template":"","meta":{"footnotes":""},"class_list":["post-13451","page","type-page","status-publish","hentry"],"_links":{"self":[{"href":"https:\/\/vadrouilles.xyz\/index.php?rest_route=\/wp\/v2\/pages\/13451","targetHints":{"allow":["GET"]}}],"collection":[{"href":"https:\/\/vadrouilles.xyz\/index.php?rest_route=\/wp\/v2\/pages"}],"about":[{"href":"https:\/\/vadrouilles.xyz\/index.php?rest_route=\/wp\/v2\/types\/page"}],"author":[{"embeddable":true,"href":"https:\/\/vadrouilles.xyz\/index.php?rest_route=\/wp\/v2\/users\/1"}],"replies":[{"embeddable":true,"href":"https:\/\/vadrouilles.xyz\/index.php?rest_route=%2Fwp%2Fv2%2Fcomments&post=13451"}],"version-history":[{"count":3,"href":"https:\/\/vadrouilles.xyz\/index.php?rest_route=\/wp\/v2\/pages\/13451\/revisions"}],"predecessor-version":[{"id":13672,"href":"https:\/\/vadrouilles.xyz\/index.php?rest_route=\/wp\/v2\/pages\/13451\/revisions\/13672"}],"wp:attachment":[{"href":"https:\/\/vadrouilles.xyz\/index.php?rest_route=%2Fwp%2Fv2%2Fmedia&parent=13451"}],"curies":[{"name":"wp","href":"https:\/\/api.w.org\/{rel}","templated":true}]}}