{"id":13446,"date":"2025-10-09T14:40:52","date_gmt":"2025-10-09T13:40:52","guid":{"rendered":"https:\/\/vadrouilles.xyz\/?page_id=13446"},"modified":"2025-10-15T21:50:59","modified_gmt":"2025-10-15T20:50:59","slug":"uruguay","status":"publish","type":"page","link":"https:\/\/vadrouilles.xyz\/?page_id=13446","title":{"rendered":"Uruguay"},"content":{"rendered":"\n<p><strong>D\u00e9cembre 2024<\/strong><\/p>\n\n\n\n<p>Colonia del Sacramento : <a href=\"https:\/\/vadrouilles.xyz\/?p=8658\" data-type=\"post\" data-id=\"8658\">De l\u2019autre c\u00f4t\u00e9 du rio<\/a><\/p>\n\n\n\n<p>Montevideo : <a href=\"https:\/\/vadrouilles.xyz\/?p=8693\" data-type=\"post\" data-id=\"8693\">Combo histoire-g\u00e9o num\u00e9ro\u2026 mince j\u2019ai perdu le fil\u2026 on va dire 100<\/a> \/ <a href=\"https:\/\/vadrouilles.xyz\/?p=8709\" data-type=\"post\" data-id=\"8709\">Une deuxi\u00e8me capitale dans la foul\u00e9e<\/a><\/p>\n\n\n\n<p>Punta del Este : <a href=\"https:\/\/vadrouilles.xyz\/?p=8742\" data-type=\"post\" data-id=\"8742\">Lega-legalizaci\u00f3n<\/a> \/ <a href=\"https:\/\/vadrouilles.xyz\/?p=8754\" data-type=\"post\" data-id=\"8754\">Le saviez-vous&nbsp;? (\u00c9pisode 9)<\/a> \/ <a href=\"https:\/\/vadrouilles.xyz\/?p=8768\" data-type=\"post\" data-id=\"8768\">Le Saint-Trop\u2019 de l\u2019h\u00e9misph\u00e8re sud<\/a> \/ <a href=\"https:\/\/vadrouilles.xyz\/?p=8776\" data-type=\"post\" data-id=\"8776\">Un premier bilan pour cette nouvelle saison<\/a><\/p>\n\n\n\n<figure class=\"wp-block-gallery has-nested-images columns-2 wp-block-gallery-1 is-layout-flex wp-block-gallery-is-layout-flex\">\n<figure class=\"wp-block-image size-full\"><a href=\"https:\/\/vadrouilles.xyz\/wp-content\/uploads\/2024\/12\/PXL_20241208_175229855-scaled.jpg\"><img loading=\"lazy\" decoding=\"async\" width=\"2560\" height=\"1928\" data-id=\"8662\" src=\"https:\/\/vadrouilles.xyz\/wp-content\/uploads\/2024\/12\/PXL_20241208_175229855-scaled.jpg\" alt=\"\" class=\"wp-image-8662\" srcset=\"https:\/\/vadrouilles.xyz\/wp-content\/uploads\/2024\/12\/PXL_20241208_175229855-scaled.jpg 2560w, https:\/\/vadrouilles.xyz\/wp-content\/uploads\/2024\/12\/PXL_20241208_175229855-300x226.jpg 300w, https:\/\/vadrouilles.xyz\/wp-content\/uploads\/2024\/12\/PXL_20241208_175229855-1024x771.jpg 1024w, https:\/\/vadrouilles.xyz\/wp-content\/uploads\/2024\/12\/PXL_20241208_175229855-768x578.jpg 768w, https:\/\/vadrouilles.xyz\/wp-content\/uploads\/2024\/12\/PXL_20241208_175229855-1536x1157.jpg 1536w, https:\/\/vadrouilles.xyz\/wp-content\/uploads\/2024\/12\/PXL_20241208_175229855-2048x1542.jpg 2048w\" sizes=\"auto, (max-width: 2560px) 100vw, 2560px\" \/><\/a><figcaption class=\"wp-element-caption\">Colonia del Sacramento<\/figcaption><\/figure>\n\n\n\n<figure class=\"wp-block-image size-full\"><a href=\"https:\/\/vadrouilles.xyz\/wp-content\/uploads\/2024\/12\/PXL_20241208_182923754-scaled.jpg\"><img loading=\"lazy\" decoding=\"async\" width=\"2560\" height=\"1928\" data-id=\"8668\" src=\"https:\/\/vadrouilles.xyz\/wp-content\/uploads\/2024\/12\/PXL_20241208_182923754-scaled.jpg\" alt=\"\" class=\"wp-image-8668\" srcset=\"https:\/\/vadrouilles.xyz\/wp-content\/uploads\/2024\/12\/PXL_20241208_182923754-scaled.jpg 2560w, https:\/\/vadrouilles.xyz\/wp-content\/uploads\/2024\/12\/PXL_20241208_182923754-300x226.jpg 300w, https:\/\/vadrouilles.xyz\/wp-content\/uploads\/2024\/12\/PXL_20241208_182923754-1024x771.jpg 1024w, https:\/\/vadrouilles.xyz\/wp-content\/uploads\/2024\/12\/PXL_20241208_182923754-768x578.jpg 768w, https:\/\/vadrouilles.xyz\/wp-content\/uploads\/2024\/12\/PXL_20241208_182923754-1536x1157.jpg 1536w, https:\/\/vadrouilles.xyz\/wp-content\/uploads\/2024\/12\/PXL_20241208_182923754-2048x1542.jpg 2048w\" sizes=\"auto, (max-width: 2560px) 100vw, 2560px\" \/><\/a><\/figure>\n\n\n\n<figure class=\"wp-block-image size-full\"><a href=\"https:\/\/vadrouilles.xyz\/wp-content\/uploads\/2024\/12\/PXL_20241208_180751460-scaled.jpg\"><img loading=\"lazy\" decoding=\"async\" width=\"1928\" height=\"2560\" data-id=\"8665\" src=\"https:\/\/vadrouilles.xyz\/wp-content\/uploads\/2024\/12\/PXL_20241208_180751460-scaled.jpg\" alt=\"\" class=\"wp-image-8665\" srcset=\"https:\/\/vadrouilles.xyz\/wp-content\/uploads\/2024\/12\/PXL_20241208_180751460-scaled.jpg 1928w, https:\/\/vadrouilles.xyz\/wp-content\/uploads\/2024\/12\/PXL_20241208_180751460-226x300.jpg 226w, https:\/\/vadrouilles.xyz\/wp-content\/uploads\/2024\/12\/PXL_20241208_180751460-771x1024.jpg 771w, https:\/\/vadrouilles.xyz\/wp-content\/uploads\/2024\/12\/PXL_20241208_180751460-768x1020.jpg 768w, https:\/\/vadrouilles.xyz\/wp-content\/uploads\/2024\/12\/PXL_20241208_180751460-1157x1536.jpg 1157w, https:\/\/vadrouilles.xyz\/wp-content\/uploads\/2024\/12\/PXL_20241208_180751460-1542x2048.jpg 1542w\" sizes=\"auto, (max-width: 1928px) 100vw, 1928px\" \/><\/a><\/figure>\n\n\n\n<figure class=\"wp-block-image size-full\"><a href=\"https:\/\/vadrouilles.xyz\/wp-content\/uploads\/2024\/12\/PXL_20241208_195112396-scaled.jpg\"><img loading=\"lazy\" decoding=\"async\" width=\"1928\" height=\"2560\" data-id=\"8677\" src=\"https:\/\/vadrouilles.xyz\/wp-content\/uploads\/2024\/12\/PXL_20241208_195112396-scaled.jpg\" alt=\"\" class=\"wp-image-8677\" srcset=\"https:\/\/vadrouilles.xyz\/wp-content\/uploads\/2024\/12\/PXL_20241208_195112396-scaled.jpg 1928w, https:\/\/vadrouilles.xyz\/wp-content\/uploads\/2024\/12\/PXL_20241208_195112396-226x300.jpg 226w, https:\/\/vadrouilles.xyz\/wp-content\/uploads\/2024\/12\/PXL_20241208_195112396-771x1024.jpg 771w, https:\/\/vadrouilles.xyz\/wp-content\/uploads\/2024\/12\/PXL_20241208_195112396-768x1020.jpg 768w, https:\/\/vadrouilles.xyz\/wp-content\/uploads\/2024\/12\/PXL_20241208_195112396-1157x1536.jpg 1157w, https:\/\/vadrouilles.xyz\/wp-content\/uploads\/2024\/12\/PXL_20241208_195112396-1542x2048.jpg 1542w\" sizes=\"auto, (max-width: 1928px) 100vw, 1928px\" \/><\/a><\/figure>\n\n\n\n<figure class=\"wp-block-image size-full\"><a href=\"https:\/\/vadrouilles.xyz\/wp-content\/uploads\/2024\/12\/PXL_20241208_200321724-scaled.jpg\"><img loading=\"lazy\" decoding=\"async\" width=\"2560\" height=\"1928\" data-id=\"8680\" src=\"https:\/\/vadrouilles.xyz\/wp-content\/uploads\/2024\/12\/PXL_20241208_200321724-scaled.jpg\" alt=\"\" class=\"wp-image-8680\" srcset=\"https:\/\/vadrouilles.xyz\/wp-content\/uploads\/2024\/12\/PXL_20241208_200321724-scaled.jpg 2560w, https:\/\/vadrouilles.xyz\/wp-content\/uploads\/2024\/12\/PXL_20241208_200321724-300x226.jpg 300w, https:\/\/vadrouilles.xyz\/wp-content\/uploads\/2024\/12\/PXL_20241208_200321724-1024x771.jpg 1024w, https:\/\/vadrouilles.xyz\/wp-content\/uploads\/2024\/12\/PXL_20241208_200321724-768x578.jpg 768w, https:\/\/vadrouilles.xyz\/wp-content\/uploads\/2024\/12\/PXL_20241208_200321724-1536x1157.jpg 1536w, https:\/\/vadrouilles.xyz\/wp-content\/uploads\/2024\/12\/PXL_20241208_200321724-2048x1542.jpg 2048w\" sizes=\"auto, (max-width: 2560px) 100vw, 2560px\" \/><\/a><\/figure>\n\n\n\n<figure class=\"wp-block-image size-full\"><a href=\"https:\/\/vadrouilles.xyz\/wp-content\/uploads\/2024\/12\/PXL_20241208_221427825-scaled.jpg\"><img loading=\"lazy\" decoding=\"async\" width=\"2560\" height=\"1928\" data-id=\"8686\" src=\"https:\/\/vadrouilles.xyz\/wp-content\/uploads\/2024\/12\/PXL_20241208_221427825-scaled.jpg\" alt=\"\" class=\"wp-image-8686\" srcset=\"https:\/\/vadrouilles.xyz\/wp-content\/uploads\/2024\/12\/PXL_20241208_221427825-scaled.jpg 2560w, https:\/\/vadrouilles.xyz\/wp-content\/uploads\/2024\/12\/PXL_20241208_221427825-300x226.jpg 300w, https:\/\/vadrouilles.xyz\/wp-content\/uploads\/2024\/12\/PXL_20241208_221427825-1024x771.jpg 1024w, https:\/\/vadrouilles.xyz\/wp-content\/uploads\/2024\/12\/PXL_20241208_221427825-768x578.jpg 768w, https:\/\/vadrouilles.xyz\/wp-content\/uploads\/2024\/12\/PXL_20241208_221427825-1536x1157.jpg 1536w, https:\/\/vadrouilles.xyz\/wp-content\/uploads\/2024\/12\/PXL_20241208_221427825-2048x1542.jpg 2048w\" sizes=\"auto, (max-width: 2560px) 100vw, 2560px\" \/><\/a><\/figure>\n\n\n\n<figure class=\"wp-block-image size-full\"><a href=\"https:\/\/vadrouilles.xyz\/wp-content\/uploads\/2024\/12\/PXL_20241209_191156287-scaled.jpg\"><img loading=\"lazy\" decoding=\"async\" width=\"1928\" height=\"2560\" data-id=\"8713\" src=\"https:\/\/vadrouilles.xyz\/wp-content\/uploads\/2024\/12\/PXL_20241209_191156287-scaled.jpg\" alt=\"\" class=\"wp-image-8713\" srcset=\"https:\/\/vadrouilles.xyz\/wp-content\/uploads\/2024\/12\/PXL_20241209_191156287-scaled.jpg 1928w, https:\/\/vadrouilles.xyz\/wp-content\/uploads\/2024\/12\/PXL_20241209_191156287-226x300.jpg 226w, https:\/\/vadrouilles.xyz\/wp-content\/uploads\/2024\/12\/PXL_20241209_191156287-771x1024.jpg 771w, https:\/\/vadrouilles.xyz\/wp-content\/uploads\/2024\/12\/PXL_20241209_191156287-768x1020.jpg 768w, https:\/\/vadrouilles.xyz\/wp-content\/uploads\/2024\/12\/PXL_20241209_191156287-1157x1536.jpg 1157w, https:\/\/vadrouilles.xyz\/wp-content\/uploads\/2024\/12\/PXL_20241209_191156287-1542x2048.jpg 1542w\" sizes=\"auto, (max-width: 1928px) 100vw, 1928px\" \/><\/a><figcaption class=\"wp-element-caption\">Montevideo<\/figcaption><\/figure>\n\n\n\n<figure class=\"wp-block-image size-full\"><a href=\"https:\/\/vadrouilles.xyz\/wp-content\/uploads\/2024\/12\/PXL_20241209_191450072-scaled.jpg\"><img loading=\"lazy\" decoding=\"async\" width=\"1928\" height=\"2560\" data-id=\"8714\" src=\"https:\/\/vadrouilles.xyz\/wp-content\/uploads\/2024\/12\/PXL_20241209_191450072-scaled.jpg\" alt=\"\" class=\"wp-image-8714\" srcset=\"https:\/\/vadrouilles.xyz\/wp-content\/uploads\/2024\/12\/PXL_20241209_191450072-scaled.jpg 1928w, https:\/\/vadrouilles.xyz\/wp-content\/uploads\/2024\/12\/PXL_20241209_191450072-226x300.jpg 226w, https:\/\/vadrouilles.xyz\/wp-content\/uploads\/2024\/12\/PXL_20241209_191450072-771x1024.jpg 771w, https:\/\/vadrouilles.xyz\/wp-content\/uploads\/2024\/12\/PXL_20241209_191450072-768x1020.jpg 768w, https:\/\/vadrouilles.xyz\/wp-content\/uploads\/2024\/12\/PXL_20241209_191450072-1157x1536.jpg 1157w, https:\/\/vadrouilles.xyz\/wp-content\/uploads\/2024\/12\/PXL_20241209_191450072-1542x2048.jpg 1542w\" sizes=\"auto, (max-width: 1928px) 100vw, 1928px\" \/><\/a><\/figure>\n\n\n\n<figure class=\"wp-block-image size-full\"><a href=\"https:\/\/vadrouilles.xyz\/wp-content\/uploads\/2024\/12\/PXL_20241210_161218306-scaled.jpg\"><img loading=\"lazy\" decoding=\"async\" width=\"1928\" height=\"2560\" data-id=\"8727\" src=\"https:\/\/vadrouilles.xyz\/wp-content\/uploads\/2024\/12\/PXL_20241210_161218306-scaled.jpg\" alt=\"\" class=\"wp-image-8727\" srcset=\"https:\/\/vadrouilles.xyz\/wp-content\/uploads\/2024\/12\/PXL_20241210_161218306-scaled.jpg 1928w, https:\/\/vadrouilles.xyz\/wp-content\/uploads\/2024\/12\/PXL_20241210_161218306-226x300.jpg 226w, https:\/\/vadrouilles.xyz\/wp-content\/uploads\/2024\/12\/PXL_20241210_161218306-771x1024.jpg 771w, https:\/\/vadrouilles.xyz\/wp-content\/uploads\/2024\/12\/PXL_20241210_161218306-768x1020.jpg 768w, https:\/\/vadrouilles.xyz\/wp-content\/uploads\/2024\/12\/PXL_20241210_161218306-1157x1536.jpg 1157w, https:\/\/vadrouilles.xyz\/wp-content\/uploads\/2024\/12\/PXL_20241210_161218306-1542x2048.jpg 1542w\" sizes=\"auto, (max-width: 1928px) 100vw, 1928px\" \/><\/a><\/figure>\n\n\n\n<figure class=\"wp-block-image size-full\"><a href=\"https:\/\/vadrouilles.xyz\/wp-content\/uploads\/2024\/12\/PXL_20241210_170447982-scaled.jpg\"><img loading=\"lazy\" decoding=\"async\" width=\"1928\" height=\"2560\" data-id=\"8730\" src=\"https:\/\/vadrouilles.xyz\/wp-content\/uploads\/2024\/12\/PXL_20241210_170447982-scaled.jpg\" alt=\"\" class=\"wp-image-8730\" srcset=\"https:\/\/vadrouilles.xyz\/wp-content\/uploads\/2024\/12\/PXL_20241210_170447982-scaled.jpg 1928w, https:\/\/vadrouilles.xyz\/wp-content\/uploads\/2024\/12\/PXL_20241210_170447982-226x300.jpg 226w, https:\/\/vadrouilles.xyz\/wp-content\/uploads\/2024\/12\/PXL_20241210_170447982-771x1024.jpg 771w, https:\/\/vadrouilles.xyz\/wp-content\/uploads\/2024\/12\/PXL_20241210_170447982-768x1020.jpg 768w, https:\/\/vadrouilles.xyz\/wp-content\/uploads\/2024\/12\/PXL_20241210_170447982-1157x1536.jpg 1157w, https:\/\/vadrouilles.xyz\/wp-content\/uploads\/2024\/12\/PXL_20241210_170447982-1542x2048.jpg 1542w\" sizes=\"auto, (max-width: 1928px) 100vw, 1928px\" \/><\/a><\/figure>\n\n\n\n<figure class=\"wp-block-image size-full\"><a href=\"https:\/\/vadrouilles.xyz\/wp-content\/uploads\/2024\/12\/PXL_20241209_215139382-scaled.jpg\"><img loading=\"lazy\" decoding=\"async\" width=\"1928\" height=\"2560\" data-id=\"8723\" src=\"https:\/\/vadrouilles.xyz\/wp-content\/uploads\/2024\/12\/PXL_20241209_215139382-scaled.jpg\" alt=\"\" class=\"wp-image-8723\" srcset=\"https:\/\/vadrouilles.xyz\/wp-content\/uploads\/2024\/12\/PXL_20241209_215139382-scaled.jpg 1928w, https:\/\/vadrouilles.xyz\/wp-content\/uploads\/2024\/12\/PXL_20241209_215139382-226x300.jpg 226w, https:\/\/vadrouilles.xyz\/wp-content\/uploads\/2024\/12\/PXL_20241209_215139382-771x1024.jpg 771w, https:\/\/vadrouilles.xyz\/wp-content\/uploads\/2024\/12\/PXL_20241209_215139382-768x1020.jpg 768w, https:\/\/vadrouilles.xyz\/wp-content\/uploads\/2024\/12\/PXL_20241209_215139382-1157x1536.jpg 1157w, https:\/\/vadrouilles.xyz\/wp-content\/uploads\/2024\/12\/PXL_20241209_215139382-1542x2048.jpg 1542w\" sizes=\"auto, (max-width: 1928px) 100vw, 1928px\" \/><\/a><\/figure>\n\n\n\n<figure class=\"wp-block-image size-full\"><a href=\"https:\/\/vadrouilles.xyz\/wp-content\/uploads\/2024\/12\/PXL_20241210_174625805-scaled.jpg\"><img loading=\"lazy\" decoding=\"async\" width=\"1928\" height=\"2560\" data-id=\"8734\" src=\"https:\/\/vadrouilles.xyz\/wp-content\/uploads\/2024\/12\/PXL_20241210_174625805-scaled.jpg\" alt=\"\" class=\"wp-image-8734\" srcset=\"https:\/\/vadrouilles.xyz\/wp-content\/uploads\/2024\/12\/PXL_20241210_174625805-scaled.jpg 1928w, https:\/\/vadrouilles.xyz\/wp-content\/uploads\/2024\/12\/PXL_20241210_174625805-226x300.jpg 226w, https:\/\/vadrouilles.xyz\/wp-content\/uploads\/2024\/12\/PXL_20241210_174625805-771x1024.jpg 771w, https:\/\/vadrouilles.xyz\/wp-content\/uploads\/2024\/12\/PXL_20241210_174625805-768x1020.jpg 768w, https:\/\/vadrouilles.xyz\/wp-content\/uploads\/2024\/12\/PXL_20241210_174625805-1157x1536.jpg 1157w, https:\/\/vadrouilles.xyz\/wp-content\/uploads\/2024\/12\/PXL_20241210_174625805-1542x2048.jpg 1542w\" sizes=\"auto, (max-width: 1928px) 100vw, 1928px\" \/><\/a><\/figure>\n\n\n\n<figure class=\"wp-block-image size-full\"><a href=\"https:\/\/vadrouilles.xyz\/wp-content\/uploads\/2024\/12\/PXL_20241211_200714188-scaled.jpg\"><img loading=\"lazy\" decoding=\"async\" width=\"2560\" height=\"1928\" data-id=\"8743\" src=\"https:\/\/vadrouilles.xyz\/wp-content\/uploads\/2024\/12\/PXL_20241211_200714188-scaled.jpg\" alt=\"\" class=\"wp-image-8743\" srcset=\"https:\/\/vadrouilles.xyz\/wp-content\/uploads\/2024\/12\/PXL_20241211_200714188-scaled.jpg 2560w, https:\/\/vadrouilles.xyz\/wp-content\/uploads\/2024\/12\/PXL_20241211_200714188-300x226.jpg 300w, https:\/\/vadrouilles.xyz\/wp-content\/uploads\/2024\/12\/PXL_20241211_200714188-1024x771.jpg 1024w, https:\/\/vadrouilles.xyz\/wp-content\/uploads\/2024\/12\/PXL_20241211_200714188-768x578.jpg 768w, https:\/\/vadrouilles.xyz\/wp-content\/uploads\/2024\/12\/PXL_20241211_200714188-1536x1157.jpg 1536w, https:\/\/vadrouilles.xyz\/wp-content\/uploads\/2024\/12\/PXL_20241211_200714188-2048x1542.jpg 2048w\" sizes=\"auto, (max-width: 2560px) 100vw, 2560px\" \/><\/a><figcaption class=\"wp-element-caption\">Punta del Este<\/figcaption><\/figure>\n\n\n\n<figure class=\"wp-block-image size-full\"><a href=\"https:\/\/vadrouilles.xyz\/wp-content\/uploads\/2024\/12\/PXL_20241211_203030411-scaled.jpg\"><img loading=\"lazy\" decoding=\"async\" width=\"2560\" height=\"1928\" data-id=\"8745\" src=\"https:\/\/vadrouilles.xyz\/wp-content\/uploads\/2024\/12\/PXL_20241211_203030411-scaled.jpg\" alt=\"\" class=\"wp-image-8745\" srcset=\"https:\/\/vadrouilles.xyz\/wp-content\/uploads\/2024\/12\/PXL_20241211_203030411-scaled.jpg 2560w, https:\/\/vadrouilles.xyz\/wp-content\/uploads\/2024\/12\/PXL_20241211_203030411-300x226.jpg 300w, https:\/\/vadrouilles.xyz\/wp-content\/uploads\/2024\/12\/PXL_20241211_203030411-1024x771.jpg 1024w, https:\/\/vadrouilles.xyz\/wp-content\/uploads\/2024\/12\/PXL_20241211_203030411-768x578.jpg 768w, https:\/\/vadrouilles.xyz\/wp-content\/uploads\/2024\/12\/PXL_20241211_203030411-1536x1157.jpg 1536w, https:\/\/vadrouilles.xyz\/wp-content\/uploads\/2024\/12\/PXL_20241211_203030411-2048x1542.jpg 2048w\" sizes=\"auto, (max-width: 2560px) 100vw, 2560px\" \/><\/a><\/figure>\n\n\n\n<figure class=\"wp-block-image size-full\"><a href=\"https:\/\/vadrouilles.xyz\/wp-content\/uploads\/2024\/12\/PXL_20241212_194409851-scaled.jpg\"><img loading=\"lazy\" decoding=\"async\" width=\"2560\" height=\"1928\" data-id=\"8761\" src=\"https:\/\/vadrouilles.xyz\/wp-content\/uploads\/2024\/12\/PXL_20241212_194409851-scaled.jpg\" alt=\"\" class=\"wp-image-8761\" srcset=\"https:\/\/vadrouilles.xyz\/wp-content\/uploads\/2024\/12\/PXL_20241212_194409851-scaled.jpg 2560w, https:\/\/vadrouilles.xyz\/wp-content\/uploads\/2024\/12\/PXL_20241212_194409851-300x226.jpg 300w, https:\/\/vadrouilles.xyz\/wp-content\/uploads\/2024\/12\/PXL_20241212_194409851-1024x771.jpg 1024w, https:\/\/vadrouilles.xyz\/wp-content\/uploads\/2024\/12\/PXL_20241212_194409851-768x578.jpg 768w, https:\/\/vadrouilles.xyz\/wp-content\/uploads\/2024\/12\/PXL_20241212_194409851-1536x1157.jpg 1536w, https:\/\/vadrouilles.xyz\/wp-content\/uploads\/2024\/12\/PXL_20241212_194409851-2048x1542.jpg 2048w\" sizes=\"auto, (max-width: 2560px) 100vw, 2560px\" \/><\/a><\/figure>\n\n\n\n<figure class=\"wp-block-image size-full\"><a href=\"https:\/\/vadrouilles.xyz\/wp-content\/uploads\/2024\/12\/PXL_20241211_220703756-scaled.jpg\"><img loading=\"lazy\" decoding=\"async\" width=\"2560\" height=\"1928\" data-id=\"8751\" src=\"https:\/\/vadrouilles.xyz\/wp-content\/uploads\/2024\/12\/PXL_20241211_220703756-scaled.jpg\" alt=\"\" class=\"wp-image-8751\" srcset=\"https:\/\/vadrouilles.xyz\/wp-content\/uploads\/2024\/12\/PXL_20241211_220703756-scaled.jpg 2560w, https:\/\/vadrouilles.xyz\/wp-content\/uploads\/2024\/12\/PXL_20241211_220703756-300x226.jpg 300w, https:\/\/vadrouilles.xyz\/wp-content\/uploads\/2024\/12\/PXL_20241211_220703756-1024x771.jpg 1024w, https:\/\/vadrouilles.xyz\/wp-content\/uploads\/2024\/12\/PXL_20241211_220703756-768x578.jpg 768w, https:\/\/vadrouilles.xyz\/wp-content\/uploads\/2024\/12\/PXL_20241211_220703756-1536x1157.jpg 1536w, https:\/\/vadrouilles.xyz\/wp-content\/uploads\/2024\/12\/PXL_20241211_220703756-2048x1542.jpg 2048w\" sizes=\"auto, (max-width: 2560px) 100vw, 2560px\" \/><\/a><\/figure>\n\n\n\n<figure class=\"wp-block-image size-full\"><a href=\"https:\/\/vadrouilles.xyz\/wp-content\/uploads\/2024\/12\/PXL_20241212_203222801-scaled.jpg\"><img loading=\"lazy\" decoding=\"async\" width=\"2560\" height=\"1928\" data-id=\"8764\" src=\"https:\/\/vadrouilles.xyz\/wp-content\/uploads\/2024\/12\/PXL_20241212_203222801-scaled.jpg\" alt=\"\" class=\"wp-image-8764\" srcset=\"https:\/\/vadrouilles.xyz\/wp-content\/uploads\/2024\/12\/PXL_20241212_203222801-scaled.jpg 2560w, https:\/\/vadrouilles.xyz\/wp-content\/uploads\/2024\/12\/PXL_20241212_203222801-300x226.jpg 300w, https:\/\/vadrouilles.xyz\/wp-content\/uploads\/2024\/12\/PXL_20241212_203222801-1024x771.jpg 1024w, https:\/\/vadrouilles.xyz\/wp-content\/uploads\/2024\/12\/PXL_20241212_203222801-768x578.jpg 768w, https:\/\/vadrouilles.xyz\/wp-content\/uploads\/2024\/12\/PXL_20241212_203222801-1536x1157.jpg 1536w, https:\/\/vadrouilles.xyz\/wp-content\/uploads\/2024\/12\/PXL_20241212_203222801-2048x1542.jpg 2048w\" sizes=\"auto, (max-width: 2560px) 100vw, 2560px\" \/><\/a><\/figure>\n\n\n\n<figure class=\"wp-block-image size-full\"><a href=\"https:\/\/vadrouilles.xyz\/wp-content\/uploads\/2024\/12\/PXL_20241214_224417630-scaled.jpg\"><img loading=\"lazy\" decoding=\"async\" width=\"2560\" height=\"1928\" data-id=\"8784\" src=\"https:\/\/vadrouilles.xyz\/wp-content\/uploads\/2024\/12\/PXL_20241214_224417630-scaled.jpg\" alt=\"\" class=\"wp-image-8784\" srcset=\"https:\/\/vadrouilles.xyz\/wp-content\/uploads\/2024\/12\/PXL_20241214_224417630-scaled.jpg 2560w, https:\/\/vadrouilles.xyz\/wp-content\/uploads\/2024\/12\/PXL_20241214_224417630-300x226.jpg 300w, https:\/\/vadrouilles.xyz\/wp-content\/uploads\/2024\/12\/PXL_20241214_224417630-1024x771.jpg 1024w, https:\/\/vadrouilles.xyz\/wp-content\/uploads\/2024\/12\/PXL_20241214_224417630-768x578.jpg 768w, https:\/\/vadrouilles.xyz\/wp-content\/uploads\/2024\/12\/PXL_20241214_224417630-1536x1157.jpg 1536w, https:\/\/vadrouilles.xyz\/wp-content\/uploads\/2024\/12\/PXL_20241214_224417630-2048x1542.jpg 2048w\" sizes=\"auto, (max-width: 2560px) 100vw, 2560px\" \/><\/a><\/figure>\n\n\n\n<figure class=\"wp-block-image size-full\"><a href=\"https:\/\/vadrouilles.xyz\/wp-content\/uploads\/2024\/12\/PXL_20241213_171343368-scaled.jpg\"><img loading=\"lazy\" decoding=\"async\" width=\"1928\" height=\"2560\" data-id=\"8769\" src=\"https:\/\/vadrouilles.xyz\/wp-content\/uploads\/2024\/12\/PXL_20241213_171343368-scaled.jpg\" alt=\"\" class=\"wp-image-8769\" srcset=\"https:\/\/vadrouilles.xyz\/wp-content\/uploads\/2024\/12\/PXL_20241213_171343368-scaled.jpg 1928w, https:\/\/vadrouilles.xyz\/wp-content\/uploads\/2024\/12\/PXL_20241213_171343368-226x300.jpg 226w, https:\/\/vadrouilles.xyz\/wp-content\/uploads\/2024\/12\/PXL_20241213_171343368-771x1024.jpg 771w, https:\/\/vadrouilles.xyz\/wp-content\/uploads\/2024\/12\/PXL_20241213_171343368-768x1020.jpg 768w, https:\/\/vadrouilles.xyz\/wp-content\/uploads\/2024\/12\/PXL_20241213_171343368-1157x1536.jpg 1157w, https:\/\/vadrouilles.xyz\/wp-content\/uploads\/2024\/12\/PXL_20241213_171343368-1542x2048.jpg 1542w\" sizes=\"auto, (max-width: 1928px) 100vw, 1928px\" \/><\/a><\/figure>\n<\/figure>\n","protected":false},"excerpt":{"rendered":"<p>D\u00e9cembre 2024 Colonia del Sacramento : De l\u2019autre c\u00f4t\u00e9 du rio Montevideo : Combo histoire-g\u00e9o num\u00e9ro\u2026 mince j\u2019ai perdu le fil\u2026 on va dire 100&hellip;<\/p>\n","protected":false},"author":1,"featured_media":0,"parent":0,"menu_order":0,"comment_status":"closed","ping_status":"closed","template":"","meta":{"footnotes":""},"class_list":["post-13446","page","type-page","status-publish","hentry"],"_links":{"self":[{"href":"https:\/\/vadrouilles.xyz\/index.php?rest_route=\/wp\/v2\/pages\/13446","targetHints":{"allow":["GET"]}}],"collection":[{"href":"https:\/\/vadrouilles.xyz\/index.php?rest_route=\/wp\/v2\/pages"}],"about":[{"href":"https:\/\/vadrouilles.xyz\/index.php?rest_route=\/wp\/v2\/types\/page"}],"author":[{"embeddable":true,"href":"https:\/\/vadrouilles.xyz\/index.php?rest_route=\/wp\/v2\/users\/1"}],"replies":[{"embeddable":true,"href":"https:\/\/vadrouilles.xyz\/index.php?rest_route=%2Fwp%2Fv2%2Fcomments&post=13446"}],"version-history":[{"count":4,"href":"https:\/\/vadrouilles.xyz\/index.php?rest_route=\/wp\/v2\/pages\/13446\/revisions"}],"predecessor-version":[{"id":13691,"href":"https:\/\/vadrouilles.xyz\/index.php?rest_route=\/wp\/v2\/pages\/13446\/revisions\/13691"}],"wp:attachment":[{"href":"https:\/\/vadrouilles.xyz\/index.php?rest_route=%2Fwp%2Fv2%2Fmedia&parent=13446"}],"curies":[{"name":"wp","href":"https:\/\/api.w.org\/{rel}","templated":true}]}}